{"id":4107,"date":"2025-08-07T12:37:05","date_gmt":"2025-08-07T10:37:05","guid":{"rendered":"http:\/\/abcosmetique.com\/?page_id=4107"},"modified":"2025-09-12T16:36:54","modified_gmt":"2025-09-12T14:36:54","slug":"plan-du-site","status":"publish","type":"page","link":"https:\/\/abcosmetique.com\/en\/plan-du-site\/","title":{"rendered":"Site map"},"content":{"rendered":"<div data-elementor-type=\"wp-page\" data-elementor-id=\"4107\" class=\"elementor elementor-4107\" data-elementor-post-type=\"page\">\n\t\t\t\t<div class=\"elementor-element elementor-element-3adf2c5 e-flex e-con-boxed e-con e-parent\" data-id=\"3adf2c5\" data-element_type=\"container\" data-e-type=\"container\">\n\t\t\t\t\t<div class=\"e-con-inner\">\n\t\t\t\t<div class=\"elementor-element elementor-element-b3114f4 elementor-widget elementor-widget-sitemap\" data-id=\"b3114f4\" data-element_type=\"widget\" data-e-type=\"widget\" data-widget_type=\"sitemap.default\">\n\t\t\t\t\t<div class=\"elementor-sitemap-wrap\"><div class=\"elementor-sitemap-section\"><h2 class=\"elementor-sitemap-title elementor-sitemap-page-title\">Pages<\/h2><ul class=\"elementor-sitemap-list elementor-sitemap-page-list\"><li class=\"elementor-sitemap-item elementor-sitemap-item-page page_item page-item-2000\"><a href=\"https:\/\/abcosmetique.com\/en\/marques-accessoires-beaute\/\">Accessories<\/a><\/li><li class=\"elementor-sitemap-item elementor-sitemap-item-page page_item page-item-3758\"><a href=\"https:\/\/abcosmetique.com\/en\/\">Home<\/a><\/li><li class=\"elementor-sitemap-item elementor-sitemap-item-page page_item page-item-5302\"><a href=\"https:\/\/abcosmetique.com\/en\/contact\/\">Contact<\/a><\/li><li class=\"elementor-sitemap-item elementor-sitemap-item-page page_item page-item-2006\"><a href=\"https:\/\/abcosmetique.com\/en\/cosmetiques\/\">Cosmetics<\/a><\/li><li class=\"elementor-sitemap-item elementor-sitemap-item-page page_item page-item-1460\"><a href=\"https:\/\/abcosmetique.com\/en\/pem\/\">Electro-beauty<\/a><\/li><li class=\"elementor-sitemap-item elementor-sitemap-item-page page_item page-item-1619\"><a href=\"https:\/\/abcosmetique.com\/en\/histoire\/\">History<\/a><\/li><li class=\"elementor-sitemap-item elementor-sitemap-item-page page_item page-item-1625\"><a href=\"https:\/\/abcosmetique.com\/en\/linternational\/\">International<\/a><\/li><li class=\"elementor-sitemap-item elementor-sitemap-item-page page_item page-item-1631\"><a href=\"https:\/\/abcosmetique.com\/en\/les-actualites\/\">The news<\/a><\/li><li class=\"elementor-sitemap-item elementor-sitemap-item-page page_item page-item-325\"><a href=\"https:\/\/abcosmetique.com\/en\/marques\/\">Brands<\/a><ul class='children'><li class=\"elementor-sitemap-item elementor-sitemap-item-page page_item page-item-1641\"><a href=\"https:\/\/abcosmetique.com\/en\/marques\/apoteke\/\">Apoteke<\/a><\/li><li class=\"elementor-sitemap-item elementor-sitemap-item-page page_item page-item-1649\"><a href=\"https:\/\/abcosmetique.com\/en\/marques\/barbie\/\">Barbie<\/a><\/li><li class=\"elementor-sitemap-item elementor-sitemap-item-page page_item page-item-1643\"><a href=\"https:\/\/abcosmetique.com\/en\/marques\/beauty-in-the-air\/\">Beauty in the air<\/a><\/li><li class=\"elementor-sitemap-item elementor-sitemap-item-page page_item page-item-1637\"><a href=\"https:\/\/abcosmetique.com\/en\/marques\/demeliss\/\">Demeliss<\/a><\/li><li class=\"elementor-sitemap-item elementor-sitemap-item-page page_item page-item-1272\"><a href=\"https:\/\/abcosmetique.com\/en\/marques\/disney\/\">Disney<\/a><\/li><li class=\"elementor-sitemap-item elementor-sitemap-item-page page_item page-item-179\"><a href=\"https:\/\/abcosmetique.com\/en\/marques\/franck-provost\/\">Franck Provost<\/a><\/li><li class=\"elementor-sitemap-item elementor-sitemap-item-page page_item page-item-1645\"><a href=\"https:\/\/abcosmetique.com\/en\/marques\/harry-potter\/\">Harry Potter<\/a><\/li><li class=\"elementor-sitemap-item elementor-sitemap-item-page page_item page-item-1661\"><a href=\"https:\/\/abcosmetique.com\/en\/marques\/hello-kitty\/\">Hello Kitty<\/a><\/li><li class=\"elementor-sitemap-item elementor-sitemap-item-page page_item page-item-1655\"><a href=\"https:\/\/abcosmetique.com\/en\/marques\/hq\/\">HQ<\/a><\/li><li class=\"elementor-sitemap-item elementor-sitemap-item-page page_item page-item-1633\"><a href=\"https:\/\/abcosmetique.com\/en\/marques\/jean-louis-david\/\">Jean Louis David<\/a><\/li><li class=\"elementor-sitemap-item elementor-sitemap-item-page page_item page-item-1651\"><a href=\"https:\/\/abcosmetique.com\/en\/marques\/latelier\/\">The workshop<\/a><\/li><li class=\"elementor-sitemap-item elementor-sitemap-item-page page_item page-item-1663\"><a href=\"https:\/\/abcosmetique.com\/en\/marques\/marvel\/\">Marvel<\/a><\/li><li class=\"elementor-sitemap-item elementor-sitemap-item-page page_item page-item-1647\"><a href=\"https:\/\/abcosmetique.com\/en\/marques\/mb-milano\/\">MB Milano<\/a><\/li><li class=\"elementor-sitemap-item elementor-sitemap-item-page page_item page-item-1635\"><a href=\"https:\/\/abcosmetique.com\/en\/marques\/princesse-lili\/\">Princesse Lili<\/a><\/li><li class=\"elementor-sitemap-item elementor-sitemap-item-page page_item page-item-1659\"><a href=\"https:\/\/abcosmetique.com\/en\/marques\/puericulture\/\">Baby care<\/a><\/li><li class=\"elementor-sitemap-item elementor-sitemap-item-page page_item page-item-1653\"><a href=\"https:\/\/abcosmetique.com\/en\/marques\/shoes-xpert\/\">Shoes xpert<\/a><\/li><li class=\"elementor-sitemap-item elementor-sitemap-item-page page_item page-item-1665\"><a href=\"https:\/\/abcosmetique.com\/en\/marques\/sneakers-angels\/\">Sneakers Angels<\/a><\/li><li class=\"elementor-sitemap-item elementor-sitemap-item-page page_item page-item-1639\"><a href=\"https:\/\/abcosmetique.com\/en\/marques\/the-barbxpert\/\">The Barb'xpert<\/a><\/li><li class=\"elementor-sitemap-item elementor-sitemap-item-page page_item page-item-1657\"><a href=\"https:\/\/abcosmetique.com\/en\/marques\/ushuaia\/\">Ushuaia<\/a><\/li><\/ul><\/li><li class=\"elementor-sitemap-item elementor-sitemap-item-page page_item page-item-893\"><a href=\"https:\/\/abcosmetique.com\/en\/mention-legale\/\">Legal notice<\/a><\/li><li class=\"elementor-sitemap-item elementor-sitemap-item-page page_item page-item-2002\"><a href=\"https:\/\/abcosmetique.com\/en\/mercerie-chaussant\/\">Haberdashery-Chaussant<\/a><\/li><li class=\"elementor-sitemap-item elementor-sitemap-item-page page_item page-item-1627\"><a href=\"https:\/\/abcosmetique.com\/en\/nos-engagements\/\">Our commitments<\/a><\/li><li class=\"elementor-sitemap-item elementor-sitemap-item-page page_item page-item-2004\"><a href=\"https:\/\/abcosmetique.com\/en\/pharmacie\/\">Pharmacy<\/a><\/li><li class=\"elementor-sitemap-item elementor-sitemap-item-page page_item page-item-4107\"><a href=\"https:\/\/abcosmetique.com\/en\/plan-du-site\/\">Site map<\/a><\/li><li class=\"elementor-sitemap-item elementor-sitemap-item-page page_item page-item-898\"><a href=\"https:\/\/abcosmetique.com\/en\/politique-de-confidentialite-2\/\">Privacy policy<\/a><\/li><li class=\"elementor-sitemap-item elementor-sitemap-item-page page_item page-item-7882\"><a href=\"https:\/\/abcosmetique.com\/en\/politique-de-cookies-ue\/\">Cookie policy (EU)<\/a><\/li><li class=\"elementor-sitemap-item elementor-sitemap-item-page page_item page-item-1623\"><a href=\"https:\/\/abcosmetique.com\/en\/savoir-faire\/\">Know-how<\/a><\/li><li class=\"elementor-sitemap-item elementor-sitemap-item-page page_item page-item-1621\"><a href=\"https:\/\/abcosmetique.com\/en\/valeurs\/\">Values<\/a><\/li><\/ul><\/div><div class=\"elementor-sitemap-section\"><h2 class=\"elementor-sitemap-title elementor-sitemap-post-title\">Posts<\/h2><ul class=\"elementor-sitemap-list elementor-sitemap-post-list\"><li class=\"elementor-sitemap-item elementor-sitemap-item-post page_item page-item-7966\"><a href=\"https:\/\/abcosmetique.com\/en\/medaille-ecovadis\/\">EcoVadis Medal<\/a><\/li><li class=\"elementor-sitemap-item elementor-sitemap-item-post page_item page-item-6115\"><a href=\"https:\/\/abcosmetique.com\/en\/hello-kitty\/\">Hello Kitty<\/a><\/li><li class=\"elementor-sitemap-item elementor-sitemap-item-post page_item page-item-3154\"><a href=\"https:\/\/abcosmetique.com\/en\/partenariat-leo\/\">Leo partnership<\/a><\/li><li class=\"elementor-sitemap-item elementor-sitemap-item-post page_item page-item-315\"><a href=\"https:\/\/abcosmetique.com\/en\/elementor-315\/\">Ushua\u00efa<\/a><\/li><\/ul><\/div><\/div>\t\t\t\t<\/div>\n\t\t\t\t\t<\/div>\n\t\t\t\t<\/div>\n\t\t\t\t<\/div>","protected":false},"excerpt":{"rendered":"","protected":false},"author":1,"featured_media":0,"parent":0,"menu_order":0,"comment_status":"closed","ping_status":"closed","template":"elementor_header_footer","meta":{"footnotes":""},"class_list":["post-4107","page","type-page","status-publish","hentry"],"yoast_head":"<!-- This site is optimized with the Yoast SEO plugin v26.4 - https:\/\/yoast.com\/wordpress\/plugins\/seo\/ -->\n<title>Abcosmetique - Plan du site<\/title>\n<meta name=\"description\" content=\"Consultez le plan du site ABC Distribution pour acc\u00e9der facilement \u00e0 toutes nos pages : Disney, Barbie, Franck Provost, Marvel, Hello Kitty...\" \/>\n<meta name=\"robots\" content=\"index, follow, max-snippet:-1, max-image-preview:large, max-video-preview:-1\" \/>\n<link rel=\"canonical\" href=\"https:\/\/abcosmetique.com\/en\/plan-du-site\/\" \/>\n<meta property=\"og:locale\" content=\"en_US\" \/>\n<meta property=\"og:type\" content=\"article\" \/>\n<meta property=\"og:title\" content=\"Abcosmetique - Plan du site\" \/>\n<meta property=\"og:description\" content=\"Consultez le plan du site ABC Distribution pour acc\u00e9der facilement \u00e0 toutes nos pages : Disney, Barbie, Franck Provost, Marvel, Hello Kitty...\" \/>\n<meta property=\"og:url\" content=\"https:\/\/abcosmetique.com\/en\/plan-du-site\/\" \/>\n<meta property=\"og:site_name\" content=\"Abcosmetique\" \/>\n<meta property=\"article:modified_time\" content=\"2025-09-12T14:36:54+00:00\" \/>\n<meta name=\"twitter:card\" content=\"summary_large_image\" \/>\n<script type=\"application\/ld+json\" class=\"yoast-schema-graph\">{\"@context\":\"https:\/\/schema.org\",\"@graph\":[{\"@type\":\"WebPage\",\"@id\":\"https:\/\/abcosmetique.com\/plan-du-site\/\",\"url\":\"https:\/\/abcosmetique.com\/plan-du-site\/\",\"name\":\"Abcosmetique - Plan du site\",\"isPartOf\":{\"@id\":\"https:\/\/abcosmetique.com\/#website\"},\"datePublished\":\"2025-08-07T10:37:05+00:00\",\"dateModified\":\"2025-09-12T14:36:54+00:00\",\"description\":\"Consultez le plan du site ABC Distribution pour acc\u00e9der facilement \u00e0 toutes nos pages : Disney, Barbie, Franck Provost, Marvel, Hello Kitty...\",\"breadcrumb\":{\"@id\":\"https:\/\/abcosmetique.com\/plan-du-site\/#breadcrumb\"},\"inLanguage\":\"en-US\",\"potentialAction\":[{\"@type\":\"ReadAction\",\"target\":[\"https:\/\/abcosmetique.com\/plan-du-site\/\"]}]},{\"@type\":\"BreadcrumbList\",\"@id\":\"https:\/\/abcosmetique.com\/plan-du-site\/#breadcrumb\",\"itemListElement\":[{\"@type\":\"ListItem\",\"position\":1,\"name\":\"Accueil\",\"item\":\"https:\/\/abcosmetique.com\/\"},{\"@type\":\"ListItem\",\"position\":2,\"name\":\"Plan du site\"}]},{\"@type\":\"WebSite\",\"@id\":\"https:\/\/abcosmetique.com\/#website\",\"url\":\"https:\/\/abcosmetique.com\/\",\"name\":\"Abcosmetique\",\"description\":\"A travers nos marques de renomm\u00e9es internationales, ABC Distribution s&#039;engage depuis plus de 20 ans \u00e0 offrir un service et une exp\u00e9rience uniques \u00e0 nos consommateurs et \u00e0 nos partenaires. Fort de son expertise de la conception et gestion de gammes longues, ABC Distribution allie son savoir-faire logistique adapt\u00e9 aux besoins des grandes enseignes au service de proximit\u00e9 de notre force de vente en magasins.\",\"publisher\":{\"@id\":\"https:\/\/abcosmetique.com\/#organization\"},\"potentialAction\":[{\"@type\":\"SearchAction\",\"target\":{\"@type\":\"EntryPoint\",\"urlTemplate\":\"https:\/\/abcosmetique.com\/?s={search_term_string}\"},\"query-input\":{\"@type\":\"PropertyValueSpecification\",\"valueRequired\":true,\"valueName\":\"search_term_string\"}}],\"inLanguage\":\"en-US\"},{\"@type\":\"Organization\",\"@id\":\"https:\/\/abcosmetique.com\/#organization\",\"name\":\"Abcosmetique\",\"url\":\"https:\/\/abcosmetique.com\/\",\"logo\":{\"@type\":\"ImageObject\",\"inLanguage\":\"en-US\",\"@id\":\"https:\/\/abcosmetique.com\/#\/schema\/logo\/image\/\",\"url\":\"https:\/\/abcosmetique.com\/wp-content\/uploads\/2025\/07\/abc-logo.jpg\",\"contentUrl\":\"https:\/\/abcosmetique.com\/wp-content\/uploads\/2025\/07\/abc-logo.jpg\",\"width\":2362,\"height\":2361,\"caption\":\"Abcosmetique\"},\"image\":{\"@id\":\"https:\/\/abcosmetique.com\/#\/schema\/logo\/image\/\"},\"sameAs\":[\"https:\/\/fr.linkedin.com\/company\/abc-distribution\"]}]}<\/script>\n<!-- \/ Yoast SEO plugin. -->","yoast_head_json":{"title":"Abcosmetique - Plan du site","description":"Consultez le plan du site ABC Distribution pour acc\u00e9der facilement \u00e0 toutes nos pages : Disney, Barbie, Franck Provost, Marvel, Hello Kitty...","robots":{"index":"index","follow":"follow","max-snippet":"max-snippet:-1","max-image-preview":"max-image-preview:large","max-video-preview":"max-video-preview:-1"},"canonical":"https:\/\/abcosmetique.com\/en\/plan-du-site\/","og_locale":"en_US","og_type":"article","og_title":"Abcosmetique - Plan du site","og_description":"Consultez le plan du site ABC Distribution pour acc\u00e9der facilement \u00e0 toutes nos pages : Disney, Barbie, Franck Provost, Marvel, Hello Kitty...","og_url":"https:\/\/abcosmetique.com\/en\/plan-du-site\/","og_site_name":"Abcosmetique","article_modified_time":"2025-09-12T14:36:54+00:00","twitter_card":"summary_large_image","schema":{"@context":"https:\/\/schema.org","@graph":[{"@type":"WebPage","@id":"https:\/\/abcosmetique.com\/plan-du-site\/","url":"https:\/\/abcosmetique.com\/plan-du-site\/","name":"Abcosmetique - Plan du site","isPartOf":{"@id":"https:\/\/abcosmetique.com\/#website"},"datePublished":"2025-08-07T10:37:05+00:00","dateModified":"2025-09-12T14:36:54+00:00","description":"Consultez le plan du site ABC Distribution pour acc\u00e9der facilement \u00e0 toutes nos pages : Disney, Barbie, Franck Provost, Marvel, Hello Kitty...","breadcrumb":{"@id":"https:\/\/abcosmetique.com\/plan-du-site\/#breadcrumb"},"inLanguage":"en-US","potentialAction":[{"@type":"ReadAction","target":["https:\/\/abcosmetique.com\/plan-du-site\/"]}]},{"@type":"BreadcrumbList","@id":"https:\/\/abcosmetique.com\/plan-du-site\/#breadcrumb","itemListElement":[{"@type":"ListItem","position":1,"name":"Accueil","item":"https:\/\/abcosmetique.com\/"},{"@type":"ListItem","position":2,"name":"Plan du site"}]},{"@type":"WebSite","@id":"https:\/\/abcosmetique.com\/#website","url":"https:\/\/abcosmetique.com\/","name":"Abcosmetique","description":"Through our internationally renowned brands, ABC Distribution has been committed for over 20 years to offering a unique service and experience to our consumers and partners. With its expertise in the design and management of long ranges, ABC Distribution combines its logistical know-how adapted to the needs of major retailers with the local service of our in-store sales force.","publisher":{"@id":"https:\/\/abcosmetique.com\/#organization"},"potentialAction":[{"@type":"SearchAction","target":{"@type":"EntryPoint","urlTemplate":"https:\/\/abcosmetique.com\/?s={search_term_string}"},"query-input":{"@type":"PropertyValueSpecification","valueRequired":true,"valueName":"search_term_string"}}],"inLanguage":"en-US"},{"@type":"Organization","@id":"https:\/\/abcosmetique.com\/#organization","name":"Abcosmetique","url":"https:\/\/abcosmetique.com\/","logo":{"@type":"ImageObject","inLanguage":"en-US","@id":"https:\/\/abcosmetique.com\/#\/schema\/logo\/image\/","url":"https:\/\/abcosmetique.com\/wp-content\/uploads\/2025\/07\/abc-logo.jpg","contentUrl":"https:\/\/abcosmetique.com\/wp-content\/uploads\/2025\/07\/abc-logo.jpg","width":2362,"height":2361,"caption":"Abcosmetique"},"image":{"@id":"https:\/\/abcosmetique.com\/#\/schema\/logo\/image\/"},"sameAs":["https:\/\/fr.linkedin.com\/company\/abc-distribution"]}]}},"_links":{"self":[{"href":"https:\/\/abcosmetique.com\/en\/wp-json\/wp\/v2\/pages\/4107","targetHints":{"allow":["GET"]}}],"collection":[{"href":"https:\/\/abcosmetique.com\/en\/wp-json\/wp\/v2\/pages"}],"about":[{"href":"https:\/\/abcosmetique.com\/en\/wp-json\/wp\/v2\/types\/page"}],"author":[{"embeddable":true,"href":"https:\/\/abcosmetique.com\/en\/wp-json\/wp\/v2\/users\/1"}],"replies":[{"embeddable":true,"href":"https:\/\/abcosmetique.com\/en\/wp-json\/wp\/v2\/comments?post=4107"}],"version-history":[{"count":5,"href":"https:\/\/abcosmetique.com\/en\/wp-json\/wp\/v2\/pages\/4107\/revisions"}],"predecessor-version":[{"id":7464,"href":"https:\/\/abcosmetique.com\/en\/wp-json\/wp\/v2\/pages\/4107\/revisions\/7464"}],"wp:attachment":[{"href":"https:\/\/abcosmetique.com\/en\/wp-json\/wp\/v2\/media?parent=4107"}],"curies":[{"name":"wp","href":"https:\/\/api.w.org\/{rel}","templated":true}]}}