{"id":898,"date":"2025-07-23T10:23:19","date_gmt":"2025-07-23T08:23:19","guid":{"rendered":"http:\/\/abcosmetique.com\/?page_id=898"},"modified":"2025-09-12T16:29:01","modified_gmt":"2025-09-12T14:29:01","slug":"politique-de-confidentialite-2","status":"publish","type":"page","link":"https:\/\/abcosmetique.com\/en\/politique-de-confidentialite-2\/","title":{"rendered":"Privacy policy"},"content":{"rendered":"<div data-elementor-type=\"wp-page\" data-elementor-id=\"898\" class=\"elementor elementor-898\" data-elementor-post-type=\"page\">\n\t\t\t\t<div class=\"elementor-element elementor-element-82b5b2c e-flex e-con-boxed e-con e-parent\" data-id=\"82b5b2c\" data-element_type=\"container\" data-e-type=\"container\">\n\t\t\t\t\t<div class=\"e-con-inner\">\n\t\t\t\t<div class=\"elementor-element elementor-element-c1ee6cd elementor-widget elementor-widget-heading\" data-id=\"c1ee6cd\" data-element_type=\"widget\" data-e-type=\"widget\" data-widget_type=\"heading.default\">\n\t\t\t\t\t<h2 class=\"elementor-heading-title elementor-size-default\">Privacy policy<\/h2>\t\t\t\t<\/div>\n\t\t\t\t<div class=\"elementor-element elementor-element-d257bbb elementor-widget elementor-widget-text-editor\" data-id=\"d257bbb\" data-element_type=\"widget\" data-e-type=\"widget\" data-widget_type=\"text-editor.default\">\n\t\t\t\t\t\t\t\t\t<p data-start=\"294\" data-end=\"505\">Last update: 2025<\/p>\t\t\t\t\t\t\t\t<\/div>\n\t\t\t\t\t<\/div>\n\t\t\t\t<\/div>\n\t\t<div class=\"elementor-element elementor-element-8a7beed e-flex e-con-boxed e-con e-parent\" data-id=\"8a7beed\" data-element_type=\"container\" data-e-type=\"container\">\n\t\t\t\t\t<div class=\"e-con-inner\">\n\t\t\t\t<div class=\"elementor-element elementor-element-60d9c25 elementor-widget elementor-widget-text-editor\" data-id=\"60d9c25\" data-element_type=\"widget\" data-e-type=\"widget\" data-widget_type=\"text-editor.default\">\n\t\t\t\t\t\t\t\t\t<p data-start=\"294\" data-end=\"505\">The company <strong data-start=\"768\" data-end=\"788\">ABC DISTRIBUTION<\/strong> attaches great importance to protecting your personal data and respecting your privacy.<br data-start=\"897\" data-end=\"900\" \/>The purpose of this policy is to inform you in a clear and transparent manner about how your data is collected, used and protected, in accordance with the Data Protection Act. <strong data-start=\"1076\" data-end=\"1148\">General Data Protection Regulation (GDPR - EU 2016\/679)<\/strong> and <strong data-start=\"1157\" data-end=\"1189\">Data Protection Act<\/strong>.<\/p>\t\t\t\t\t\t\t\t<\/div>\n\t\t\t\t\t<\/div>\n\t\t\t\t<\/div>\n\t\t<div class=\"elementor-element elementor-element-206c565 e-flex e-con-boxed e-con e-parent\" data-id=\"206c565\" data-element_type=\"container\" data-e-type=\"container\">\n\t\t\t\t\t<div class=\"e-con-inner\">\n\t\t\t\t<div class=\"elementor-element elementor-element-ca022c2 elementor-widget elementor-widget-heading\" data-id=\"ca022c2\" data-element_type=\"widget\" data-e-type=\"widget\" data-widget_type=\"heading.default\">\n\t\t\t\t\t<h2 class=\"elementor-heading-title elementor-size-default\">1. What is personal data?<\/h2>\t\t\t\t<\/div>\n\t\t\t\t<div class=\"elementor-element elementor-element-6ea7835 elementor-widget elementor-widget-text-editor\" data-id=\"6ea7835\" data-element_type=\"widget\" data-e-type=\"widget\" data-widget_type=\"text-editor.default\">\n\t\t\t\t\t\t\t\t\t<p>Personal data is any information that directly or indirectly identifies a natural person (e.g. surname, first name, address, e-mail address, telephone number, IP address).<\/p>\t\t\t\t\t\t\t\t<\/div>\n\t\t\t\t\t<\/div>\n\t\t\t\t<\/div>\n\t\t<div class=\"elementor-element elementor-element-7555b92 e-flex e-con-boxed e-con e-parent\" data-id=\"7555b92\" data-element_type=\"container\" data-e-type=\"container\">\n\t\t\t\t\t<div class=\"e-con-inner\">\n\t\t\t\t<div class=\"elementor-element elementor-element-9b1d0d4 elementor-widget elementor-widget-heading\" data-id=\"9b1d0d4\" data-element_type=\"widget\" data-e-type=\"widget\" data-widget_type=\"heading.default\">\n\t\t\t\t\t<h2 class=\"elementor-heading-title elementor-size-default\">2. Collected data<\/h2>\t\t\t\t<\/div>\n\t\t\t\t<div class=\"elementor-element elementor-element-e5616a1 elementor-widget elementor-widget-text-editor\" data-id=\"e5616a1\" data-element_type=\"widget\" data-e-type=\"widget\" data-widget_type=\"text-editor.default\">\n\t\t\t\t\t\t\t\t\t<p data-start=\"1468\" data-end=\"1546\">Your data is collected by <strong data-start=\"1500\" data-end=\"1520\">ABC DISTRIBUTION<\/strong> in the following cases:<\/p><ul data-start=\"1547\" data-end=\"1825\"><li data-start=\"1547\" data-end=\"1651\"><p data-start=\"1549\" data-end=\"1651\">Contact form (title, surname, first name, position, company, postal address, email, telephone).<\/p><\/li><li data-start=\"1652\" data-end=\"1735\"><p data-start=\"1654\" data-end=\"1735\">Comments left on the blog (name, email address, website if applicable).<\/p><\/li><li data-start=\"1736\" data-end=\"1825\"><p data-start=\"1738\" data-end=\"1825\">Browsing data (IP address, browser, pages viewed, connection time).<\/p><\/li><\/ul><p data-start=\"1827\" data-end=\"1960\">This data is used solely to manage our relationship with you, improve the site and enhance the user experience.<\/p>\t\t\t\t\t\t\t\t<\/div>\n\t\t\t\t\t<\/div>\n\t\t\t\t<\/div>\n\t\t<div class=\"elementor-element elementor-element-ba28f9c e-flex e-con-boxed e-con e-parent\" data-id=\"ba28f9c\" data-element_type=\"container\" data-e-type=\"container\">\n\t\t\t\t\t<div class=\"e-con-inner\">\n\t\t\t\t<div class=\"elementor-element elementor-element-161aefc elementor-widget elementor-widget-heading\" data-id=\"161aefc\" data-element_type=\"widget\" data-e-type=\"widget\" data-widget_type=\"heading.default\">\n\t\t\t\t\t<h2 class=\"elementor-heading-title elementor-size-default\">3. Your rights<\/h2>\t\t\t\t<\/div>\n\t\t\t\t<div class=\"elementor-element elementor-element-220e552 elementor-widget elementor-widget-text-editor\" data-id=\"220e552\" data-element_type=\"widget\" data-e-type=\"widget\" data-widget_type=\"text-editor.default\">\n\t\t\t\t\t\t\t\t\t<p data-start=\"1986\" data-end=\"2045\">In accordance with the RGPD, you have the following rights:<\/p><ul data-start=\"2046\" data-end=\"2270\"><li data-start=\"2046\" data-end=\"2074\"><p data-start=\"2048\" data-end=\"2074\"><strong data-start=\"2048\" data-end=\"2057\">Access<\/strong> to your data,<\/p><\/li><li data-start=\"2075\" data-end=\"2121\"><p data-start=\"2077\" data-end=\"2121\"><strong data-start=\"2077\" data-end=\"2094\">Rectification<\/strong> if they are inaccurate,<\/p><\/li><li data-start=\"2122\" data-end=\"2157\"><p data-start=\"2124\" data-end=\"2157\"><strong data-start=\"2124\" data-end=\"2139\">Delete<\/strong> of your data,<\/p><\/li><li data-start=\"2158\" data-end=\"2191\"><p data-start=\"2160\" data-end=\"2191\"><strong data-start=\"2160\" data-end=\"2174\">Limitation<\/strong> treatment,<\/p><\/li><li data-start=\"2192\" data-end=\"2234\"><p data-start=\"2194\" data-end=\"2234\"><strong data-start=\"2194\" data-end=\"2208\">Opposition<\/strong> to certain treatments,<\/p><\/li><li data-start=\"2235\" data-end=\"2270\"><p data-start=\"2237\" data-end=\"2270\"><strong data-start=\"2237\" data-end=\"2252\">Portability<\/strong> of your data.<\/p><\/li><\/ul><p data-start=\"2272\" data-end=\"2471\">You may exercise your rights at any time by writing to :<br data-start=\"2332\" data-end=\"2335\" \/>\ud83d\udccd ABC DISTRIBUTION - 3 Avenue des Violettes, ZAC des Petits Carreaux - 94380 Bonneuil-sur-Marne - France<br data-start=\"2431\" data-end=\"2434\" \/>\ud83d\udce7 <a class=\"decorated-link cursor-pointer\" rel=\"noopener\" data-start=\"2437\" data-end=\"2469\">support@abcosmetique.zendesk.com<\/a><\/p><p data-start=\"2473\" data-end=\"2585\">You will receive a reply within one month (extendable by two months for complex requests).<\/p><p data-start=\"2587\" data-end=\"2687\">You also have the right to lodge a complaint with the <strong data-start=\"2662\" data-end=\"2670\">CNIL<\/strong> (<a class=\"decorated-link\" href=\"http:\/\/www.cnil.fr\" target=\"_new\" rel=\"noopener\" data-start=\"2672\" data-end=\"2683\">www.cnil.fr<\/a>).<\/p>\t\t\t\t\t\t\t\t<\/div>\n\t\t\t\t\t<\/div>\n\t\t\t\t<\/div>\n\t\t<div class=\"elementor-element elementor-element-51f8a99 e-flex e-con-boxed e-con e-parent\" data-id=\"51f8a99\" data-element_type=\"container\" data-e-type=\"container\">\n\t\t\t\t\t<div class=\"e-con-inner\">\n\t\t\t\t<div class=\"elementor-element elementor-element-5ac4fc4 elementor-widget elementor-widget-heading\" data-id=\"5ac4fc4\" data-element_type=\"widget\" data-e-type=\"widget\" data-widget_type=\"heading.default\">\n\t\t\t\t\t<h2 class=\"elementor-heading-title elementor-size-default\">4. Use of data<\/h2>\t\t\t\t<\/div>\n\t\t\t\t<div class=\"elementor-element elementor-element-33bc1a7 elementor-widget elementor-widget-text-editor\" data-id=\"33bc1a7\" data-element_type=\"widget\" data-e-type=\"widget\" data-widget_type=\"text-editor.default\">\n\t\t\t\t\t\t\t\t\t<p data-start=\"2726\" data-end=\"2783\">The data collected is used solely for :<\/p><ul data-start=\"2784\" data-end=\"3116\"><li data-start=\"2784\" data-end=\"2835\"><p data-start=\"2786\" data-end=\"2835\">To enable you to access and use the site,<\/p><\/li><li data-start=\"2836\" data-end=\"2894\"><p data-start=\"2838\" data-end=\"2894\">Manage site operation and optimization,<\/p><\/li><li data-start=\"2895\" data-end=\"2952\"><p data-start=\"2897\" data-end=\"2952\">Respond to your requests via the contact form,<\/p><\/li><li data-start=\"2953\" data-end=\"3008\"><p data-start=\"2955\" data-end=\"3008\">Allow interaction on the blog (comments),<\/p><\/li><li data-start=\"3009\" data-end=\"3116\"><p data-start=\"3011\" data-end=\"3116\">Improve user experience and ensure site security (fraud and malware prevention).<\/p><\/li><\/ul><p data-start=\"3118\" data-end=\"3204\">We <strong data-start=\"3123\" data-end=\"3164\">do not engage in targeted advertising<\/strong> from your personal data.<\/p>\t\t\t\t\t\t\t\t<\/div>\n\t\t\t\t\t<\/div>\n\t\t\t\t<\/div>\n\t\t<div class=\"elementor-element elementor-element-064a69c e-flex e-con-boxed e-con e-parent\" data-id=\"064a69c\" data-element_type=\"container\" data-e-type=\"container\">\n\t\t\t\t\t<div class=\"e-con-inner\">\n\t\t\t\t<div class=\"elementor-element elementor-element-77c1334 elementor-widget elementor-widget-heading\" data-id=\"77c1334\" data-element_type=\"widget\" data-e-type=\"widget\" data-widget_type=\"heading.default\">\n\t\t\t\t\t<h2 class=\"elementor-heading-title elementor-size-default\">5. Data retention<\/h2>\t\t\t\t<\/div>\n\t\t\t\t<div class=\"elementor-element elementor-element-832d63e elementor-widget elementor-widget-text-editor\" data-id=\"832d63e\" data-element_type=\"widget\" data-e-type=\"widget\" data-widget_type=\"text-editor.default\">\n\t\t\t\t\t\t\t\t\t<p data-start=\"3244\" data-end=\"3298\">Your data will be kept for a limited period of time:<\/p><ul data-start=\"3299\" data-end=\"3544\"><li data-start=\"3299\" data-end=\"3367\"><p data-start=\"3301\" data-end=\"3367\">Contact details : <strong data-start=\"3322\" data-end=\"3339\">3 years maximum<\/strong> after the last exchange.<\/p><\/li><li data-start=\"3368\" data-end=\"3452\"><p data-start=\"3370\" data-end=\"3452\">Blog comment data: as long as the comment remains online.<\/p><\/li><li data-start=\"3453\" data-end=\"3512\"><p data-start=\"3455\" data-end=\"3512\">Cookies and navigation data : <strong data-start=\"3490\" data-end=\"3509\">13 months maximum<\/strong>.<\/p><\/li><li data-start=\"3513\" data-end=\"3544\"><p data-start=\"3515\" data-end=\"3544\">Technical logs : <strong data-start=\"3533\" data-end=\"3541\">1 year<\/strong>.<\/p><\/li><\/ul>\t\t\t\t\t\t\t\t<\/div>\n\t\t\t\t\t<\/div>\n\t\t\t\t<\/div>\n\t\t<div class=\"elementor-element elementor-element-250e976 e-flex e-con-boxed e-con e-parent\" data-id=\"250e976\" data-element_type=\"container\" data-e-type=\"container\">\n\t\t\t\t\t<div class=\"e-con-inner\">\n\t\t\t\t<div class=\"elementor-element elementor-element-d5a2406 elementor-widget elementor-widget-heading\" data-id=\"d5a2406\" data-element_type=\"widget\" data-e-type=\"widget\" data-widget_type=\"heading.default\">\n\t\t\t\t\t<h2 class=\"elementor-heading-title elementor-size-default\">6. Data sharing<\/h2>\t\t\t\t<\/div>\n\t\t\t\t<div class=\"elementor-element elementor-element-e47f262 elementor-widget elementor-widget-text-editor\" data-id=\"e47f262\" data-element_type=\"widget\" data-e-type=\"widget\" data-widget_type=\"text-editor.default\">\n\t\t\t\t\t\t\t\t\t<p data-start=\"3579\" data-end=\"3863\">Your data may only be shared with technical service providers involved in the proper operation of the site (hosting, maintenance, audience measurement, chat tools).<br data-start=\"3767\" data-end=\"3770\" \/>These service providers are subject to confidentiality and RGPD compliance obligations.<\/p><p data-start=\"3865\" data-end=\"3958\">No data is transferred outside the European Union without appropriate guarantees.<\/p>\t\t\t\t\t\t\t\t<\/div>\n\t\t\t\t\t<\/div>\n\t\t\t\t<\/div>\n\t\t<div class=\"elementor-element elementor-element-61efd12 e-flex e-con-boxed e-con e-parent\" data-id=\"61efd12\" data-element_type=\"container\" data-e-type=\"container\">\n\t\t\t\t\t<div class=\"e-con-inner\">\n\t\t\t\t<div class=\"elementor-element elementor-element-bfd4719 elementor-widget elementor-widget-heading\" data-id=\"bfd4719\" data-element_type=\"widget\" data-e-type=\"widget\" data-widget_type=\"heading.default\">\n\t\t\t\t\t<h2 class=\"elementor-heading-title elementor-size-default\">7. Cookies<\/h2>\t\t\t\t<\/div>\n\t\t\t\t<div class=\"elementor-element elementor-element-1c8a358 elementor-widget elementor-widget-text-editor\" data-id=\"1c8a358\" data-element_type=\"widget\" data-e-type=\"widget\" data-widget_type=\"text-editor.default\">\n\t\t\t\t\t\t\t\t\t<p data-start=\"3981\" data-end=\"4123\">A cookie is a small text file stored on your terminal (computer, tablet, smartphone) when you browse a website.<\/p><h3 data-start=\"4125\" data-end=\"4171\">Types of cookies that may be used :<\/h3><ul data-start=\"4172\" data-end=\"4703\"><li data-start=\"4172\" data-end=\"4290\"><p data-start=\"4174\" data-end=\"4290\"><strong data-start=\"4174\" data-end=\"4209\">Strictly necessary cookies<\/strong> : essential to the proper operation of the site (security, navigation, forms).<\/p><\/li><li data-start=\"4291\" data-end=\"4382\"><p data-start=\"4293\" data-end=\"4382\"><strong data-start=\"4293\" data-end=\"4317\">Functional cookies<\/strong> to improve your experience (e.g. to remember your preferences).<\/p><\/li><li data-start=\"4383\" data-end=\"4515\"><p data-start=\"4385\" data-end=\"4515\"><strong data-start=\"4385\" data-end=\"4435\">Performance and audience measurement cookies<\/strong> (e.g. Google Analytics): to analyze traffic and improve the site.<\/p><\/li><li data-start=\"4516\" data-end=\"4614\"><p data-start=\"4518\" data-end=\"4614\"><strong data-start=\"4518\" data-end=\"4537\">Social cookies<\/strong> (e.g. Facebook plugins): to share content on social networks.<\/p><\/li><li data-start=\"4615\" data-end=\"4703\"><p data-start=\"4617\" data-end=\"4703\"><strong data-start=\"4617\" data-end=\"4641\">Support cookies<\/strong> (e.g. Zendesk): to interact with our support team via chat.<\/p><\/li><\/ul><h3 data-start=\"4705\" data-end=\"4734\">Consent management<\/h3><p data-start=\"4735\" data-end=\"4992\">On your first visit, a banner informs you of the use of cookies and offers you the following options<strong data-start=\"4837\" data-end=\"4849\">accept<\/strong>of <strong data-start=\"4854\" data-end=\"4865\">refuse<\/strong> or <strong data-start=\"4872\" data-end=\"4886\">set up<\/strong> your choices.<br data-start=\"4897\" data-end=\"4900\" \/>You can change your preferences at any time via your browser settings.<\/p><p data-start=\"4994\" data-end=\"5129\">Find out more: <a class=\"decorated-link\" href=\"https:\/\/www.cnil.fr\/fr\/cookies-les-outils-pour-les-maitriser\" target=\"_new\" rel=\"noopener\" data-start=\"5016\" data-end=\"5126\">CNIL - Cookies: tools for controlling them<\/a>.<\/p>\t\t\t\t\t\t\t\t<\/div>\n\t\t\t\t\t<\/div>\n\t\t\t\t<\/div>\n\t\t<div class=\"elementor-element elementor-element-6cc982f e-flex e-con-boxed e-con e-parent\" data-id=\"6cc982f\" data-element_type=\"container\" data-e-type=\"container\">\n\t\t\t\t\t<div class=\"e-con-inner\">\n\t\t\t\t<div class=\"elementor-element elementor-element-bceef1b elementor-widget elementor-widget-heading\" data-id=\"bceef1b\" data-element_type=\"widget\" data-e-type=\"widget\" data-widget_type=\"heading.default\">\n\t\t\t\t\t<h2 class=\"elementor-heading-title elementor-size-default\">8. Data controller<\/h2>\t\t\t\t<\/div>\n\t\t\t\t<div class=\"elementor-element elementor-element-fda9265 elementor-widget elementor-widget-text-editor\" data-id=\"fda9265\" data-element_type=\"widget\" data-e-type=\"widget\" data-widget_type=\"text-editor.default\">\n\t\t\t\t\t\t\t\t\t<p data-start=\"3981\" data-end=\"4123\"><strong data-start=\"5170\" data-end=\"5190\">ABC DISTRIBUTION<\/strong><br data-start=\"5190\" data-end=\"5193\" \/>3 Avenue des Violettes - ZAC des Petits Carreaux - 94380 Bonneuil-sur-Marne - France<\/p>\t\t\t\t\t\t\t\t<\/div>\n\t\t\t\t\t<\/div>\n\t\t\t\t<\/div>\n\t\t\t\t<\/div>","protected":false},"excerpt":{"rendered":"<p>Politique de confidentialit\u00e9 Derni\u00e8re mise \u00e0 jour : 2025 La soci\u00e9t\u00e9 ABC DISTRIBUTION attache une grande importance \u00e0 la protection de vos donn\u00e9es personnelles et au respect de votre vie priv\u00e9e.La pr\u00e9sente politique a pour objectif de vous informer de mani\u00e8re claire et transparente sur la fa\u00e7on dont vos donn\u00e9es sont collect\u00e9es, utilis\u00e9es et prot\u00e9g\u00e9es, [&hellip;]<\/p>\n","protected":false},"author":1,"featured_media":0,"parent":0,"menu_order":0,"comment_status":"closed","ping_status":"closed","template":"elementor_header_footer","meta":{"footnotes":""},"class_list":["post-898","page","type-page","status-publish","hentry"],"yoast_head":"<!-- This site is optimized with the Yoast SEO plugin v26.4 - https:\/\/yoast.com\/wordpress\/plugins\/seo\/ -->\n<title>Abcosmetique - Politique de confidentialit\u00e9<\/title>\n<meta name=\"description\" content=\"D\u00e9couvrez la politique de confidentialit\u00e9 d\u2019ABC Distribution, comment nous prot\u00e9geons vos donn\u00e9es personnelles et vos droits en mati\u00e8re de protection des informations.\" \/>\n<meta name=\"robots\" content=\"index, follow, max-snippet:-1, max-image-preview:large, max-video-preview:-1\" \/>\n<link rel=\"canonical\" href=\"https:\/\/abcosmetique.com\/en\/politique-de-confidentialite-2\/\" \/>\n<meta property=\"og:locale\" content=\"en_US\" \/>\n<meta property=\"og:type\" content=\"article\" \/>\n<meta property=\"og:title\" content=\"Abcosmetique - Politique de confidentialit\u00e9\" \/>\n<meta property=\"og:description\" content=\"D\u00e9couvrez la politique de confidentialit\u00e9 d\u2019ABC Distribution, comment nous prot\u00e9geons vos donn\u00e9es personnelles et vos droits en mati\u00e8re de protection des informations.\" \/>\n<meta property=\"og:url\" content=\"https:\/\/abcosmetique.com\/en\/politique-de-confidentialite-2\/\" \/>\n<meta property=\"og:site_name\" content=\"Abcosmetique\" \/>\n<meta property=\"article:modified_time\" content=\"2025-09-12T14:29:01+00:00\" \/>\n<meta name=\"twitter:card\" content=\"summary_large_image\" \/>\n<meta name=\"twitter:label1\" content=\"Est. reading time\" \/>\n\t<meta name=\"twitter:data1\" content=\"4 minutes\" \/>\n<script type=\"application\/ld+json\" class=\"yoast-schema-graph\">{\"@context\":\"https:\/\/schema.org\",\"@graph\":[{\"@type\":\"WebPage\",\"@id\":\"https:\/\/abcosmetique.com\/politique-de-confidentialite-2\/\",\"url\":\"https:\/\/abcosmetique.com\/politique-de-confidentialite-2\/\",\"name\":\"Abcosmetique - Politique de confidentialit\u00e9\",\"isPartOf\":{\"@id\":\"https:\/\/abcosmetique.com\/#website\"},\"datePublished\":\"2025-07-23T08:23:19+00:00\",\"dateModified\":\"2025-09-12T14:29:01+00:00\",\"description\":\"D\u00e9couvrez la politique de confidentialit\u00e9 d\u2019ABC Distribution, comment nous prot\u00e9geons vos donn\u00e9es personnelles et vos droits en mati\u00e8re de protection des informations.\",\"breadcrumb\":{\"@id\":\"https:\/\/abcosmetique.com\/politique-de-confidentialite-2\/#breadcrumb\"},\"inLanguage\":\"en-US\",\"potentialAction\":[{\"@type\":\"ReadAction\",\"target\":[\"https:\/\/abcosmetique.com\/politique-de-confidentialite-2\/\"]}]},{\"@type\":\"BreadcrumbList\",\"@id\":\"https:\/\/abcosmetique.com\/politique-de-confidentialite-2\/#breadcrumb\",\"itemListElement\":[{\"@type\":\"ListItem\",\"position\":1,\"name\":\"Accueil\",\"item\":\"https:\/\/abcosmetique.com\/\"},{\"@type\":\"ListItem\",\"position\":2,\"name\":\"Politique de confidentialit\u00e9\"}]},{\"@type\":\"WebSite\",\"@id\":\"https:\/\/abcosmetique.com\/#website\",\"url\":\"https:\/\/abcosmetique.com\/\",\"name\":\"Abcosmetique\",\"description\":\"A travers nos marques de renomm\u00e9es internationales, ABC Distribution s&#039;engage depuis plus de 20 ans \u00e0 offrir un service et une exp\u00e9rience uniques \u00e0 nos consommateurs et \u00e0 nos partenaires. Fort de son expertise de la conception et gestion de gammes longues, ABC Distribution allie son savoir-faire logistique adapt\u00e9 aux besoins des grandes enseignes au service de proximit\u00e9 de notre force de vente en magasins.\",\"publisher\":{\"@id\":\"https:\/\/abcosmetique.com\/#organization\"},\"potentialAction\":[{\"@type\":\"SearchAction\",\"target\":{\"@type\":\"EntryPoint\",\"urlTemplate\":\"https:\/\/abcosmetique.com\/?s={search_term_string}\"},\"query-input\":{\"@type\":\"PropertyValueSpecification\",\"valueRequired\":true,\"valueName\":\"search_term_string\"}}],\"inLanguage\":\"en-US\"},{\"@type\":\"Organization\",\"@id\":\"https:\/\/abcosmetique.com\/#organization\",\"name\":\"Abcosmetique\",\"url\":\"https:\/\/abcosmetique.com\/\",\"logo\":{\"@type\":\"ImageObject\",\"inLanguage\":\"en-US\",\"@id\":\"https:\/\/abcosmetique.com\/#\/schema\/logo\/image\/\",\"url\":\"https:\/\/abcosmetique.com\/wp-content\/uploads\/2025\/07\/abc-logo.jpg\",\"contentUrl\":\"https:\/\/abcosmetique.com\/wp-content\/uploads\/2025\/07\/abc-logo.jpg\",\"width\":2362,\"height\":2361,\"caption\":\"Abcosmetique\"},\"image\":{\"@id\":\"https:\/\/abcosmetique.com\/#\/schema\/logo\/image\/\"},\"sameAs\":[\"https:\/\/fr.linkedin.com\/company\/abc-distribution\"]}]}<\/script>\n<!-- \/ Yoast SEO plugin. -->","yoast_head_json":{"title":"Abcosmetique - Politique de confidentialit\u00e9","description":"D\u00e9couvrez la politique de confidentialit\u00e9 d\u2019ABC Distribution, comment nous prot\u00e9geons vos donn\u00e9es personnelles et vos droits en mati\u00e8re de protection des informations.","robots":{"index":"index","follow":"follow","max-snippet":"max-snippet:-1","max-image-preview":"max-image-preview:large","max-video-preview":"max-video-preview:-1"},"canonical":"https:\/\/abcosmetique.com\/en\/politique-de-confidentialite-2\/","og_locale":"en_US","og_type":"article","og_title":"Abcosmetique - Politique de confidentialit\u00e9","og_description":"D\u00e9couvrez la politique de confidentialit\u00e9 d\u2019ABC Distribution, comment nous prot\u00e9geons vos donn\u00e9es personnelles et vos droits en mati\u00e8re de protection des informations.","og_url":"https:\/\/abcosmetique.com\/en\/politique-de-confidentialite-2\/","og_site_name":"Abcosmetique","article_modified_time":"2025-09-12T14:29:01+00:00","twitter_card":"summary_large_image","twitter_misc":{"Est. reading time":"4 minutes"},"schema":{"@context":"https:\/\/schema.org","@graph":[{"@type":"WebPage","@id":"https:\/\/abcosmetique.com\/politique-de-confidentialite-2\/","url":"https:\/\/abcosmetique.com\/politique-de-confidentialite-2\/","name":"Abcosmetique - Politique de confidentialit\u00e9","isPartOf":{"@id":"https:\/\/abcosmetique.com\/#website"},"datePublished":"2025-07-23T08:23:19+00:00","dateModified":"2025-09-12T14:29:01+00:00","description":"D\u00e9couvrez la politique de confidentialit\u00e9 d\u2019ABC Distribution, comment nous prot\u00e9geons vos donn\u00e9es personnelles et vos droits en mati\u00e8re de protection des informations.","breadcrumb":{"@id":"https:\/\/abcosmetique.com\/politique-de-confidentialite-2\/#breadcrumb"},"inLanguage":"en-US","potentialAction":[{"@type":"ReadAction","target":["https:\/\/abcosmetique.com\/politique-de-confidentialite-2\/"]}]},{"@type":"BreadcrumbList","@id":"https:\/\/abcosmetique.com\/politique-de-confidentialite-2\/#breadcrumb","itemListElement":[{"@type":"ListItem","position":1,"name":"Accueil","item":"https:\/\/abcosmetique.com\/"},{"@type":"ListItem","position":2,"name":"Politique de confidentialit\u00e9"}]},{"@type":"WebSite","@id":"https:\/\/abcosmetique.com\/#website","url":"https:\/\/abcosmetique.com\/","name":"Abcosmetique","description":"Through our internationally renowned brands, ABC Distribution has been committed for over 20 years to offering a unique service and experience to our consumers and partners. With its expertise in the design and management of long ranges, ABC Distribution combines its logistical know-how adapted to the needs of major retailers with the local service of our in-store sales force.","publisher":{"@id":"https:\/\/abcosmetique.com\/#organization"},"potentialAction":[{"@type":"SearchAction","target":{"@type":"EntryPoint","urlTemplate":"https:\/\/abcosmetique.com\/?s={search_term_string}"},"query-input":{"@type":"PropertyValueSpecification","valueRequired":true,"valueName":"search_term_string"}}],"inLanguage":"en-US"},{"@type":"Organization","@id":"https:\/\/abcosmetique.com\/#organization","name":"Abcosmetique","url":"https:\/\/abcosmetique.com\/","logo":{"@type":"ImageObject","inLanguage":"en-US","@id":"https:\/\/abcosmetique.com\/#\/schema\/logo\/image\/","url":"https:\/\/abcosmetique.com\/wp-content\/uploads\/2025\/07\/abc-logo.jpg","contentUrl":"https:\/\/abcosmetique.com\/wp-content\/uploads\/2025\/07\/abc-logo.jpg","width":2362,"height":2361,"caption":"Abcosmetique"},"image":{"@id":"https:\/\/abcosmetique.com\/#\/schema\/logo\/image\/"},"sameAs":["https:\/\/fr.linkedin.com\/company\/abc-distribution"]}]}},"_links":{"self":[{"href":"https:\/\/abcosmetique.com\/en\/wp-json\/wp\/v2\/pages\/898","targetHints":{"allow":["GET"]}}],"collection":[{"href":"https:\/\/abcosmetique.com\/en\/wp-json\/wp\/v2\/pages"}],"about":[{"href":"https:\/\/abcosmetique.com\/en\/wp-json\/wp\/v2\/types\/page"}],"author":[{"embeddable":true,"href":"https:\/\/abcosmetique.com\/en\/wp-json\/wp\/v2\/users\/1"}],"replies":[{"embeddable":true,"href":"https:\/\/abcosmetique.com\/en\/wp-json\/wp\/v2\/comments?post=898"}],"version-history":[{"count":11,"href":"https:\/\/abcosmetique.com\/en\/wp-json\/wp\/v2\/pages\/898\/revisions"}],"predecessor-version":[{"id":7528,"href":"https:\/\/abcosmetique.com\/en\/wp-json\/wp\/v2\/pages\/898\/revisions\/7528"}],"wp:attachment":[{"href":"https:\/\/abcosmetique.com\/en\/wp-json\/wp\/v2\/media?parent=898"}],"curies":[{"name":"wp","href":"https:\/\/api.w.org\/{rel}","templated":true}]}}