{"id":4107,"date":"2025-08-07T12:37:05","date_gmt":"2025-08-07T10:37:05","guid":{"rendered":"http:\/\/abcosmetique.com\/?page_id=4107"},"modified":"2025-09-12T16:36:54","modified_gmt":"2025-09-12T14:36:54","slug":"plan-du-site","status":"publish","type":"page","link":"https:\/\/abcosmetique.com\/es\/plan-du-site\/","title":{"rendered":"Mapa del sitio"},"content":{"rendered":"<div data-elementor-type=\"wp-page\" data-elementor-id=\"4107\" class=\"elementor elementor-4107\" data-elementor-post-type=\"page\">\n\t\t\t\t<div class=\"elementor-element elementor-element-3adf2c5 e-flex e-con-boxed e-con e-parent\" data-id=\"3adf2c5\" data-element_type=\"container\" data-e-type=\"container\">\n\t\t\t\t\t<div class=\"e-con-inner\">\n\t\t\t\t<div class=\"elementor-element elementor-element-b3114f4 elementor-widget elementor-widget-sitemap\" data-id=\"b3114f4\" data-element_type=\"widget\" data-e-type=\"widget\" data-widget_type=\"sitemap.default\">\n\t\t\t\t\t<div class=\"elementor-sitemap-wrap\"><div class=\"elementor-sitemap-section\"><h2 class=\"elementor-sitemap-title elementor-sitemap-page-title\">P\u00e1ginas<\/h2><ul class=\"elementor-sitemap-list elementor-sitemap-page-list\"><li class=\"elementor-sitemap-item elementor-sitemap-item-page page_item page-item-2000\"><a href=\"https:\/\/abcosmetique.com\/es\/marques-accessoires-beaute\/\">Accesorios<\/a><\/li><li class=\"elementor-sitemap-item elementor-sitemap-item-page page_item page-item-3758\"><a href=\"https:\/\/abcosmetique.com\/es\/\">Inicio<\/a><\/li><li class=\"elementor-sitemap-item elementor-sitemap-item-page page_item page-item-5302\"><a href=\"https:\/\/abcosmetique.com\/es\/contact\/\">P\u00f3ngase en contacto con<\/a><\/li><li class=\"elementor-sitemap-item elementor-sitemap-item-page page_item page-item-2006\"><a href=\"https:\/\/abcosmetique.com\/es\/cosmetiques\/\">Cosm\u00e9ticos<\/a><\/li><li class=\"elementor-sitemap-item elementor-sitemap-item-page page_item page-item-1460\"><a href=\"https:\/\/abcosmetique.com\/es\/pem\/\">Electrobelleza<\/a><\/li><li class=\"elementor-sitemap-item elementor-sitemap-item-page page_item page-item-1619\"><a href=\"https:\/\/abcosmetique.com\/es\/histoire\/\">Historia<\/a><\/li><li class=\"elementor-sitemap-item elementor-sitemap-item-page page_item page-item-1625\"><a href=\"https:\/\/abcosmetique.com\/es\/linternational\/\">Internacional<\/a><\/li><li class=\"elementor-sitemap-item elementor-sitemap-item-page page_item page-item-1631\"><a href=\"https:\/\/abcosmetique.com\/es\/les-actualites\/\">Las noticias<\/a><\/li><li class=\"elementor-sitemap-item elementor-sitemap-item-page page_item page-item-325\"><a href=\"https:\/\/abcosmetique.com\/es\/marques\/\">Marcas<\/a><ul class='children'><li class=\"elementor-sitemap-item elementor-sitemap-item-page page_item page-item-1641\"><a href=\"https:\/\/abcosmetique.com\/es\/marques\/apoteke\/\">Apoteke<\/a><\/li><li class=\"elementor-sitemap-item elementor-sitemap-item-page page_item page-item-1649\"><a href=\"https:\/\/abcosmetique.com\/es\/marques\/barbie\/\">Barbie<\/a><\/li><li class=\"elementor-sitemap-item elementor-sitemap-item-page page_item page-item-1643\"><a href=\"https:\/\/abcosmetique.com\/es\/marques\/beauty-in-the-air\/\">Beauty in the air<\/a><\/li><li class=\"elementor-sitemap-item elementor-sitemap-item-page page_item page-item-1637\"><a href=\"https:\/\/abcosmetique.com\/es\/marques\/demeliss\/\">Demeliss<\/a><\/li><li class=\"elementor-sitemap-item elementor-sitemap-item-page page_item page-item-1272\"><a href=\"https:\/\/abcosmetique.com\/es\/marques\/disney\/\">Disney<\/a><\/li><li class=\"elementor-sitemap-item elementor-sitemap-item-page page_item page-item-179\"><a href=\"https:\/\/abcosmetique.com\/es\/marques\/franck-provost\/\">Franck Provost<\/a><\/li><li class=\"elementor-sitemap-item elementor-sitemap-item-page page_item page-item-1645\"><a href=\"https:\/\/abcosmetique.com\/es\/marques\/harry-potter\/\">Harry Potter<\/a><\/li><li class=\"elementor-sitemap-item elementor-sitemap-item-page page_item page-item-1661\"><a href=\"https:\/\/abcosmetique.com\/es\/marques\/hello-kitty\/\">Hello Kitty<\/a><\/li><li class=\"elementor-sitemap-item elementor-sitemap-item-page page_item page-item-1655\"><a href=\"https:\/\/abcosmetique.com\/es\/marques\/hq\/\">HQ<\/a><\/li><li class=\"elementor-sitemap-item elementor-sitemap-item-page page_item page-item-1633\"><a href=\"https:\/\/abcosmetique.com\/es\/marques\/jean-louis-david\/\">Jean Louis David<\/a><\/li><li class=\"elementor-sitemap-item elementor-sitemap-item-page page_item page-item-1651\"><a href=\"https:\/\/abcosmetique.com\/es\/marques\/latelier\/\">El taller<\/a><\/li><li class=\"elementor-sitemap-item elementor-sitemap-item-page page_item page-item-1663\"><a href=\"https:\/\/abcosmetique.com\/es\/marques\/marvel\/\">Marvel<\/a><\/li><li class=\"elementor-sitemap-item elementor-sitemap-item-page page_item page-item-1647\"><a href=\"https:\/\/abcosmetique.com\/es\/marques\/mb-milano\/\">MB Milano<\/a><\/li><li class=\"elementor-sitemap-item elementor-sitemap-item-page page_item page-item-1635\"><a href=\"https:\/\/abcosmetique.com\/es\/marques\/princesse-lili\/\">Princesse Lili<\/a><\/li><li class=\"elementor-sitemap-item elementor-sitemap-item-page page_item page-item-1659\"><a href=\"https:\/\/abcosmetique.com\/es\/marques\/puericulture\/\">Guarder\u00eda<\/a><\/li><li class=\"elementor-sitemap-item elementor-sitemap-item-page page_item page-item-1653\"><a href=\"https:\/\/abcosmetique.com\/es\/marques\/shoes-xpert\/\">Shoes xpert<\/a><\/li><li class=\"elementor-sitemap-item elementor-sitemap-item-page page_item page-item-1665\"><a href=\"https:\/\/abcosmetique.com\/es\/marques\/sneakers-angels\/\">Sneakers Angels<\/a><\/li><li class=\"elementor-sitemap-item elementor-sitemap-item-page page_item page-item-1639\"><a href=\"https:\/\/abcosmetique.com\/es\/marques\/the-barbxpert\/\">El Barb'xpert<\/a><\/li><li class=\"elementor-sitemap-item elementor-sitemap-item-page page_item page-item-1657\"><a href=\"https:\/\/abcosmetique.com\/es\/marques\/ushuaia\/\">Ushuaia<\/a><\/li><\/ul><\/li><li class=\"elementor-sitemap-item elementor-sitemap-item-page page_item page-item-893\"><a href=\"https:\/\/abcosmetique.com\/es\/mention-legale\/\">Menciones legales<\/a><\/li><li class=\"elementor-sitemap-item elementor-sitemap-item-page page_item page-item-2002\"><a href=\"https:\/\/abcosmetique.com\/es\/mercerie-chaussant\/\">Mercer\u00eda-Chaussant<\/a><\/li><li class=\"elementor-sitemap-item elementor-sitemap-item-page page_item page-item-1627\"><a href=\"https:\/\/abcosmetique.com\/es\/nos-engagements\/\">Nuestros compromisos<\/a><\/li><li class=\"elementor-sitemap-item elementor-sitemap-item-page page_item page-item-2004\"><a href=\"https:\/\/abcosmetique.com\/es\/pharmacie\/\">Farmacia<\/a><\/li><li class=\"elementor-sitemap-item elementor-sitemap-item-page page_item page-item-4107\"><a href=\"https:\/\/abcosmetique.com\/es\/plan-du-site\/\">Mapa del sitio<\/a><\/li><li class=\"elementor-sitemap-item elementor-sitemap-item-page page_item page-item-898\"><a href=\"https:\/\/abcosmetique.com\/es\/politique-de-confidentialite-2\/\">Pol\u00edtica de privacidad<\/a><\/li><li class=\"elementor-sitemap-item elementor-sitemap-item-page page_item page-item-7882\"><a href=\"https:\/\/abcosmetique.com\/es\/politique-de-cookies-ue\/\">Pol\u00edtica de cookies (UE)<\/a><\/li><li class=\"elementor-sitemap-item elementor-sitemap-item-page page_item page-item-1623\"><a href=\"https:\/\/abcosmetique.com\/es\/savoir-faire\/\">Conocimientos t\u00e9cnicos<\/a><\/li><li class=\"elementor-sitemap-item elementor-sitemap-item-page page_item page-item-1621\"><a href=\"https:\/\/abcosmetique.com\/es\/valeurs\/\">Valores<\/a><\/li><\/ul><\/div><div class=\"elementor-sitemap-section\"><h2 class=\"elementor-sitemap-title elementor-sitemap-post-title\">Entradas<\/h2><ul class=\"elementor-sitemap-list elementor-sitemap-post-list\"><li class=\"elementor-sitemap-item elementor-sitemap-item-post page_item page-item-7966\"><a href=\"https:\/\/abcosmetique.com\/es\/medaille-ecovadis\/\">Medalla EcoVadis<\/a><\/li><li class=\"elementor-sitemap-item elementor-sitemap-item-post page_item page-item-6115\"><a href=\"https:\/\/abcosmetique.com\/es\/hello-kitty\/\">Hello Kitty<\/a><\/li><li class=\"elementor-sitemap-item elementor-sitemap-item-post page_item page-item-3154\"><a href=\"https:\/\/abcosmetique.com\/es\/partenariat-leo\/\">Asociaci\u00f3n L\u00e9o<\/a><\/li><li class=\"elementor-sitemap-item elementor-sitemap-item-post page_item page-item-315\"><a href=\"https:\/\/abcosmetique.com\/es\/elementor-315\/\">Ushua\u00efa<\/a><\/li><\/ul><\/div><\/div>\t\t\t\t<\/div>\n\t\t\t\t\t<\/div>\n\t\t\t\t<\/div>\n\t\t\t\t<\/div>","protected":false},"excerpt":{"rendered":"","protected":false},"author":1,"featured_media":0,"parent":0,"menu_order":0,"comment_status":"closed","ping_status":"closed","template":"elementor_header_footer","meta":{"footnotes":""},"class_list":["post-4107","page","type-page","status-publish","hentry"],"yoast_head":"<!-- This site is optimized with the Yoast SEO plugin v26.4 - https:\/\/yoast.com\/wordpress\/plugins\/seo\/ -->\n<title>Abcosmetique - Plan du site<\/title>\n<meta name=\"description\" content=\"Consultez le plan du site ABC Distribution pour acc\u00e9der facilement \u00e0 toutes nos pages : Disney, Barbie, Franck Provost, Marvel, Hello Kitty...\" \/>\n<meta name=\"robots\" content=\"index, follow, max-snippet:-1, max-image-preview:large, max-video-preview:-1\" \/>\n<link rel=\"canonical\" href=\"https:\/\/abcosmetique.com\/es\/plan-du-site\/\" \/>\n<meta property=\"og:locale\" content=\"es_ES\" \/>\n<meta property=\"og:type\" content=\"article\" \/>\n<meta property=\"og:title\" content=\"Abcosmetique - Plan du site\" \/>\n<meta property=\"og:description\" content=\"Consultez le plan du site ABC Distribution pour acc\u00e9der facilement \u00e0 toutes nos pages : Disney, Barbie, Franck Provost, Marvel, Hello Kitty...\" \/>\n<meta property=\"og:url\" content=\"https:\/\/abcosmetique.com\/es\/plan-du-site\/\" \/>\n<meta property=\"og:site_name\" content=\"Abcosmetique\" \/>\n<meta property=\"article:modified_time\" content=\"2025-09-12T14:36:54+00:00\" \/>\n<meta name=\"twitter:card\" content=\"summary_large_image\" \/>\n<script type=\"application\/ld+json\" class=\"yoast-schema-graph\">{\"@context\":\"https:\/\/schema.org\",\"@graph\":[{\"@type\":\"WebPage\",\"@id\":\"https:\/\/abcosmetique.com\/plan-du-site\/\",\"url\":\"https:\/\/abcosmetique.com\/plan-du-site\/\",\"name\":\"Abcosmetique - Plan du site\",\"isPartOf\":{\"@id\":\"https:\/\/abcosmetique.com\/#website\"},\"datePublished\":\"2025-08-07T10:37:05+00:00\",\"dateModified\":\"2025-09-12T14:36:54+00:00\",\"description\":\"Consultez le plan du site ABC Distribution pour acc\u00e9der facilement \u00e0 toutes nos pages : Disney, Barbie, Franck Provost, Marvel, Hello Kitty...\",\"breadcrumb\":{\"@id\":\"https:\/\/abcosmetique.com\/plan-du-site\/#breadcrumb\"},\"inLanguage\":\"es\",\"potentialAction\":[{\"@type\":\"ReadAction\",\"target\":[\"https:\/\/abcosmetique.com\/plan-du-site\/\"]}]},{\"@type\":\"BreadcrumbList\",\"@id\":\"https:\/\/abcosmetique.com\/plan-du-site\/#breadcrumb\",\"itemListElement\":[{\"@type\":\"ListItem\",\"position\":1,\"name\":\"Accueil\",\"item\":\"https:\/\/abcosmetique.com\/\"},{\"@type\":\"ListItem\",\"position\":2,\"name\":\"Plan du site\"}]},{\"@type\":\"WebSite\",\"@id\":\"https:\/\/abcosmetique.com\/#website\",\"url\":\"https:\/\/abcosmetique.com\/\",\"name\":\"Abcosmetique\",\"description\":\"A travers nos marques de renomm\u00e9es internationales, ABC Distribution s&#039;engage depuis plus de 20 ans \u00e0 offrir un service et une exp\u00e9rience uniques \u00e0 nos consommateurs et \u00e0 nos partenaires. Fort de son expertise de la conception et gestion de gammes longues, ABC Distribution allie son savoir-faire logistique adapt\u00e9 aux besoins des grandes enseignes au service de proximit\u00e9 de notre force de vente en magasins.\",\"publisher\":{\"@id\":\"https:\/\/abcosmetique.com\/#organization\"},\"potentialAction\":[{\"@type\":\"SearchAction\",\"target\":{\"@type\":\"EntryPoint\",\"urlTemplate\":\"https:\/\/abcosmetique.com\/?s={search_term_string}\"},\"query-input\":{\"@type\":\"PropertyValueSpecification\",\"valueRequired\":true,\"valueName\":\"search_term_string\"}}],\"inLanguage\":\"es\"},{\"@type\":\"Organization\",\"@id\":\"https:\/\/abcosmetique.com\/#organization\",\"name\":\"Abcosmetique\",\"url\":\"https:\/\/abcosmetique.com\/\",\"logo\":{\"@type\":\"ImageObject\",\"inLanguage\":\"es\",\"@id\":\"https:\/\/abcosmetique.com\/#\/schema\/logo\/image\/\",\"url\":\"https:\/\/abcosmetique.com\/wp-content\/uploads\/2025\/07\/abc-logo.jpg\",\"contentUrl\":\"https:\/\/abcosmetique.com\/wp-content\/uploads\/2025\/07\/abc-logo.jpg\",\"width\":2362,\"height\":2361,\"caption\":\"Abcosmetique\"},\"image\":{\"@id\":\"https:\/\/abcosmetique.com\/#\/schema\/logo\/image\/\"},\"sameAs\":[\"https:\/\/fr.linkedin.com\/company\/abc-distribution\"]}]}<\/script>\n<!-- \/ Yoast SEO plugin. -->","yoast_head_json":{"title":"Abcosmetique - Plan du site","description":"Consultez le plan du site ABC Distribution pour acc\u00e9der facilement \u00e0 toutes nos pages : Disney, Barbie, Franck Provost, Marvel, Hello Kitty...","robots":{"index":"index","follow":"follow","max-snippet":"max-snippet:-1","max-image-preview":"max-image-preview:large","max-video-preview":"max-video-preview:-1"},"canonical":"https:\/\/abcosmetique.com\/es\/plan-du-site\/","og_locale":"es_ES","og_type":"article","og_title":"Abcosmetique - Plan du site","og_description":"Consultez le plan du site ABC Distribution pour acc\u00e9der facilement \u00e0 toutes nos pages : Disney, Barbie, Franck Provost, Marvel, Hello Kitty...","og_url":"https:\/\/abcosmetique.com\/es\/plan-du-site\/","og_site_name":"Abcosmetique","article_modified_time":"2025-09-12T14:36:54+00:00","twitter_card":"summary_large_image","schema":{"@context":"https:\/\/schema.org","@graph":[{"@type":"WebPage","@id":"https:\/\/abcosmetique.com\/plan-du-site\/","url":"https:\/\/abcosmetique.com\/plan-du-site\/","name":"Abcosmetique - Plan du site","isPartOf":{"@id":"https:\/\/abcosmetique.com\/#website"},"datePublished":"2025-08-07T10:37:05+00:00","dateModified":"2025-09-12T14:36:54+00:00","description":"Consultez le plan du site ABC Distribution pour acc\u00e9der facilement \u00e0 toutes nos pages : Disney, Barbie, Franck Provost, Marvel, Hello Kitty...","breadcrumb":{"@id":"https:\/\/abcosmetique.com\/plan-du-site\/#breadcrumb"},"inLanguage":"es","potentialAction":[{"@type":"ReadAction","target":["https:\/\/abcosmetique.com\/plan-du-site\/"]}]},{"@type":"BreadcrumbList","@id":"https:\/\/abcosmetique.com\/plan-du-site\/#breadcrumb","itemListElement":[{"@type":"ListItem","position":1,"name":"Accueil","item":"https:\/\/abcosmetique.com\/"},{"@type":"ListItem","position":2,"name":"Plan du site"}]},{"@type":"WebSite","@id":"https:\/\/abcosmetique.com\/#website","url":"https:\/\/abcosmetique.com\/","name":"Abcosmetique","description":"A trav\u00e9s de nuestras marcas de renombre internacional, ABC Distribution se compromete desde hace m\u00e1s de 20 a\u00f1os a ofrecer un servicio y una experiencia \u00fanicos a nuestros consumidores y socios. Gracias a su experiencia en el dise\u00f1o y la gesti\u00f3n de gamas largas, ABC Distribuci\u00f3n combina sus conocimientos log\u00edsticos adaptados a las necesidades de las grandes marcas con el servicio local de nuestra fuerza de ventas en tienda.","publisher":{"@id":"https:\/\/abcosmetique.com\/#organization"},"potentialAction":[{"@type":"SearchAction","target":{"@type":"EntryPoint","urlTemplate":"https:\/\/abcosmetique.com\/?s={search_term_string}"},"query-input":{"@type":"PropertyValueSpecification","valueRequired":true,"valueName":"search_term_string"}}],"inLanguage":"es"},{"@type":"Organization","@id":"https:\/\/abcosmetique.com\/#organization","name":"Abcosmetique","url":"https:\/\/abcosmetique.com\/","logo":{"@type":"ImageObject","inLanguage":"es","@id":"https:\/\/abcosmetique.com\/#\/schema\/logo\/image\/","url":"https:\/\/abcosmetique.com\/wp-content\/uploads\/2025\/07\/abc-logo.jpg","contentUrl":"https:\/\/abcosmetique.com\/wp-content\/uploads\/2025\/07\/abc-logo.jpg","width":2362,"height":2361,"caption":"Abcosmetique"},"image":{"@id":"https:\/\/abcosmetique.com\/#\/schema\/logo\/image\/"},"sameAs":["https:\/\/fr.linkedin.com\/company\/abc-distribution"]}]}},"_links":{"self":[{"href":"https:\/\/abcosmetique.com\/es\/wp-json\/wp\/v2\/pages\/4107","targetHints":{"allow":["GET"]}}],"collection":[{"href":"https:\/\/abcosmetique.com\/es\/wp-json\/wp\/v2\/pages"}],"about":[{"href":"https:\/\/abcosmetique.com\/es\/wp-json\/wp\/v2\/types\/page"}],"author":[{"embeddable":true,"href":"https:\/\/abcosmetique.com\/es\/wp-json\/wp\/v2\/users\/1"}],"replies":[{"embeddable":true,"href":"https:\/\/abcosmetique.com\/es\/wp-json\/wp\/v2\/comments?post=4107"}],"version-history":[{"count":5,"href":"https:\/\/abcosmetique.com\/es\/wp-json\/wp\/v2\/pages\/4107\/revisions"}],"predecessor-version":[{"id":7464,"href":"https:\/\/abcosmetique.com\/es\/wp-json\/wp\/v2\/pages\/4107\/revisions\/7464"}],"wp:attachment":[{"href":"https:\/\/abcosmetique.com\/es\/wp-json\/wp\/v2\/media?parent=4107"}],"curies":[{"name":"wp","href":"https:\/\/api.w.org\/{rel}","templated":true}]}}