{"id":1625,"date":"2025-07-28T11:23:47","date_gmt":"2025-07-28T09:23:47","guid":{"rendered":"http:\/\/abcosmetique.com\/?page_id=1625"},"modified":"2025-09-15T10:43:03","modified_gmt":"2025-09-15T08:43:03","slug":"linternational","status":"publish","type":"page","link":"https:\/\/abcosmetique.com\/nl\/linternational\/","title":{"rendered":"Internationale"},"content":{"rendered":"\t\t<div data-elementor-type=\"wp-page\" data-elementor-id=\"1625\" class=\"elementor elementor-1625\" data-elementor-post-type=\"page\">\n\t\t\t\t<div class=\"elementor-element elementor-element-8ae07f8 e-con-full e-flex elementor-invisible e-con e-parent\" data-id=\"8ae07f8\" data-element_type=\"container\" data-e-type=\"container\" data-settings=\"{&quot;background_background&quot;:&quot;classic&quot;,&quot;animation&quot;:&quot;fadeIn&quot;}\">\n\t\t<div class=\"elementor-element elementor-element-f0ddacc e-con-full e-flex e-con e-child\" data-id=\"f0ddacc\" data-element_type=\"container\" data-e-type=\"container\">\n\t\t\t\t<div class=\"elementor-element elementor-element-6cf46a2 elementor-widget__width-initial elementor-widget-mobile__width-initial elementor-widget elementor-widget-image\" data-id=\"6cf46a2\" data-element_type=\"widget\" data-e-type=\"widget\" data-widget_type=\"image.default\">\n\t\t\t\t\t\t\t\t\t\t\t\t\t\t\t<img fetchpriority=\"high\" decoding=\"async\" width=\"800\" height=\"600\" src=\"https:\/\/abcosmetique.com\/wp-content\/uploads\/2025\/09\/CARTE-PRESENCE-ABC-1600-x-1200-px-1024x768.png\" class=\"attachment-large size-large wp-image-6577\" alt=\"\" srcset=\"https:\/\/abcosmetique.com\/wp-content\/uploads\/2025\/09\/CARTE-PRESENCE-ABC-1600-x-1200-px-1024x768.png 1024w, https:\/\/abcosmetique.com\/wp-content\/uploads\/2025\/09\/CARTE-PRESENCE-ABC-1600-x-1200-px-300x225.png 300w, https:\/\/abcosmetique.com\/wp-content\/uploads\/2025\/09\/CARTE-PRESENCE-ABC-1600-x-1200-px-768x576.png 768w, https:\/\/abcosmetique.com\/wp-content\/uploads\/2025\/09\/CARTE-PRESENCE-ABC-1600-x-1200-px-1536x1152.png 1536w, https:\/\/abcosmetique.com\/wp-content\/uploads\/2025\/09\/CARTE-PRESENCE-ABC-1600-x-1200-px.png 1600w\" sizes=\"(max-width: 800px) 100vw, 800px\" \/>\t\t\t\t\t\t\t\t\t\t\t\t\t\t\t<\/div>\n\t\t\t\t<\/div>\n\t\t<div class=\"elementor-element elementor-element-923d101 e-con-full e-flex e-con e-child\" data-id=\"923d101\" data-element_type=\"container\" data-e-type=\"container\">\n\t\t\t\t<div class=\"elementor-element elementor-element-2b6b27a elementor-widget elementor-widget-heading\" data-id=\"2b6b27a\" data-element_type=\"widget\" data-e-type=\"widget\" data-widget_type=\"heading.default\">\n\t\t\t\t\t<h2 class=\"elementor-heading-title elementor-size-default\">L'INTERNATIONAL<\/h2>\t\t\t\t<\/div>\n\t\t\t\t<div class=\"elementor-element elementor-element-8bfbb06 elementor-widget-divider--view-line elementor-widget elementor-widget-divider\" data-id=\"8bfbb06\" data-element_type=\"widget\" data-e-type=\"widget\" data-widget_type=\"divider.default\">\n\t\t\t\t\t\t\t<div class=\"elementor-divider\">\n\t\t\t<span class=\"elementor-divider-separator\">\n\t\t\t\t\t\t<\/span>\n\t\t<\/div>\n\t\t\t\t\t\t<\/div>\n\t\t\t\t<div class=\"elementor-element elementor-element-3048a12 elementor-widget__width-initial elementor-widget elementor-widget-text-editor\" data-id=\"3048a12\" data-element_type=\"widget\" data-e-type=\"widget\" data-widget_type=\"text-editor.default\">\n\t\t\t\t\t\t\t\t\t<p>Une pr\u00e9sence internationale au service de nos marques<\/p>\t\t\t\t\t\t\t\t<\/div>\n\t\t\t\t<div class=\"elementor-element elementor-element-3191411 elementor-widget__width-inherit elementor-widget-mobile__width-initial elementor-widget elementor-widget-text-editor\" data-id=\"3191411\" data-element_type=\"widget\" data-e-type=\"widget\" data-widget_type=\"text-editor.default\">\n\t\t\t\t\t\t\t\t\t<p>Port\u00e9e par un r\u00e9seau de distributeurs partenaires et 4 filiales strat\u00e9giquement implant\u00e9es, <strong>ABC Distribution rayonne \u00e0 l\u2019international et accompagne le d\u00e9veloppement de ses marques dans plus de 50 pays.<\/strong><br \/>Cette organisation nous permet d\u2019assurer une couverture commerciale optimale, une logistique ma\u00eetris\u00e9e et une adaptation locale pour r\u00e9pondre aux sp\u00e9cificit\u00e9s de chaque march\u00e9.<\/p><p>Gr\u00e2ce \u00e0 cette vision globale et \u00e0 une expertise multiculturelle, <strong>nous faisons rayonner nos produits bien au-del\u00e0 des fronti\u00e8res.<\/strong><\/p>\t\t\t\t\t\t\t\t<\/div>\n\t\t\t\t<div class=\"elementor-element elementor-element-1573cc1 elementor-widget elementor-widget-spacer\" data-id=\"1573cc1\" data-element_type=\"widget\" data-e-type=\"widget\" data-widget_type=\"spacer.default\">\n\t\t\t\t\t\t\t<div class=\"elementor-spacer\">\n\t\t\t<div class=\"elementor-spacer-inner\"><\/div>\n\t\t<\/div>\n\t\t\t\t\t\t<\/div>\n\t\t\t\t<div class=\"elementor-element elementor-element-7548246 elementor-widget-mobile__width-initial elementor-widget elementor-widget-button\" data-id=\"7548246\" data-element_type=\"widget\" data-e-type=\"widget\" data-widget_type=\"button.default\">\n\t\t\t\t\t\t\t\t\t\t<a class=\"elementor-button elementor-button-link elementor-size-sm\" href=\"http:\/\/abcosmetique.com\/?page_id=5302\">\n\t\t\t\t\t\t<span class=\"elementor-button-content-wrapper\">\n\t\t\t\t\t\t\t\t\t<span class=\"elementor-button-text\">Vous souhaitez distribuer nos gammes ?<\/span>\n\t\t\t\t\t<\/span>\n\t\t\t\t\t<\/a>\n\t\t\t\t\t\t\t\t<\/div>\n\t\t\t\t<\/div>\n\t\t\t\t<\/div>\n\t\t<div class=\"elementor-element elementor-element-249112e e-flex e-con-boxed e-con e-parent\" data-id=\"249112e\" data-element_type=\"container\" data-e-type=\"container\" data-settings=\"{&quot;motion_fx_motion_fx_scrolling&quot;:&quot;yes&quot;,&quot;motion_fx_opacity_effect&quot;:&quot;yes&quot;,&quot;motion_fx_opacity_range&quot;:{&quot;unit&quot;:&quot;%&quot;,&quot;size&quot;:&quot;&quot;,&quot;sizes&quot;:{&quot;start&quot;:20,&quot;end&quot;:52}},&quot;motion_fx_opacity_direction&quot;:&quot;out-in&quot;,&quot;motion_fx_opacity_level&quot;:{&quot;unit&quot;:&quot;px&quot;,&quot;size&quot;:10,&quot;sizes&quot;:[]},&quot;motion_fx_devices&quot;:[&quot;desktop&quot;,&quot;tablet&quot;,&quot;mobile&quot;]}\">\n\t\t\t\t\t<div class=\"e-con-inner\">\n\t\t\t\t<div class=\"elementor-element elementor-element-e5dc50c elementor-widget elementor-widget-spacer\" data-id=\"e5dc50c\" data-element_type=\"widget\" data-e-type=\"widget\" data-widget_type=\"spacer.default\">\n\t\t\t\t\t\t\t<div class=\"elementor-spacer\">\n\t\t\t<div class=\"elementor-spacer-inner\"><\/div>\n\t\t<\/div>\n\t\t\t\t\t\t<\/div>\n\t\t\t\t<div class=\"elementor-element elementor-element-26925da elementor-widget elementor-widget-heading\" data-id=\"26925da\" data-element_type=\"widget\" data-e-type=\"widget\" data-widget_type=\"heading.default\">\n\t\t\t\t\t<h2 class=\"elementor-heading-title elementor-size-default\">NOS FILIALES<\/h2>\t\t\t\t<\/div>\n\t\t\t\t<div class=\"elementor-element elementor-element-3042e8a e-n-tabs-none elementor-widget elementor-widget-n-tabs\" data-id=\"3042e8a\" data-element_type=\"widget\" data-e-type=\"widget\" data-settings=\"{&quot;horizontal_scroll_mobile&quot;:&quot;disable&quot;,&quot;tabs_justify_horizontal_mobile&quot;:&quot;center&quot;,&quot;horizontal_scroll&quot;:&quot;disable&quot;}\" data-widget_type=\"nested-tabs.default\">\n\t\t\t\t\t\t\t<div class=\"e-n-tabs\" data-widget-number=\"50605706\" aria-label=\"Tabs. Open items with Enter or Space, close with Escape and navigate using the Arrow keys.\">\n\t\t\t<div class=\"e-n-tabs-heading\" role=\"tablist\">\n\t\t\t\t\t<button id=\"e-n-tab-title-506057061\" data-tab-title-id=\"e-n-tab-title-506057061\" class=\"e-n-tab-title\" aria-selected=\"true\" data-tab-index=\"1\" role=\"tab\" tabindex=\"0\" aria-controls=\"e-n-tab-content-506057061\" style=\"--n-tabs-title-order: 1;\">\n\t\t\t\t\t\t<span class=\"e-n-tab-title-text\">\n\t\t\t\tITALIE\t\t\t<\/span>\n\t\t<\/button>\n\t\t\t\t<button id=\"e-n-tab-title-506057062\" data-tab-title-id=\"e-n-tab-title-506057062\" class=\"e-n-tab-title\" aria-selected=\"false\" data-tab-index=\"2\" role=\"tab\" tabindex=\"-1\" aria-controls=\"e-n-tab-content-506057062\" style=\"--n-tabs-title-order: 2;\">\n\t\t\t\t\t\t<span class=\"e-n-tab-title-text\">\n\t\t\t\tPOLOGNE\t\t\t<\/span>\n\t\t<\/button>\n\t\t\t\t<button id=\"e-n-tab-title-506057063\" data-tab-title-id=\"e-n-tab-title-506057063\" class=\"e-n-tab-title\" aria-selected=\"false\" data-tab-index=\"3\" role=\"tab\" tabindex=\"-1\" aria-controls=\"e-n-tab-content-506057063\" style=\"--n-tabs-title-order: 3;\">\n\t\t\t\t\t\t<span class=\"e-n-tab-title-text\">\n\t\t\t\tESPAGNE\t\t\t<\/span>\n\t\t<\/button>\n\t\t\t\t<button id=\"e-n-tab-title-506057064\" data-tab-title-id=\"e-n-tab-title-506057064\" class=\"e-n-tab-title\" aria-selected=\"false\" data-tab-index=\"4\" role=\"tab\" tabindex=\"-1\" aria-controls=\"e-n-tab-content-506057064\" style=\"--n-tabs-title-order: 4;\">\n\t\t\t\t\t\t<span class=\"e-n-tab-title-text\">\n\t\t\t\tBELGIQUE\t\t\t<\/span>\n\t\t<\/button>\n\t\t\t\t\t<\/div>\n\t\t\t<div class=\"e-n-tabs-content\">\n\t\t\t\t<div id=\"e-n-tab-content-506057061\" role=\"tabpanel\" aria-labelledby=\"e-n-tab-title-506057061\" data-tab-index=\"1\" style=\"--n-tabs-title-order: 1;\" class=\"e-active elementor-element elementor-element-5211c68 e-con-full e-flex e-con e-child\" data-id=\"5211c68\" data-element_type=\"container\" data-e-type=\"container\">\n\t\t\t\t<div class=\"elementor-element elementor-element-06f660b elementor-widget__width-initial elementor-widget-mobile__width-initial elementor-widget elementor-widget-image\" data-id=\"06f660b\" data-element_type=\"widget\" data-e-type=\"widget\" data-widget_type=\"image.default\">\n\t\t\t\t\t\t\t\t\t\t\t\t\t\t\t<img decoding=\"async\" width=\"800\" height=\"531\" src=\"https:\/\/abcosmetique.com\/wp-content\/uploads\/2025\/09\/ABC-Foto-stabilimento-1024x680.png\" class=\"attachment-large size-large wp-image-7488\" alt=\"\" srcset=\"https:\/\/abcosmetique.com\/wp-content\/uploads\/2025\/09\/ABC-Foto-stabilimento-1024x680.png 1024w, https:\/\/abcosmetique.com\/wp-content\/uploads\/2025\/09\/ABC-Foto-stabilimento-300x199.png 300w, https:\/\/abcosmetique.com\/wp-content\/uploads\/2025\/09\/ABC-Foto-stabilimento-768x510.png 768w, https:\/\/abcosmetique.com\/wp-content\/uploads\/2025\/09\/ABC-Foto-stabilimento-1536x1020.png 1536w, https:\/\/abcosmetique.com\/wp-content\/uploads\/2025\/09\/ABC-Foto-stabilimento-2048x1360.png 2048w\" sizes=\"(max-width: 800px) 100vw, 800px\" \/>\t\t\t\t\t\t\t\t\t\t\t\t\t\t\t<\/div>\n\t\t\t\t<div class=\"elementor-element elementor-element-66e0977 elementor-widget elementor-widget-text-editor\" data-id=\"66e0977\" data-element_type=\"widget\" data-e-type=\"widget\" data-widget_type=\"text-editor.default\">\n\t\t\t\t\t\t\t\t\t<p><span data-teams=\"true\">Fond\u00e9e en 2016 par ABC Group, suite \u00e0 l\u2019acquisition de Paglieri Sell System, elle apporte au groupe ses trentes ans d\u2019expertise pr\u00e9cieuse dans le domaine cosm\u00e9tique acquise gr\u00e2ce au d\u00e9veloppement de marques historiques et importantes pour le march\u00e9 italien telles que HQ, MB Miss Broadway, Omnia Botanica ou encore Apoteke.<\/span><\/p>\t\t\t\t\t\t\t\t<\/div>\n\t\t\t\t<\/div>\n\t\t<div id=\"e-n-tab-content-506057062\" role=\"tabpanel\" aria-labelledby=\"e-n-tab-title-506057062\" data-tab-index=\"2\" style=\"--n-tabs-title-order: 2;\" class=\" elementor-element elementor-element-69d8c21 e-con-full e-flex e-con e-child\" data-id=\"69d8c21\" data-element_type=\"container\" data-e-type=\"container\">\n\t\t<div class=\"elementor-element elementor-element-2c102ac e-flex e-con-boxed e-con e-child\" data-id=\"2c102ac\" data-element_type=\"container\" data-e-type=\"container\">\n\t\t\t\t\t<div class=\"e-con-inner\">\n\t\t\t\t<div class=\"elementor-element elementor-element-a3d219e elementor-widget elementor-widget-text-editor\" data-id=\"a3d219e\" data-element_type=\"widget\" data-e-type=\"widget\" data-widget_type=\"text-editor.default\">\n\t\t\t\t\t\t\t\t\t<p>Cr\u00e9ateur de tendances sur le march\u00e9 polonais, la soci\u00e9t\u00e9 ABC Polska est pr\u00e9sente avec ses produits dans toutes les enseignes les plus importantes du pays. Nous r\u00e9pondons avec pr\u00e9cision aux demandes de nos partenaires pour trouver les marques ou gammes id\u00e9ales \u00e0 leur march\u00e9. La qualit\u00e9 de nos produits font de nous l\u2019alli\u00e9 incontournable de proximit\u00e9 sur le pays.<\/p><p>ABC Pologne repense sans cesse les gammes des produits de beaut\u00e9 afin d\u2019\u00eatre toujours plus innovant pour satisfaire vos consommateurs. Au service de la beaut\u00e9 depuis 2008, notre exp\u00e9rience et notre savoir-faire sur le march\u00e9 permettront l\u2019essor des marques propos\u00e9es sur tous les circuits de distribution. Nous appliquons l\u2019ensemble des r\u00e8glementations et autorisations du march\u00e9 polonais en r\u00e9pondant pr\u00e9cis\u00e9ment au cahier des charges.<\/p>\t\t\t\t\t\t\t\t<\/div>\n\t\t\t\t\t<\/div>\n\t\t\t\t<\/div>\n\t\t\t\t<\/div>\n\t\t<div id=\"e-n-tab-content-506057063\" role=\"tabpanel\" aria-labelledby=\"e-n-tab-title-506057063\" data-tab-index=\"3\" style=\"--n-tabs-title-order: 3;\" class=\" elementor-element elementor-element-f5d0b39 e-con-full e-flex e-con e-child\" data-id=\"f5d0b39\" data-element_type=\"container\" data-e-type=\"container\">\n\t\t\t\t<div class=\"elementor-element elementor-element-bde1e0c elementor-widget elementor-widget-text-editor\" data-id=\"bde1e0c\" data-element_type=\"widget\" data-e-type=\"widget\" data-widget_type=\"text-editor.default\">\n\t\t\t\t\t\t\t\t\t<p>En 2013, c\u2019est \u00e0 Madrid la capitale d\u2019Espagne que ABC s\u2019est enracin\u00e9e. Le march\u00e9 de la cosm\u00e9tique en Espagne est en pleine mutation. Ce qui nous permet de proposer des marques et produits diff\u00e9renciants \u00e0 l\u2019ensemble des acteurs de la distribution.<\/p>\t\t\t\t\t\t\t\t<\/div>\n\t\t\t\t<\/div>\n\t\t<div id=\"e-n-tab-content-506057064\" role=\"tabpanel\" aria-labelledby=\"e-n-tab-title-506057064\" data-tab-index=\"4\" style=\"--n-tabs-title-order: 4;\" class=\" elementor-element elementor-element-f758169 e-flex e-con-boxed e-con e-child\" data-id=\"f758169\" data-element_type=\"container\" data-e-type=\"container\">\n\t\t\t\t\t<div class=\"e-con-inner\">\n\t\t\t\t<div class=\"elementor-element elementor-element-ae98697 elementor-widget elementor-widget-text-editor\" data-id=\"ae98697\" data-element_type=\"widget\" data-e-type=\"widget\" data-widget_type=\"text-editor.default\">\n\t\t\t\t\t\t\t\t\t<p>Les pays du BENELUX ont une importance cruciale pour ABC afin de proposer ses marques beaut\u00e9 et cosm\u00e9tique aupr\u00e8s des distributeurs des pays du Nord de l\u2019Europe. En 2009, ABC s\u2019installe \u00e0 Bruxelles et favorise la commercialisation de ses produits.<\/p>\t\t\t\t\t\t\t\t<\/div>\n\t\t\t\t\t<\/div>\n\t\t\t\t<\/div>\n\t\t\t\t\t<\/div>\n\t\t<\/div>\n\t\t\t\t\t\t<\/div>\n\t\t\t\t\t<\/div>\n\t\t\t\t<\/div>\n\t\t\t\t<\/div>\n\t\t","protected":false},"excerpt":{"rendered":"<p>L&rsquo;INTERNATIONAL Une pr\u00e9sence internationale au service de nos marques Port\u00e9e par un r\u00e9seau de distributeurs partenaires et 4 filiales strat\u00e9giquement implant\u00e9es, ABC Distribution rayonne \u00e0 l\u2019international et accompagne le d\u00e9veloppement de ses marques dans plus de 50 pays.Cette organisation nous permet d\u2019assurer une couverture commerciale optimale, une logistique ma\u00eetris\u00e9e et une adaptation locale pour r\u00e9pondre [&hellip;]<\/p>\n","protected":false},"author":1,"featured_media":0,"parent":0,"menu_order":0,"comment_status":"closed","ping_status":"closed","template":"elementor_header_footer","meta":{"footnotes":""},"class_list":["post-1625","page","type-page","status-publish","hentry"],"yoast_head":"<!-- This site is optimized with the Yoast SEO plugin v26.4 - https:\/\/yoast.com\/wordpress\/plugins\/seo\/ -->\n<title>Abcosmetique - L&#039;international<\/title>\n<meta name=\"description\" content=\"ABC Distribution rayonne \u00e0 l\u2019international et accompagne le d\u00e9veloppement de ses marques dans plus de 50 pays avec ses 4 filiales.\" \/>\n<meta name=\"robots\" content=\"index, follow, max-snippet:-1, max-image-preview:large, max-video-preview:-1\" \/>\n<link rel=\"canonical\" href=\"https:\/\/abcosmetique.com\/nl\/linternational\/\" \/>\n<meta property=\"og:locale\" content=\"nl_BE\" \/>\n<meta property=\"og:type\" content=\"article\" \/>\n<meta property=\"og:title\" content=\"Abcosmetique - L&#039;international\" \/>\n<meta property=\"og:description\" content=\"ABC Distribution rayonne \u00e0 l\u2019international et accompagne le d\u00e9veloppement de ses marques dans plus de 50 pays avec ses 4 filiales.\" \/>\n<meta property=\"og:url\" content=\"https:\/\/abcosmetique.com\/nl\/linternational\/\" \/>\n<meta property=\"og:site_name\" content=\"Abcosmetique\" \/>\n<meta property=\"article:modified_time\" content=\"2025-09-15T08:43:03+00:00\" \/>\n<meta property=\"og:image\" content=\"http:\/\/abcosmetique.com\/wp-content\/uploads\/2025\/09\/CARTE-PRESENCE-ABC-1600-x-1200-px-1024x768.png\" \/>\n<meta name=\"twitter:card\" content=\"summary_large_image\" \/>\n<meta name=\"twitter:label1\" content=\"Geschatte leestijd\" \/>\n\t<meta name=\"twitter:data1\" content=\"4 minuten\" \/>\n<script type=\"application\/ld+json\" class=\"yoast-schema-graph\">{\"@context\":\"https:\/\/schema.org\",\"@graph\":[{\"@type\":\"WebPage\",\"@id\":\"https:\/\/abcosmetique.com\/linternational\/\",\"url\":\"https:\/\/abcosmetique.com\/linternational\/\",\"name\":\"Abcosmetique - L'international\",\"isPartOf\":{\"@id\":\"https:\/\/abcosmetique.com\/#website\"},\"primaryImageOfPage\":{\"@id\":\"https:\/\/abcosmetique.com\/linternational\/#primaryimage\"},\"image\":{\"@id\":\"https:\/\/abcosmetique.com\/linternational\/#primaryimage\"},\"thumbnailUrl\":\"http:\/\/abcosmetique.com\/wp-content\/uploads\/2025\/09\/CARTE-PRESENCE-ABC-1600-x-1200-px-1024x768.png\",\"datePublished\":\"2025-07-28T09:23:47+00:00\",\"dateModified\":\"2025-09-15T08:43:03+00:00\",\"description\":\"ABC Distribution rayonne \u00e0 l\u2019international et accompagne le d\u00e9veloppement de ses marques dans plus de 50 pays avec ses 4 filiales.\",\"breadcrumb\":{\"@id\":\"https:\/\/abcosmetique.com\/linternational\/#breadcrumb\"},\"inLanguage\":\"nl-BE\",\"potentialAction\":[{\"@type\":\"ReadAction\",\"target\":[\"https:\/\/abcosmetique.com\/linternational\/\"]}]},{\"@type\":\"ImageObject\",\"inLanguage\":\"nl-BE\",\"@id\":\"https:\/\/abcosmetique.com\/linternational\/#primaryimage\",\"url\":\"http:\/\/abcosmetique.com\/wp-content\/uploads\/2025\/09\/CARTE-PRESENCE-ABC-1600-x-1200-px-1024x768.png\",\"contentUrl\":\"http:\/\/abcosmetique.com\/wp-content\/uploads\/2025\/09\/CARTE-PRESENCE-ABC-1600-x-1200-px-1024x768.png\"},{\"@type\":\"BreadcrumbList\",\"@id\":\"https:\/\/abcosmetique.com\/linternational\/#breadcrumb\",\"itemListElement\":[{\"@type\":\"ListItem\",\"position\":1,\"name\":\"Accueil\",\"item\":\"https:\/\/abcosmetique.com\/\"},{\"@type\":\"ListItem\",\"position\":2,\"name\":\"L&rsquo;international\"}]},{\"@type\":\"WebSite\",\"@id\":\"https:\/\/abcosmetique.com\/#website\",\"url\":\"https:\/\/abcosmetique.com\/\",\"name\":\"Abcosmetique\",\"description\":\"A travers nos marques de renomm\u00e9es internationales, ABC Distribution s&#039;engage depuis plus de 20 ans \u00e0 offrir un service et une exp\u00e9rience uniques \u00e0 nos consommateurs et \u00e0 nos partenaires. Fort de son expertise de la conception et gestion de gammes longues, ABC Distribution allie son savoir-faire logistique adapt\u00e9 aux besoins des grandes enseignes au service de proximit\u00e9 de notre force de vente en magasins.\",\"publisher\":{\"@id\":\"https:\/\/abcosmetique.com\/#organization\"},\"potentialAction\":[{\"@type\":\"SearchAction\",\"target\":{\"@type\":\"EntryPoint\",\"urlTemplate\":\"https:\/\/abcosmetique.com\/?s={search_term_string}\"},\"query-input\":{\"@type\":\"PropertyValueSpecification\",\"valueRequired\":true,\"valueName\":\"search_term_string\"}}],\"inLanguage\":\"nl-BE\"},{\"@type\":\"Organization\",\"@id\":\"https:\/\/abcosmetique.com\/#organization\",\"name\":\"Abcosmetique\",\"url\":\"https:\/\/abcosmetique.com\/\",\"logo\":{\"@type\":\"ImageObject\",\"inLanguage\":\"nl-BE\",\"@id\":\"https:\/\/abcosmetique.com\/#\/schema\/logo\/image\/\",\"url\":\"https:\/\/abcosmetique.com\/wp-content\/uploads\/2025\/07\/abc-logo.jpg\",\"contentUrl\":\"https:\/\/abcosmetique.com\/wp-content\/uploads\/2025\/07\/abc-logo.jpg\",\"width\":2362,\"height\":2361,\"caption\":\"Abcosmetique\"},\"image\":{\"@id\":\"https:\/\/abcosmetique.com\/#\/schema\/logo\/image\/\"},\"sameAs\":[\"https:\/\/fr.linkedin.com\/company\/abc-distribution\"]}]}<\/script>\n<!-- \/ Yoast SEO plugin. -->","yoast_head_json":{"title":"Abcosmetique - Belgi\u00eb","description":"ABC Distribution is internationaal actief en ondersteunt de ontwikkeling van haar merken in meer dan 50 landen via haar 4 dochterondernemingen.","robots":{"index":"index","follow":"follow","max-snippet":"max-snippet:-1","max-image-preview":"max-image-preview:large","max-video-preview":"max-video-preview:-1"},"canonical":"https:\/\/abcosmetique.com\/nl\/linternational\/","og_locale":"nl_BE","og_type":"article","og_title":"Abcosmetique - L'international","og_description":"ABC Distribution rayonne \u00e0 l\u2019international et accompagne le d\u00e9veloppement de ses marques dans plus de 50 pays avec ses 4 filiales.","og_url":"https:\/\/abcosmetique.com\/nl\/linternational\/","og_site_name":"Abcosmetique","article_modified_time":"2025-09-15T08:43:03+00:00","og_image":[{"url":"http:\/\/abcosmetique.com\/wp-content\/uploads\/2025\/09\/CARTE-PRESENCE-ABC-1600-x-1200-px-1024x768.png","type":"","width":"","height":""}],"twitter_card":"summary_large_image","twitter_misc":{"Geschatte leestijd":"4 minuten"},"schema":{"@context":"https:\/\/schema.org","@graph":[{"@type":"WebPage","@id":"https:\/\/abcosmetique.com\/linternational\/","url":"https:\/\/abcosmetique.com\/linternational\/","name":"Abcosmetique - Belgi\u00eb","isPartOf":{"@id":"https:\/\/abcosmetique.com\/#website"},"primaryImageOfPage":{"@id":"https:\/\/abcosmetique.com\/linternational\/#primaryimage"},"image":{"@id":"https:\/\/abcosmetique.com\/linternational\/#primaryimage"},"thumbnailUrl":"http:\/\/abcosmetique.com\/wp-content\/uploads\/2025\/09\/CARTE-PRESENCE-ABC-1600-x-1200-px-1024x768.png","datePublished":"2025-07-28T09:23:47+00:00","dateModified":"2025-09-15T08:43:03+00:00","description":"ABC Distribution is internationaal actief en ondersteunt de ontwikkeling van haar merken in meer dan 50 landen via haar 4 dochterondernemingen.","breadcrumb":{"@id":"https:\/\/abcosmetique.com\/linternational\/#breadcrumb"},"inLanguage":"nl-BE","potentialAction":[{"@type":"ReadAction","target":["https:\/\/abcosmetique.com\/linternational\/"]}]},{"@type":"ImageObject","inLanguage":"nl-BE","@id":"https:\/\/abcosmetique.com\/linternational\/#primaryimage","url":"http:\/\/abcosmetique.com\/wp-content\/uploads\/2025\/09\/CARTE-PRESENCE-ABC-1600-x-1200-px-1024x768.png","contentUrl":"http:\/\/abcosmetique.com\/wp-content\/uploads\/2025\/09\/CARTE-PRESENCE-ABC-1600-x-1200-px-1024x768.png"},{"@type":"BreadcrumbList","@id":"https:\/\/abcosmetique.com\/linternational\/#breadcrumb","itemListElement":[{"@type":"ListItem","position":1,"name":"Accueil","item":"https:\/\/abcosmetique.com\/"},{"@type":"ListItem","position":2,"name":"L&rsquo;international"}]},{"@type":"WebSite","@id":"https:\/\/abcosmetique.com\/#website","url":"https:\/\/abcosmetique.com\/","name":"Abcosmetique","description":"Via onze internationaal gerenommeerde merken zet ABC Distribution zich al meer dan 20 jaar in om een unieke service en ervaring te bieden aan onze consumenten en partners. Met zijn expertise in het ontwerpen en beheren van lange assortimenten combineert ABC Distribution zijn logistieke knowhow, aangepast aan de behoeften van de grote merken, met de lokale service van ons verkoopteam in de winkels.","publisher":{"@id":"https:\/\/abcosmetique.com\/#organization"},"potentialAction":[{"@type":"SearchAction","target":{"@type":"EntryPoint","urlTemplate":"https:\/\/abcosmetique.com\/?s={search_term_string}"},"query-input":{"@type":"PropertyValueSpecification","valueRequired":true,"valueName":"search_term_string"}}],"inLanguage":"nl-BE"},{"@type":"Organization","@id":"https:\/\/abcosmetique.com\/#organization","name":"Abcosmetique","url":"https:\/\/abcosmetique.com\/","logo":{"@type":"ImageObject","inLanguage":"nl-BE","@id":"https:\/\/abcosmetique.com\/#\/schema\/logo\/image\/","url":"https:\/\/abcosmetique.com\/wp-content\/uploads\/2025\/07\/abc-logo.jpg","contentUrl":"https:\/\/abcosmetique.com\/wp-content\/uploads\/2025\/07\/abc-logo.jpg","width":2362,"height":2361,"caption":"Abcosmetique"},"image":{"@id":"https:\/\/abcosmetique.com\/#\/schema\/logo\/image\/"},"sameAs":["https:\/\/fr.linkedin.com\/company\/abc-distribution"]}]}},"_links":{"self":[{"href":"https:\/\/abcosmetique.com\/nl\/wp-json\/wp\/v2\/pages\/1625","targetHints":{"allow":["GET"]}}],"collection":[{"href":"https:\/\/abcosmetique.com\/nl\/wp-json\/wp\/v2\/pages"}],"about":[{"href":"https:\/\/abcosmetique.com\/nl\/wp-json\/wp\/v2\/types\/page"}],"author":[{"embeddable":true,"href":"https:\/\/abcosmetique.com\/nl\/wp-json\/wp\/v2\/users\/1"}],"replies":[{"embeddable":true,"href":"https:\/\/abcosmetique.com\/nl\/wp-json\/wp\/v2\/comments?post=1625"}],"version-history":[{"count":164,"href":"https:\/\/abcosmetique.com\/nl\/wp-json\/wp\/v2\/pages\/1625\/revisions"}],"predecessor-version":[{"id":7579,"href":"https:\/\/abcosmetique.com\/nl\/wp-json\/wp\/v2\/pages\/1625\/revisions\/7579"}],"wp:attachment":[{"href":"https:\/\/abcosmetique.com\/nl\/wp-json\/wp\/v2\/media?parent=1625"}],"curies":[{"name":"wp","href":"https:\/\/api.w.org\/{rel}","templated":true}]}}