{"id":2004,"date":"2025-07-29T14:55:10","date_gmt":"2025-07-29T12:55:10","guid":{"rendered":"http:\/\/abcosmetique.com\/?page_id=2004"},"modified":"2025-09-15T11:30:09","modified_gmt":"2025-09-15T09:30:09","slug":"pharmacie","status":"publish","type":"page","link":"https:\/\/abcosmetique.com\/nl\/pharmacie\/","title":{"rendered":"Apotheek"},"content":{"rendered":"\t\t<div data-elementor-type=\"wp-page\" data-elementor-id=\"2004\" class=\"elementor elementor-2004\" data-elementor-post-type=\"page\">\n\t\t\t\t<div class=\"elementor-element elementor-element-23a455f e-con-full e-flex e-con e-parent\" data-id=\"23a455f\" data-element_type=\"container\" data-e-type=\"container\" data-settings=\"{&quot;background_background&quot;:&quot;classic&quot;}\">\n\t\t<div class=\"elementor-element elementor-element-f39ba03 e-con-full e-flex e-con e-child\" data-id=\"f39ba03\" data-element_type=\"container\" data-e-type=\"container\">\n\t\t\t\t<div class=\"elementor-element elementor-element-5c87af1 elementor-widget__width-initial elementor-widget-mobile__width-initial elementor-widget elementor-widget-image\" data-id=\"5c87af1\" data-element_type=\"widget\" data-e-type=\"widget\" data-widget_type=\"image.default\">\n\t\t\t\t\t\t\t\t\t\t\t\t\t\t\t<img fetchpriority=\"high\" decoding=\"async\" width=\"800\" height=\"640\" src=\"https:\/\/abcosmetique.com\/wp-content\/uploads\/2025\/09\/SEGMENTS-PHARMA-3-1024x819.png\" class=\"attachment-large size-large wp-image-6973\" alt=\"\" srcset=\"https:\/\/abcosmetique.com\/wp-content\/uploads\/2025\/09\/SEGMENTS-PHARMA-3-1024x819.png 1024w, https:\/\/abcosmetique.com\/wp-content\/uploads\/2025\/09\/SEGMENTS-PHARMA-3-300x240.png 300w, https:\/\/abcosmetique.com\/wp-content\/uploads\/2025\/09\/SEGMENTS-PHARMA-3-768x614.png 768w, https:\/\/abcosmetique.com\/wp-content\/uploads\/2025\/09\/SEGMENTS-PHARMA-3-1536x1229.png 1536w, https:\/\/abcosmetique.com\/wp-content\/uploads\/2025\/09\/SEGMENTS-PHARMA-3.png 2000w\" sizes=\"(max-width: 800px) 100vw, 800px\" \/>\t\t\t\t\t\t\t\t\t\t\t\t\t\t\t<\/div>\n\t\t\t\t<\/div>\n\t\t<div class=\"elementor-element elementor-element-66f4bf9 e-con-full e-flex e-con e-child\" data-id=\"66f4bf9\" data-element_type=\"container\" data-e-type=\"container\">\n\t\t\t\t<div class=\"elementor-element elementor-element-a8d8a52 elementor-widget elementor-widget-heading\" data-id=\"a8d8a52\" data-element_type=\"widget\" data-e-type=\"widget\" data-widget_type=\"heading.default\">\n\t\t\t\t\t<h2 class=\"elementor-heading-title elementor-size-default\">PHARMACIE<\/h2>\t\t\t\t<\/div>\n\t\t\t\t<div class=\"elementor-element elementor-element-d98b842 elementor-widget-divider--view-line elementor-widget elementor-widget-divider\" data-id=\"d98b842\" data-element_type=\"widget\" data-e-type=\"widget\" data-widget_type=\"divider.default\">\n\t\t\t\t\t\t\t<div class=\"elementor-divider\">\n\t\t\t<span class=\"elementor-divider-separator\">\n\t\t\t\t\t\t<\/span>\n\t\t<\/div>\n\t\t\t\t\t\t<\/div>\n\t\t\t\t<div class=\"elementor-element elementor-element-d28bdd4 elementor-widget__width-initial elementor-widget elementor-widget-text-editor\" data-id=\"d28bdd4\" data-element_type=\"widget\" data-e-type=\"widget\" data-widget_type=\"text-editor.default\">\n\t\t\t\t\t\t\t\t\t<p class=\"p1\">L\u2019expertise ABC en pharmacie<\/p>\t\t\t\t\t\t\t\t<\/div>\n\t\t\t\t<div class=\"elementor-element elementor-element-84dd2d1 elementor-widget__width-inherit elementor-widget-mobile__width-initial elementor-widget elementor-widget-text-editor\" data-id=\"84dd2d1\" data-element_type=\"widget\" data-e-type=\"widget\" data-widget_type=\"text-editor.default\">\n\t\t\t\t\t\t\t\t\t<p class=\"p1\">Chez ABC Distribution, nous mettons notre savoir-faire au service de la sant\u00e9 et du soin quotidien. Avec Apoteke, nous proposons des gammes expertes et accessibles couvrant les besoins essentiels : pansements pour les bobos du quotidien, podologie pour le confort et le soin des pieds, et buccodentaire pour une hygi\u00e8ne irr\u00e9prochable.<\/p>\t\t\t\t\t\t\t\t<\/div>\n\t\t\t\t<\/div>\n\t\t\t\t<\/div>\n\t\t<div class=\"elementor-element elementor-element-276a6c0 e-flex e-con-boxed e-con e-parent\" data-id=\"276a6c0\" data-element_type=\"container\" data-e-type=\"container\">\n\t\t\t\t\t<div class=\"e-con-inner\">\n\t\t\t\t<div class=\"elementor-element elementor-element-39088ea elementor-widget elementor-widget-heading\" data-id=\"39088ea\" data-element_type=\"widget\" data-e-type=\"widget\" data-settings=\"{&quot;motion_fx_motion_fx_scrolling&quot;:&quot;yes&quot;,&quot;motion_fx_translateX_effect&quot;:&quot;yes&quot;,&quot;motion_fx_translateX_direction&quot;:&quot;negative&quot;,&quot;motion_fx_translateX_speed&quot;:{&quot;unit&quot;:&quot;px&quot;,&quot;size&quot;:1.5,&quot;sizes&quot;:[]},&quot;motion_fx_translateX_affectedRange&quot;:{&quot;unit&quot;:&quot;%&quot;,&quot;size&quot;:&quot;&quot;,&quot;sizes&quot;:{&quot;start&quot;:25,&quot;end&quot;:50}},&quot;motion_fx_devices&quot;:[&quot;desktop&quot;,&quot;tablet&quot;]}\" data-widget_type=\"heading.default\">\n\t\t\t\t\t<h2 class=\"elementor-heading-title elementor-size-default\">LES MARQUES<\/h2>\t\t\t\t<\/div>\n\t\t\t\t<div class=\"elementor-element elementor-element-d88a78a elementor-widget__width-initial elementor-widget-mobile__width-initial elementor-widget elementor-widget-image\" data-id=\"d88a78a\" data-element_type=\"widget\" data-e-type=\"widget\" data-settings=\"{&quot;motion_fx_motion_fx_scrolling&quot;:&quot;yes&quot;,&quot;motion_fx_translateY_effect&quot;:&quot;yes&quot;,&quot;motion_fx_translateY_speed&quot;:{&quot;unit&quot;:&quot;px&quot;,&quot;size&quot;:2,&quot;sizes&quot;:[]},&quot;motion_fx_translateY_affectedRange&quot;:{&quot;unit&quot;:&quot;%&quot;,&quot;size&quot;:&quot;&quot;,&quot;sizes&quot;:{&quot;start&quot;:20,&quot;end&quot;:50}},&quot;motion_fx_devices&quot;:[&quot;desktop&quot;,&quot;tablet&quot;]}\" data-widget_type=\"image.default\">\n\t\t\t\t\t\t\t\t\t\t\t\t\t\t\t\t<a href=\"http:\/\/abcosmetique.com\/?page_id=1641\">\n\t\t\t\t\t\t\t<img decoding=\"async\" width=\"800\" height=\"800\" src=\"https:\/\/abcosmetique.com\/wp-content\/uploads\/2025\/07\/Plan-de-travail-1-copie-13-1-1024x1024.png\" class=\"attachment-large size-large wp-image-1051\" alt=\"\" srcset=\"https:\/\/abcosmetique.com\/wp-content\/uploads\/2025\/07\/Plan-de-travail-1-copie-13-1-1024x1024.png 1024w, https:\/\/abcosmetique.com\/wp-content\/uploads\/2025\/07\/Plan-de-travail-1-copie-13-1-300x300.png 300w, https:\/\/abcosmetique.com\/wp-content\/uploads\/2025\/07\/Plan-de-travail-1-copie-13-1-150x150.png 150w, https:\/\/abcosmetique.com\/wp-content\/uploads\/2025\/07\/Plan-de-travail-1-copie-13-1-768x768.png 768w, https:\/\/abcosmetique.com\/wp-content\/uploads\/2025\/07\/Plan-de-travail-1-copie-13-1-12x12.png 12w, https:\/\/abcosmetique.com\/wp-content\/uploads\/2025\/07\/Plan-de-travail-1-copie-13-1.png 1200w\" sizes=\"(max-width: 800px) 100vw, 800px\" \/>\t\t\t\t\t\t\t\t<\/a>\n\t\t\t\t\t\t\t\t\t\t\t\t\t\t\t<\/div>\n\t\t\t\t\t<\/div>\n\t\t\t\t<\/div>\n\t\t<div class=\"elementor-element elementor-element-3142e92 e-con-full e-flex e-con e-parent\" data-id=\"3142e92\" data-element_type=\"container\" data-e-type=\"container\" data-settings=\"{&quot;background_background&quot;:&quot;classic&quot;,&quot;motion_fx_motion_fx_scrolling&quot;:&quot;yes&quot;,&quot;motion_fx_opacity_effect&quot;:&quot;yes&quot;,&quot;motion_fx_opacity_level&quot;:{&quot;unit&quot;:&quot;px&quot;,&quot;size&quot;:5,&quot;sizes&quot;:[]},&quot;motion_fx_opacity_range&quot;:{&quot;unit&quot;:&quot;%&quot;,&quot;size&quot;:&quot;&quot;,&quot;sizes&quot;:{&quot;start&quot;:20,&quot;end&quot;:50}},&quot;motion_fx_opacity_direction&quot;:&quot;out-in&quot;,&quot;motion_fx_devices&quot;:[&quot;desktop&quot;,&quot;tablet&quot;,&quot;mobile&quot;]}\">\n\t\t<div class=\"elementor-element elementor-element-f532807 e-flex e-con-boxed e-con e-child\" data-id=\"f532807\" data-element_type=\"container\" data-e-type=\"container\" data-settings=\"{&quot;background_background&quot;:&quot;slideshow&quot;,&quot;background_slideshow_gallery&quot;:[],&quot;background_slideshow_loop&quot;:&quot;yes&quot;,&quot;background_slideshow_slide_duration&quot;:5000,&quot;background_slideshow_slide_transition&quot;:&quot;fade&quot;,&quot;background_slideshow_transition_duration&quot;:500}\">\n\t\t\t\t\t<div class=\"e-con-inner\">\n\t\t\t\t<div class=\"elementor-element elementor-element-335ddde elementor-widget elementor-widget-heading\" data-id=\"335ddde\" data-element_type=\"widget\" data-e-type=\"widget\" data-widget_type=\"heading.default\">\n\t\t\t\t\t<h2 class=\"elementor-heading-title elementor-size-default\">Les univers<\/h2>\t\t\t\t<\/div>\n\t\t\t\t\t<\/div>\n\t\t\t\t<\/div>\n\t\t<div class=\"elementor-element elementor-element-0ac50d9 e-grid e-con-boxed e-con e-child\" data-id=\"0ac50d9\" data-element_type=\"container\" data-e-type=\"container\">\n\t\t\t\t\t<div class=\"e-con-inner\">\n\t\t<div class=\"elementor-element elementor-element-4739a6f e-con-full e-flex e-con e-child\" data-id=\"4739a6f\" data-element_type=\"container\" data-e-type=\"container\">\n\t\t\t\t<div class=\"elementor-element elementor-element-2e6102c elementor-cta--skin-cover elementor-cta--valign-middle elementor-widget__width-inherit elementor-widget elementor-widget-call-to-action\" data-id=\"2e6102c\" data-element_type=\"widget\" data-e-type=\"widget\" data-widget_type=\"call-to-action.default\">\n\t\t\t\t\t\t\t<div class=\"elementor-cta\">\n\t\t\t\t\t<div class=\"elementor-cta__bg-wrapper\">\n\t\t\t\t<div class=\"elementor-cta__bg elementor-bg\" style=\"background-image: url(https:\/\/abcosmetique.com\/wp-content\/uploads\/2025\/08\/gamme1-3-683x1024.png);\" role=\"img\" aria-label=\"gamme1\"><\/div>\n\t\t\t\t<div class=\"elementor-cta__bg-overlay\"><\/div>\n\t\t\t<\/div>\n\t\t\t\t\t\t\t<div class=\"elementor-cta__content\">\n\t\t\t\t\n\t\t\t\t\t\t\t\t\t<h2 class=\"elementor-cta__title elementor-cta__content-item elementor-content-item\">\n\t\t\t\t\t\tBUCCODENTAIRE\t\t\t\t\t<\/h2>\n\t\t\t\t\n\t\t\t\t\n\t\t\t\t\t\t\t<\/div>\n\t\t\t\t\t\t<\/div>\n\t\t\t\t\t\t<\/div>\n\t\t\t\t<\/div>\n\t\t<div class=\"elementor-element elementor-element-3ad8f2a e-con-full e-flex e-con e-child\" data-id=\"3ad8f2a\" data-element_type=\"container\" data-e-type=\"container\">\n\t\t\t\t<div class=\"elementor-element elementor-element-d2e8458 elementor-cta--skin-cover elementor-cta--valign-middle elementor-widget__width-inherit elementor-widget elementor-widget-call-to-action\" data-id=\"d2e8458\" data-element_type=\"widget\" data-e-type=\"widget\" data-widget_type=\"call-to-action.default\">\n\t\t\t\t\t\t\t<div class=\"elementor-cta\">\n\t\t\t\t\t<div class=\"elementor-cta__bg-wrapper\">\n\t\t\t\t<div class=\"elementor-cta__bg elementor-bg\" style=\"background-image: url(https:\/\/abcosmetique.com\/wp-content\/uploads\/2025\/08\/gamme3-2-683x1024.png);\" role=\"img\" aria-label=\"gamme3\"><\/div>\n\t\t\t\t<div class=\"elementor-cta__bg-overlay\"><\/div>\n\t\t\t<\/div>\n\t\t\t\t\t\t\t<div class=\"elementor-cta__content\">\n\t\t\t\t\n\t\t\t\t\t\t\t\t\t<h2 class=\"elementor-cta__title elementor-cta__content-item elementor-content-item\">\n\t\t\t\t\t\tPODOLOGIE\t\t\t\t\t<\/h2>\n\t\t\t\t\n\t\t\t\t\n\t\t\t\t\t\t\t<\/div>\n\t\t\t\t\t\t<\/div>\n\t\t\t\t\t\t<\/div>\n\t\t\t\t<\/div>\n\t\t<div class=\"elementor-element elementor-element-1e7e97e e-con-full e-flex e-con e-child\" data-id=\"1e7e97e\" data-element_type=\"container\" data-e-type=\"container\">\n\t\t\t\t<div class=\"elementor-element elementor-element-507ead7 elementor-cta--skin-cover elementor-cta--valign-middle elementor-widget__width-inherit elementor-widget elementor-widget-call-to-action\" data-id=\"507ead7\" data-element_type=\"widget\" data-e-type=\"widget\" data-widget_type=\"call-to-action.default\">\n\t\t\t\t\t\t\t<div class=\"elementor-cta\">\n\t\t\t\t\t<div class=\"elementor-cta__bg-wrapper\">\n\t\t\t\t<div class=\"elementor-cta__bg elementor-bg\" style=\"background-image: url(https:\/\/abcosmetique.com\/wp-content\/uploads\/2025\/08\/gamme2-3-683x1024.png);\" role=\"img\" aria-label=\"gamme2\"><\/div>\n\t\t\t\t<div class=\"elementor-cta__bg-overlay\"><\/div>\n\t\t\t<\/div>\n\t\t\t\t\t\t\t<div class=\"elementor-cta__content\">\n\t\t\t\t\n\t\t\t\t\t\t\t\t\t<h2 class=\"elementor-cta__title elementor-cta__content-item elementor-content-item\">\n\t\t\t\t\t\tANTI-IMPERFECTION\t\t\t\t\t<\/h2>\n\t\t\t\t\n\t\t\t\t\n\t\t\t\t\t\t\t<\/div>\n\t\t\t\t\t\t<\/div>\n\t\t\t\t\t\t<\/div>\n\t\t\t\t<\/div>\n\t\t\t\t\t<\/div>\n\t\t\t\t<\/div>\n\t\t\t\t<\/div>\n\t\t\t\t<\/div>\n\t\t","protected":false},"excerpt":{"rendered":"<p>PHARMACIE L\u2019expertise ABC en pharmacie Chez ABC Distribution, nous mettons notre savoir-faire au service de la sant\u00e9 et du soin quotidien. Avec Apoteke, nous proposons des gammes expertes et accessibles couvrant les besoins essentiels : pansements pour les bobos du quotidien, podologie pour le confort et le soin des pieds, et buccodentaire pour une hygi\u00e8ne [&hellip;]<\/p>\n","protected":false},"author":1,"featured_media":0,"parent":0,"menu_order":0,"comment_status":"closed","ping_status":"closed","template":"elementor_header_footer","meta":{"footnotes":""},"class_list":["post-2004","page","type-page","status-publish","hentry"],"yoast_head":"<!-- This site is optimized with the Yoast SEO plugin v26.4 - https:\/\/yoast.com\/wordpress\/plugins\/seo\/ -->\n<title>Abcosmetique - Pharmacie<\/title>\n<meta name=\"description\" content=\"Chez ABC Distribution, nous mettons notre savoir-faire au service de la sant\u00e9 et du soin quotidien.\" \/>\n<meta name=\"robots\" content=\"index, follow, max-snippet:-1, max-image-preview:large, max-video-preview:-1\" \/>\n<link rel=\"canonical\" href=\"https:\/\/abcosmetique.com\/nl\/pharmacie\/\" \/>\n<meta property=\"og:locale\" content=\"nl_BE\" \/>\n<meta property=\"og:type\" content=\"article\" \/>\n<meta property=\"og:title\" content=\"Abcosmetique - Pharmacie\" \/>\n<meta property=\"og:description\" content=\"Chez ABC Distribution, nous mettons notre savoir-faire au service de la sant\u00e9 et du soin quotidien.\" \/>\n<meta property=\"og:url\" content=\"https:\/\/abcosmetique.com\/nl\/pharmacie\/\" \/>\n<meta property=\"og:site_name\" content=\"Abcosmetique\" \/>\n<meta property=\"article:modified_time\" content=\"2025-09-15T09:30:09+00:00\" \/>\n<meta property=\"og:image\" content=\"http:\/\/abcosmetique.com\/wp-content\/uploads\/2025\/09\/SEGMENTS-PHARMA-3-1024x819.png\" \/>\n<meta name=\"twitter:card\" content=\"summary_large_image\" \/>\n<meta name=\"twitter:label1\" content=\"Geschatte leestijd\" \/>\n\t<meta name=\"twitter:data1\" content=\"1 minuut\" \/>\n<script type=\"application\/ld+json\" class=\"yoast-schema-graph\">{\"@context\":\"https:\/\/schema.org\",\"@graph\":[{\"@type\":\"WebPage\",\"@id\":\"https:\/\/abcosmetique.com\/pharmacie\/\",\"url\":\"https:\/\/abcosmetique.com\/pharmacie\/\",\"name\":\"Abcosmetique - Pharmacie\",\"isPartOf\":{\"@id\":\"https:\/\/abcosmetique.com\/#website\"},\"primaryImageOfPage\":{\"@id\":\"https:\/\/abcosmetique.com\/pharmacie\/#primaryimage\"},\"image\":{\"@id\":\"https:\/\/abcosmetique.com\/pharmacie\/#primaryimage\"},\"thumbnailUrl\":\"http:\/\/abcosmetique.com\/wp-content\/uploads\/2025\/09\/SEGMENTS-PHARMA-3-1024x819.png\",\"datePublished\":\"2025-07-29T12:55:10+00:00\",\"dateModified\":\"2025-09-15T09:30:09+00:00\",\"description\":\"Chez ABC Distribution, nous mettons notre savoir-faire au service de la sant\u00e9 et du soin quotidien.\",\"breadcrumb\":{\"@id\":\"https:\/\/abcosmetique.com\/pharmacie\/#breadcrumb\"},\"inLanguage\":\"nl-BE\",\"potentialAction\":[{\"@type\":\"ReadAction\",\"target\":[\"https:\/\/abcosmetique.com\/pharmacie\/\"]}]},{\"@type\":\"ImageObject\",\"inLanguage\":\"nl-BE\",\"@id\":\"https:\/\/abcosmetique.com\/pharmacie\/#primaryimage\",\"url\":\"http:\/\/abcosmetique.com\/wp-content\/uploads\/2025\/09\/SEGMENTS-PHARMA-3-1024x819.png\",\"contentUrl\":\"http:\/\/abcosmetique.com\/wp-content\/uploads\/2025\/09\/SEGMENTS-PHARMA-3-1024x819.png\"},{\"@type\":\"BreadcrumbList\",\"@id\":\"https:\/\/abcosmetique.com\/pharmacie\/#breadcrumb\",\"itemListElement\":[{\"@type\":\"ListItem\",\"position\":1,\"name\":\"Accueil\",\"item\":\"https:\/\/abcosmetique.com\/\"},{\"@type\":\"ListItem\",\"position\":2,\"name\":\"Pharmacie\"}]},{\"@type\":\"WebSite\",\"@id\":\"https:\/\/abcosmetique.com\/#website\",\"url\":\"https:\/\/abcosmetique.com\/\",\"name\":\"Abcosmetique\",\"description\":\"A travers nos marques de renomm\u00e9es internationales, ABC Distribution s&#039;engage depuis plus de 20 ans \u00e0 offrir un service et une exp\u00e9rience uniques \u00e0 nos consommateurs et \u00e0 nos partenaires. Fort de son expertise de la conception et gestion de gammes longues, ABC Distribution allie son savoir-faire logistique adapt\u00e9 aux besoins des grandes enseignes au service de proximit\u00e9 de notre force de vente en magasins.\",\"publisher\":{\"@id\":\"https:\/\/abcosmetique.com\/#organization\"},\"potentialAction\":[{\"@type\":\"SearchAction\",\"target\":{\"@type\":\"EntryPoint\",\"urlTemplate\":\"https:\/\/abcosmetique.com\/?s={search_term_string}\"},\"query-input\":{\"@type\":\"PropertyValueSpecification\",\"valueRequired\":true,\"valueName\":\"search_term_string\"}}],\"inLanguage\":\"nl-BE\"},{\"@type\":\"Organization\",\"@id\":\"https:\/\/abcosmetique.com\/#organization\",\"name\":\"Abcosmetique\",\"url\":\"https:\/\/abcosmetique.com\/\",\"logo\":{\"@type\":\"ImageObject\",\"inLanguage\":\"nl-BE\",\"@id\":\"https:\/\/abcosmetique.com\/#\/schema\/logo\/image\/\",\"url\":\"https:\/\/abcosmetique.com\/wp-content\/uploads\/2025\/07\/abc-logo.jpg\",\"contentUrl\":\"https:\/\/abcosmetique.com\/wp-content\/uploads\/2025\/07\/abc-logo.jpg\",\"width\":2362,\"height\":2361,\"caption\":\"Abcosmetique\"},\"image\":{\"@id\":\"https:\/\/abcosmetique.com\/#\/schema\/logo\/image\/\"},\"sameAs\":[\"https:\/\/fr.linkedin.com\/company\/abc-distribution\"]}]}<\/script>\n<!-- \/ Yoast SEO plugin. -->","yoast_head_json":{"title":"Abcosmetique - Apotheek","description":"Bij ABC Distribution stellen we onze expertise ten dienste van gezondheid en dagelijkse verzorging.","robots":{"index":"index","follow":"follow","max-snippet":"max-snippet:-1","max-image-preview":"max-image-preview:large","max-video-preview":"max-video-preview:-1"},"canonical":"https:\/\/abcosmetique.com\/nl\/pharmacie\/","og_locale":"nl_BE","og_type":"article","og_title":"Abcosmetique - Pharmacie","og_description":"Chez ABC Distribution, nous mettons notre savoir-faire au service de la sant\u00e9 et du soin quotidien.","og_url":"https:\/\/abcosmetique.com\/nl\/pharmacie\/","og_site_name":"Abcosmetique","article_modified_time":"2025-09-15T09:30:09+00:00","og_image":[{"url":"http:\/\/abcosmetique.com\/wp-content\/uploads\/2025\/09\/SEGMENTS-PHARMA-3-1024x819.png","type":"","width":"","height":""}],"twitter_card":"summary_large_image","twitter_misc":{"Geschatte leestijd":"1 minuut"},"schema":{"@context":"https:\/\/schema.org","@graph":[{"@type":"WebPage","@id":"https:\/\/abcosmetique.com\/pharmacie\/","url":"https:\/\/abcosmetique.com\/pharmacie\/","name":"Abcosmetique - Apotheek","isPartOf":{"@id":"https:\/\/abcosmetique.com\/#website"},"primaryImageOfPage":{"@id":"https:\/\/abcosmetique.com\/pharmacie\/#primaryimage"},"image":{"@id":"https:\/\/abcosmetique.com\/pharmacie\/#primaryimage"},"thumbnailUrl":"http:\/\/abcosmetique.com\/wp-content\/uploads\/2025\/09\/SEGMENTS-PHARMA-3-1024x819.png","datePublished":"2025-07-29T12:55:10+00:00","dateModified":"2025-09-15T09:30:09+00:00","description":"Bij ABC Distribution stellen we onze expertise ten dienste van gezondheid en dagelijkse verzorging.","breadcrumb":{"@id":"https:\/\/abcosmetique.com\/pharmacie\/#breadcrumb"},"inLanguage":"nl-BE","potentialAction":[{"@type":"ReadAction","target":["https:\/\/abcosmetique.com\/pharmacie\/"]}]},{"@type":"ImageObject","inLanguage":"nl-BE","@id":"https:\/\/abcosmetique.com\/pharmacie\/#primaryimage","url":"http:\/\/abcosmetique.com\/wp-content\/uploads\/2025\/09\/SEGMENTS-PHARMA-3-1024x819.png","contentUrl":"http:\/\/abcosmetique.com\/wp-content\/uploads\/2025\/09\/SEGMENTS-PHARMA-3-1024x819.png"},{"@type":"BreadcrumbList","@id":"https:\/\/abcosmetique.com\/pharmacie\/#breadcrumb","itemListElement":[{"@type":"ListItem","position":1,"name":"Accueil","item":"https:\/\/abcosmetique.com\/"},{"@type":"ListItem","position":2,"name":"Pharmacie"}]},{"@type":"WebSite","@id":"https:\/\/abcosmetique.com\/#website","url":"https:\/\/abcosmetique.com\/","name":"Abcosmetique","description":"Via onze internationaal gerenommeerde merken zet ABC Distribution zich al meer dan 20 jaar in om een unieke service en ervaring te bieden aan onze consumenten en partners. Met zijn expertise in het ontwerpen en beheren van lange assortimenten combineert ABC Distribution zijn logistieke knowhow, aangepast aan de behoeften van de grote merken, met de lokale service van ons verkoopteam in de winkels.","publisher":{"@id":"https:\/\/abcosmetique.com\/#organization"},"potentialAction":[{"@type":"SearchAction","target":{"@type":"EntryPoint","urlTemplate":"https:\/\/abcosmetique.com\/?s={search_term_string}"},"query-input":{"@type":"PropertyValueSpecification","valueRequired":true,"valueName":"search_term_string"}}],"inLanguage":"nl-BE"},{"@type":"Organization","@id":"https:\/\/abcosmetique.com\/#organization","name":"Abcosmetique","url":"https:\/\/abcosmetique.com\/","logo":{"@type":"ImageObject","inLanguage":"nl-BE","@id":"https:\/\/abcosmetique.com\/#\/schema\/logo\/image\/","url":"https:\/\/abcosmetique.com\/wp-content\/uploads\/2025\/07\/abc-logo.jpg","contentUrl":"https:\/\/abcosmetique.com\/wp-content\/uploads\/2025\/07\/abc-logo.jpg","width":2362,"height":2361,"caption":"Abcosmetique"},"image":{"@id":"https:\/\/abcosmetique.com\/#\/schema\/logo\/image\/"},"sameAs":["https:\/\/fr.linkedin.com\/company\/abc-distribution"]}]}},"_links":{"self":[{"href":"https:\/\/abcosmetique.com\/nl\/wp-json\/wp\/v2\/pages\/2004","targetHints":{"allow":["GET"]}}],"collection":[{"href":"https:\/\/abcosmetique.com\/nl\/wp-json\/wp\/v2\/pages"}],"about":[{"href":"https:\/\/abcosmetique.com\/nl\/wp-json\/wp\/v2\/types\/page"}],"author":[{"embeddable":true,"href":"https:\/\/abcosmetique.com\/nl\/wp-json\/wp\/v2\/users\/1"}],"replies":[{"embeddable":true,"href":"https:\/\/abcosmetique.com\/nl\/wp-json\/wp\/v2\/comments?post=2004"}],"version-history":[{"count":68,"href":"https:\/\/abcosmetique.com\/nl\/wp-json\/wp\/v2\/pages\/2004\/revisions"}],"predecessor-version":[{"id":7642,"href":"https:\/\/abcosmetique.com\/nl\/wp-json\/wp\/v2\/pages\/2004\/revisions\/7642"}],"wp:attachment":[{"href":"https:\/\/abcosmetique.com\/nl\/wp-json\/wp\/v2\/media?parent=2004"}],"curies":[{"name":"wp","href":"https:\/\/api.w.org\/{rel}","templated":true}]}}