{"id":898,"date":"2025-07-23T10:23:19","date_gmt":"2025-07-23T08:23:19","guid":{"rendered":"http:\/\/abcosmetique.com\/?page_id=898"},"modified":"2025-09-12T16:29:01","modified_gmt":"2025-09-12T14:29:01","slug":"politique-de-confidentialite-2","status":"publish","type":"page","link":"https:\/\/abcosmetique.com\/nl\/politique-de-confidentialite-2\/","title":{"rendered":"Privacybeleid"},"content":{"rendered":"<div data-elementor-type=\"wp-page\" data-elementor-id=\"898\" class=\"elementor elementor-898\" data-elementor-post-type=\"page\">\n\t\t\t\t<div class=\"elementor-element elementor-element-82b5b2c e-flex e-con-boxed e-con e-parent\" data-id=\"82b5b2c\" data-element_type=\"container\" data-e-type=\"container\">\n\t\t\t\t\t<div class=\"e-con-inner\">\n\t\t\t\t<div class=\"elementor-element elementor-element-c1ee6cd elementor-widget elementor-widget-heading\" data-id=\"c1ee6cd\" data-element_type=\"widget\" data-e-type=\"widget\" data-widget_type=\"heading.default\">\n\t\t\t\t\t<h2 class=\"elementor-heading-title elementor-size-default\">Privacybeleid<\/h2>\t\t\t\t<\/div>\n\t\t\t\t<div class=\"elementor-element elementor-element-d257bbb elementor-widget elementor-widget-text-editor\" data-id=\"d257bbb\" data-element_type=\"widget\" data-e-type=\"widget\" data-widget_type=\"text-editor.default\">\n\t\t\t\t\t\t\t\t\t<p data-start=\"294\" data-end=\"505\">Laatste update: 2025<\/p>\t\t\t\t\t\t\t\t<\/div>\n\t\t\t\t\t<\/div>\n\t\t\t\t<\/div>\n\t\t<div class=\"elementor-element elementor-element-8a7beed e-flex e-con-boxed e-con e-parent\" data-id=\"8a7beed\" data-element_type=\"container\" data-e-type=\"container\">\n\t\t\t\t\t<div class=\"e-con-inner\">\n\t\t\t\t<div class=\"elementor-element elementor-element-60d9c25 elementor-widget elementor-widget-text-editor\" data-id=\"60d9c25\" data-element_type=\"widget\" data-e-type=\"widget\" data-widget_type=\"text-editor.default\">\n\t\t\t\t\t\t\t\t\t<p data-start=\"294\" data-end=\"505\">Het bedrijf <strong data-start=\"768\" data-end=\"788\">ABC DISTRIBUTIE<\/strong> hecht veel belang aan het beschermen van uw persoonlijke gegevens en het respecteren van uw privacy.<br data-start=\"897\" data-end=\"900\" \/>Het doel van dit beleid is om u duidelijke en transparante informatie te geven over hoe uw gegevens worden verzameld, gebruikt en beschermd, in overeenstemming met de Wet Bescherming Persoonsgegevens. <strong data-start=\"1076\" data-end=\"1148\">Algemene verordening gegevensbescherming (GDPR - EU 2016\/679)<\/strong> en <strong data-start=\"1157\" data-end=\"1189\">Wet bescherming persoonsgegevens<\/strong>.<\/p>\t\t\t\t\t\t\t\t<\/div>\n\t\t\t\t\t<\/div>\n\t\t\t\t<\/div>\n\t\t<div class=\"elementor-element elementor-element-206c565 e-flex e-con-boxed e-con e-parent\" data-id=\"206c565\" data-element_type=\"container\" data-e-type=\"container\">\n\t\t\t\t\t<div class=\"e-con-inner\">\n\t\t\t\t<div class=\"elementor-element elementor-element-ca022c2 elementor-widget elementor-widget-heading\" data-id=\"ca022c2\" data-element_type=\"widget\" data-e-type=\"widget\" data-widget_type=\"heading.default\">\n\t\t\t\t\t<h2 class=\"elementor-heading-title elementor-size-default\">1. Wat zijn persoonlijke gegevens?<\/h2>\t\t\t\t<\/div>\n\t\t\t\t<div class=\"elementor-element elementor-element-6ea7835 elementor-widget elementor-widget-text-editor\" data-id=\"6ea7835\" data-element_type=\"widget\" data-e-type=\"widget\" data-widget_type=\"text-editor.default\">\n\t\t\t\t\t\t\t\t\t<p>Persoonsgegevens zijn alle gegevens die direct of indirect een natuurlijke persoon identificeren (bijv. naam, voornaam, adres, e-mailadres, telefoonnummer, IP-adres).<\/p>\t\t\t\t\t\t\t\t<\/div>\n\t\t\t\t\t<\/div>\n\t\t\t\t<\/div>\n\t\t<div class=\"elementor-element elementor-element-7555b92 e-flex e-con-boxed e-con e-parent\" data-id=\"7555b92\" data-element_type=\"container\" data-e-type=\"container\">\n\t\t\t\t\t<div class=\"e-con-inner\">\n\t\t\t\t<div class=\"elementor-element elementor-element-9b1d0d4 elementor-widget elementor-widget-heading\" data-id=\"9b1d0d4\" data-element_type=\"widget\" data-e-type=\"widget\" data-widget_type=\"heading.default\">\n\t\t\t\t\t<h2 class=\"elementor-heading-title elementor-size-default\">2. Verzamelde gegevens<\/h2>\t\t\t\t<\/div>\n\t\t\t\t<div class=\"elementor-element elementor-element-e5616a1 elementor-widget elementor-widget-text-editor\" data-id=\"e5616a1\" data-element_type=\"widget\" data-e-type=\"widget\" data-widget_type=\"text-editor.default\">\n\t\t\t\t\t\t\t\t\t<p data-start=\"1468\" data-end=\"1546\">Uw gegevens worden verzameld door <strong data-start=\"1500\" data-end=\"1520\">ABC DISTRIBUTIE<\/strong> in de volgende gevallen:<\/p><ul data-start=\"1547\" data-end=\"1825\"><li data-start=\"1547\" data-end=\"1651\"><p data-start=\"1549\" data-end=\"1651\">Contactformulier (titel, achternaam, voornaam, functie, bedrijf, postadres, e-mailadres, telefoonnummer).<\/p><\/li><li data-start=\"1652\" data-end=\"1735\"><p data-start=\"1654\" data-end=\"1735\">Reacties achtergelaten op de blog (naam, e-mailadres, website indien van toepassing).<\/p><\/li><li data-start=\"1736\" data-end=\"1825\"><p data-start=\"1738\" data-end=\"1825\">Browsergegevens (IP-adres, browser, bekeken pagina's, verbindingstijd).<\/p><\/li><\/ul><p data-start=\"1827\" data-end=\"1960\">Deze gegevens worden uitsluitend gebruikt om onze relatie met u te beheren, de site te verbeteren en de gebruikerservaring te verbeteren.<\/p>\t\t\t\t\t\t\t\t<\/div>\n\t\t\t\t\t<\/div>\n\t\t\t\t<\/div>\n\t\t<div class=\"elementor-element elementor-element-ba28f9c e-flex e-con-boxed e-con e-parent\" data-id=\"ba28f9c\" data-element_type=\"container\" data-e-type=\"container\">\n\t\t\t\t\t<div class=\"e-con-inner\">\n\t\t\t\t<div class=\"elementor-element elementor-element-161aefc elementor-widget elementor-widget-heading\" data-id=\"161aefc\" data-element_type=\"widget\" data-e-type=\"widget\" data-widget_type=\"heading.default\">\n\t\t\t\t\t<h2 class=\"elementor-heading-title elementor-size-default\">3. Uw rechten<\/h2>\t\t\t\t<\/div>\n\t\t\t\t<div class=\"elementor-element elementor-element-220e552 elementor-widget elementor-widget-text-editor\" data-id=\"220e552\" data-element_type=\"widget\" data-e-type=\"widget\" data-widget_type=\"text-editor.default\">\n\t\t\t\t\t\t\t\t\t<p data-start=\"1986\" data-end=\"2045\">In overeenstemming met de RGPD heeft u de volgende rechten:<\/p><ul data-start=\"2046\" data-end=\"2270\"><li data-start=\"2046\" data-end=\"2074\"><p data-start=\"2048\" data-end=\"2074\"><strong data-start=\"2048\" data-end=\"2057\">Toegang<\/strong> naar uw gegevens,<\/p><\/li><li data-start=\"2075\" data-end=\"2121\"><p data-start=\"2077\" data-end=\"2121\"><strong data-start=\"2077\" data-end=\"2094\">Rectificatie<\/strong> als ze onnauwkeurig zijn,<\/p><\/li><li data-start=\"2122\" data-end=\"2157\"><p data-start=\"2124\" data-end=\"2157\"><strong data-start=\"2124\" data-end=\"2139\">Verwijder<\/strong> van uw gegevens,<\/p><\/li><li data-start=\"2158\" data-end=\"2191\"><p data-start=\"2160\" data-end=\"2191\"><strong data-start=\"2160\" data-end=\"2174\">Beperking<\/strong> behandeling,<\/p><\/li><li data-start=\"2192\" data-end=\"2234\"><p data-start=\"2194\" data-end=\"2234\"><strong data-start=\"2194\" data-end=\"2208\">Oppositie<\/strong> voor bepaalde behandelingen,<\/p><\/li><li data-start=\"2235\" data-end=\"2270\"><p data-start=\"2237\" data-end=\"2270\"><strong data-start=\"2237\" data-end=\"2252\">Draagbaarheid<\/strong> van uw gegevens.<\/p><\/li><\/ul><p data-start=\"2272\" data-end=\"2471\">U kunt uw rechten te allen tijde uitoefenen door te schrijven naar :<br data-start=\"2332\" data-end=\"2335\" \/>\ud83d\udccd ABC DISTRIBUTION - 3 Avenue des Violettes, ZAC des Petits Carreaux - 94380 Bonneuil-sur-Marne - Frankrijk<br data-start=\"2431\" data-end=\"2434\" \/>\ud83d\udce7 <a class=\"decorated-link cursor-pointer\" rel=\"noopener\" data-start=\"2437\" data-end=\"2469\">support@abcosmetique.zendesk.com<\/a><\/p><p data-start=\"2473\" data-end=\"2585\">Je ontvangt binnen een maand een antwoord (dit kan met twee maanden worden verlengd voor complexe verzoeken).<\/p><p data-start=\"2587\" data-end=\"2687\">U hebt ook het recht om een klacht in te dienen bij de <strong data-start=\"2662\" data-end=\"2670\">CNIL<\/strong> (<a class=\"decorated-link\" href=\"http:\/\/www.cnil.fr\" target=\"_new\" rel=\"noopener\" data-start=\"2672\" data-end=\"2683\">www.cnil.fr<\/a>).<\/p>\t\t\t\t\t\t\t\t<\/div>\n\t\t\t\t\t<\/div>\n\t\t\t\t<\/div>\n\t\t<div class=\"elementor-element elementor-element-51f8a99 e-flex e-con-boxed e-con e-parent\" data-id=\"51f8a99\" data-element_type=\"container\" data-e-type=\"container\">\n\t\t\t\t\t<div class=\"e-con-inner\">\n\t\t\t\t<div class=\"elementor-element elementor-element-5ac4fc4 elementor-widget elementor-widget-heading\" data-id=\"5ac4fc4\" data-element_type=\"widget\" data-e-type=\"widget\" data-widget_type=\"heading.default\">\n\t\t\t\t\t<h2 class=\"elementor-heading-title elementor-size-default\">4. Gebruik van gegevens<\/h2>\t\t\t\t<\/div>\n\t\t\t\t<div class=\"elementor-element elementor-element-33bc1a7 elementor-widget elementor-widget-text-editor\" data-id=\"33bc1a7\" data-element_type=\"widget\" data-e-type=\"widget\" data-widget_type=\"text-editor.default\">\n\t\t\t\t\t\t\t\t\t<p data-start=\"2726\" data-end=\"2783\">De verzamelde gegevens worden uitsluitend gebruikt voor :<\/p><ul data-start=\"2784\" data-end=\"3116\"><li data-start=\"2784\" data-end=\"2835\"><p data-start=\"2786\" data-end=\"2835\">Om u in staat te stellen de site te bezoeken en te gebruiken,<\/p><\/li><li data-start=\"2836\" data-end=\"2894\"><p data-start=\"2838\" data-end=\"2894\">De goede werking en optimalisatie van de site beheren,<\/p><\/li><li data-start=\"2895\" data-end=\"2952\"><p data-start=\"2897\" data-end=\"2952\">Reageer op uw verzoeken via het contactformulier,<\/p><\/li><li data-start=\"2953\" data-end=\"3008\"><p data-start=\"2955\" data-end=\"3008\">Laat interactie toe op de blog (commentaren),<\/p><\/li><li data-start=\"3009\" data-end=\"3116\"><p data-start=\"3011\" data-end=\"3116\">Om de gebruikerservaring te verbeteren en de veiligheid van de site te garanderen (fraude- en malwarepreventie).<\/p><\/li><\/ul><p data-start=\"3118\" data-end=\"3204\">We <strong data-start=\"3123\" data-end=\"3164\">geen gerichte reclame maken<\/strong> gebaseerd op uw persoonlijke gegevens.<\/p>\t\t\t\t\t\t\t\t<\/div>\n\t\t\t\t\t<\/div>\n\t\t\t\t<\/div>\n\t\t<div class=\"elementor-element elementor-element-064a69c e-flex e-con-boxed e-con e-parent\" data-id=\"064a69c\" data-element_type=\"container\" data-e-type=\"container\">\n\t\t\t\t\t<div class=\"e-con-inner\">\n\t\t\t\t<div class=\"elementor-element elementor-element-77c1334 elementor-widget elementor-widget-heading\" data-id=\"77c1334\" data-element_type=\"widget\" data-e-type=\"widget\" data-widget_type=\"heading.default\">\n\t\t\t\t\t<h2 class=\"elementor-heading-title elementor-size-default\">5. Bewaren van gegevens<\/h2>\t\t\t\t<\/div>\n\t\t\t\t<div class=\"elementor-element elementor-element-832d63e elementor-widget elementor-widget-text-editor\" data-id=\"832d63e\" data-element_type=\"widget\" data-e-type=\"widget\" data-widget_type=\"text-editor.default\">\n\t\t\t\t\t\t\t\t\t<p data-start=\"3244\" data-end=\"3298\">Uw gegevens worden voor een beperkte periode bewaard:<\/p><ul data-start=\"3299\" data-end=\"3544\"><li data-start=\"3299\" data-end=\"3367\"><p data-start=\"3301\" data-end=\"3367\">Contactgegevens : <strong data-start=\"3322\" data-end=\"3339\">3 jaar maximaal<\/strong> na de laatste uitwisseling.<\/p><\/li><li data-start=\"3368\" data-end=\"3452\"><p data-start=\"3370\" data-end=\"3452\">Gegevens gekoppeld aan blogreacties: zolang de reactie online blijft.<\/p><\/li><li data-start=\"3453\" data-end=\"3512\"><p data-start=\"3455\" data-end=\"3512\">Cookies en surfgegevens : <strong data-start=\"3490\" data-end=\"3509\">13 maanden maximaal<\/strong>.<\/p><\/li><li data-start=\"3513\" data-end=\"3544\"><p data-start=\"3515\" data-end=\"3544\">Technische logboeken : <strong data-start=\"3533\" data-end=\"3541\">1 jaar<\/strong>.<\/p><\/li><\/ul>\t\t\t\t\t\t\t\t<\/div>\n\t\t\t\t\t<\/div>\n\t\t\t\t<\/div>\n\t\t<div class=\"elementor-element elementor-element-250e976 e-flex e-con-boxed e-con e-parent\" data-id=\"250e976\" data-element_type=\"container\" data-e-type=\"container\">\n\t\t\t\t\t<div class=\"e-con-inner\">\n\t\t\t\t<div class=\"elementor-element elementor-element-d5a2406 elementor-widget elementor-widget-heading\" data-id=\"d5a2406\" data-element_type=\"widget\" data-e-type=\"widget\" data-widget_type=\"heading.default\">\n\t\t\t\t\t<h2 class=\"elementor-heading-title elementor-size-default\">6. Delen van gegevens<\/h2>\t\t\t\t<\/div>\n\t\t\t\t<div class=\"elementor-element elementor-element-e47f262 elementor-widget elementor-widget-text-editor\" data-id=\"e47f262\" data-element_type=\"widget\" data-e-type=\"widget\" data-widget_type=\"text-editor.default\">\n\t\t\t\t\t\t\t\t\t<p data-start=\"3579\" data-end=\"3863\">Uw gegevens worden mogelijk alleen gedeeld met technische dienstverleners die betrokken zijn bij de goede werking van de site (hosting, onderhoud, publieksmeting, chattools).<br data-start=\"3767\" data-end=\"3770\" \/>Deze dienstverleners zijn onderworpen aan verplichtingen met betrekking tot vertrouwelijkheid en naleving van de RGPD.<\/p><p data-start=\"3865\" data-end=\"3958\">Er worden geen gegevens buiten de Europese Unie overgedragen zonder passende waarborgen.<\/p>\t\t\t\t\t\t\t\t<\/div>\n\t\t\t\t\t<\/div>\n\t\t\t\t<\/div>\n\t\t<div class=\"elementor-element elementor-element-61efd12 e-flex e-con-boxed e-con e-parent\" data-id=\"61efd12\" data-element_type=\"container\" data-e-type=\"container\">\n\t\t\t\t\t<div class=\"e-con-inner\">\n\t\t\t\t<div class=\"elementor-element elementor-element-bfd4719 elementor-widget elementor-widget-heading\" data-id=\"bfd4719\" data-element_type=\"widget\" data-e-type=\"widget\" data-widget_type=\"heading.default\">\n\t\t\t\t\t<h2 class=\"elementor-heading-title elementor-size-default\">7. Cookies<\/h2>\t\t\t\t<\/div>\n\t\t\t\t<div class=\"elementor-element elementor-element-1c8a358 elementor-widget elementor-widget-text-editor\" data-id=\"1c8a358\" data-element_type=\"widget\" data-e-type=\"widget\" data-widget_type=\"text-editor.default\">\n\t\t\t\t\t\t\t\t\t<p data-start=\"3981\" data-end=\"4123\">Een cookie is een klein tekstbestand dat op uw terminal (computer, tablet, smartphone) wordt opgeslagen wanneer u op een website surft.<\/p><h3 data-start=\"4125\" data-end=\"4171\">Soorten cookies die kunnen worden gebruikt :<\/h3><ul data-start=\"4172\" data-end=\"4703\"><li data-start=\"4172\" data-end=\"4290\"><p data-start=\"4174\" data-end=\"4290\"><strong data-start=\"4174\" data-end=\"4209\">Strikt noodzakelijke cookies<\/strong> : essentieel voor de goede werking van de site (beveiliging, browsen, formulieren).<\/p><\/li><li data-start=\"4291\" data-end=\"4382\"><p data-start=\"4293\" data-end=\"4382\"><strong data-start=\"4293\" data-end=\"4317\">Functionele cookies<\/strong> om uw ervaring te verbeteren (bijvoorbeeld om uw voorkeuren te onthouden).<\/p><\/li><li data-start=\"4383\" data-end=\"4515\"><p data-start=\"4385\" data-end=\"4515\"><strong data-start=\"4385\" data-end=\"4435\">Cookies voor prestatie- en publieksmeting<\/strong> (bijv. Google Analytics): om bezoekersaantallen te analyseren en de site te verbeteren.<\/p><\/li><li data-start=\"4516\" data-end=\"4614\"><p data-start=\"4518\" data-end=\"4614\"><strong data-start=\"4518\" data-end=\"4537\">Sociale cookies<\/strong> (bijv. Facebook-plug-ins): om inhoud te delen op sociale netwerken.<\/p><\/li><li data-start=\"4615\" data-end=\"4703\"><p data-start=\"4617\" data-end=\"4703\"><strong data-start=\"4617\" data-end=\"4641\">Ondersteuning cookies<\/strong> (bijv. Zendesk): voor interactie met ons ondersteuningsteam via chat.<\/p><\/li><\/ul><h3 data-start=\"4705\" data-end=\"4734\">Beheer van toestemming<\/h3><p data-start=\"4735\" data-end=\"4992\">Bij uw eerste bezoek informeert een banner u over het gebruik van cookies en biedt u de mogelijkheid om<strong data-start=\"4837\" data-end=\"4849\">accepteren<\/strong>van <strong data-start=\"4854\" data-end=\"4865\">afval<\/strong> of <strong data-start=\"4872\" data-end=\"4886\">instellen<\/strong> jouw keuzes.<br data-start=\"4897\" data-end=\"4900\" \/>U kunt uw voorkeuren op elk gewenst moment wijzigen via de instellingen van uw browser.<\/p><p data-start=\"4994\" data-end=\"5129\">Klik hier voor meer informatie: <a class=\"decorated-link\" href=\"https:\/\/www.cnil.fr\/fr\/cookies-les-outils-pour-les-maitriser\" target=\"_new\" rel=\"noopener\" data-start=\"5016\" data-end=\"5126\">CNIL - Cookies: hulpmiddelen om ze te beheren<\/a>.<\/p>\t\t\t\t\t\t\t\t<\/div>\n\t\t\t\t\t<\/div>\n\t\t\t\t<\/div>\n\t\t<div class=\"elementor-element elementor-element-6cc982f e-flex e-con-boxed e-con e-parent\" data-id=\"6cc982f\" data-element_type=\"container\" data-e-type=\"container\">\n\t\t\t\t\t<div class=\"e-con-inner\">\n\t\t\t\t<div class=\"elementor-element elementor-element-bceef1b elementor-widget elementor-widget-heading\" data-id=\"bceef1b\" data-element_type=\"widget\" data-e-type=\"widget\" data-widget_type=\"heading.default\">\n\t\t\t\t\t<h2 class=\"elementor-heading-title elementor-size-default\">8. Gegevensbeheerder<\/h2>\t\t\t\t<\/div>\n\t\t\t\t<div class=\"elementor-element elementor-element-fda9265 elementor-widget elementor-widget-text-editor\" data-id=\"fda9265\" data-element_type=\"widget\" data-e-type=\"widget\" data-widget_type=\"text-editor.default\">\n\t\t\t\t\t\t\t\t\t<p data-start=\"3981\" data-end=\"4123\"><strong data-start=\"5170\" data-end=\"5190\">ABC DISTRIBUTIE<\/strong><br data-start=\"5190\" data-end=\"5193\" \/>3 Avenue des Violettes - ZAC des Petits Carreaux - 94380 Bonneuil-sur-Marne - Frankrijk<\/p>\t\t\t\t\t\t\t\t<\/div>\n\t\t\t\t\t<\/div>\n\t\t\t\t<\/div>\n\t\t\t\t<\/div>","protected":false},"excerpt":{"rendered":"<p>Politique de confidentialit\u00e9 Derni\u00e8re mise \u00e0 jour : 2025 La soci\u00e9t\u00e9 ABC DISTRIBUTION attache une grande importance \u00e0 la protection de vos donn\u00e9es personnelles et au respect de votre vie priv\u00e9e.La pr\u00e9sente politique a pour objectif de vous informer de mani\u00e8re claire et transparente sur la fa\u00e7on dont vos donn\u00e9es sont collect\u00e9es, utilis\u00e9es et prot\u00e9g\u00e9es, [&hellip;]<\/p>\n","protected":false},"author":1,"featured_media":0,"parent":0,"menu_order":0,"comment_status":"closed","ping_status":"closed","template":"elementor_header_footer","meta":{"footnotes":""},"class_list":["post-898","page","type-page","status-publish","hentry"],"yoast_head":"<!-- This site is optimized with the Yoast SEO plugin v26.4 - https:\/\/yoast.com\/wordpress\/plugins\/seo\/ -->\n<title>Abcosmetique - Politique de confidentialit\u00e9<\/title>\n<meta name=\"description\" content=\"D\u00e9couvrez la politique de confidentialit\u00e9 d\u2019ABC Distribution, comment nous prot\u00e9geons vos donn\u00e9es personnelles et vos droits en mati\u00e8re de protection des informations.\" \/>\n<meta name=\"robots\" content=\"index, follow, max-snippet:-1, max-image-preview:large, max-video-preview:-1\" \/>\n<link rel=\"canonical\" href=\"https:\/\/abcosmetique.com\/nl\/politique-de-confidentialite-2\/\" \/>\n<meta property=\"og:locale\" content=\"nl_BE\" \/>\n<meta property=\"og:type\" content=\"article\" \/>\n<meta property=\"og:title\" content=\"Abcosmetique - Politique de confidentialit\u00e9\" \/>\n<meta property=\"og:description\" content=\"D\u00e9couvrez la politique de confidentialit\u00e9 d\u2019ABC Distribution, comment nous prot\u00e9geons vos donn\u00e9es personnelles et vos droits en mati\u00e8re de protection des informations.\" \/>\n<meta property=\"og:url\" content=\"https:\/\/abcosmetique.com\/nl\/politique-de-confidentialite-2\/\" \/>\n<meta property=\"og:site_name\" content=\"Abcosmetique\" \/>\n<meta property=\"article:modified_time\" content=\"2025-09-12T14:29:01+00:00\" \/>\n<meta name=\"twitter:card\" content=\"summary_large_image\" \/>\n<meta name=\"twitter:label1\" content=\"Geschatte leestijd\" \/>\n\t<meta name=\"twitter:data1\" content=\"4 minuten\" \/>\n<script type=\"application\/ld+json\" class=\"yoast-schema-graph\">{\"@context\":\"https:\/\/schema.org\",\"@graph\":[{\"@type\":\"WebPage\",\"@id\":\"https:\/\/abcosmetique.com\/politique-de-confidentialite-2\/\",\"url\":\"https:\/\/abcosmetique.com\/politique-de-confidentialite-2\/\",\"name\":\"Abcosmetique - Politique de confidentialit\u00e9\",\"isPartOf\":{\"@id\":\"https:\/\/abcosmetique.com\/#website\"},\"datePublished\":\"2025-07-23T08:23:19+00:00\",\"dateModified\":\"2025-09-12T14:29:01+00:00\",\"description\":\"D\u00e9couvrez la politique de confidentialit\u00e9 d\u2019ABC Distribution, comment nous prot\u00e9geons vos donn\u00e9es personnelles et vos droits en mati\u00e8re de protection des informations.\",\"breadcrumb\":{\"@id\":\"https:\/\/abcosmetique.com\/politique-de-confidentialite-2\/#breadcrumb\"},\"inLanguage\":\"nl-BE\",\"potentialAction\":[{\"@type\":\"ReadAction\",\"target\":[\"https:\/\/abcosmetique.com\/politique-de-confidentialite-2\/\"]}]},{\"@type\":\"BreadcrumbList\",\"@id\":\"https:\/\/abcosmetique.com\/politique-de-confidentialite-2\/#breadcrumb\",\"itemListElement\":[{\"@type\":\"ListItem\",\"position\":1,\"name\":\"Accueil\",\"item\":\"https:\/\/abcosmetique.com\/\"},{\"@type\":\"ListItem\",\"position\":2,\"name\":\"Politique de confidentialit\u00e9\"}]},{\"@type\":\"WebSite\",\"@id\":\"https:\/\/abcosmetique.com\/#website\",\"url\":\"https:\/\/abcosmetique.com\/\",\"name\":\"Abcosmetique\",\"description\":\"A travers nos marques de renomm\u00e9es internationales, ABC Distribution s&#039;engage depuis plus de 20 ans \u00e0 offrir un service et une exp\u00e9rience uniques \u00e0 nos consommateurs et \u00e0 nos partenaires. Fort de son expertise de la conception et gestion de gammes longues, ABC Distribution allie son savoir-faire logistique adapt\u00e9 aux besoins des grandes enseignes au service de proximit\u00e9 de notre force de vente en magasins.\",\"publisher\":{\"@id\":\"https:\/\/abcosmetique.com\/#organization\"},\"potentialAction\":[{\"@type\":\"SearchAction\",\"target\":{\"@type\":\"EntryPoint\",\"urlTemplate\":\"https:\/\/abcosmetique.com\/?s={search_term_string}\"},\"query-input\":{\"@type\":\"PropertyValueSpecification\",\"valueRequired\":true,\"valueName\":\"search_term_string\"}}],\"inLanguage\":\"nl-BE\"},{\"@type\":\"Organization\",\"@id\":\"https:\/\/abcosmetique.com\/#organization\",\"name\":\"Abcosmetique\",\"url\":\"https:\/\/abcosmetique.com\/\",\"logo\":{\"@type\":\"ImageObject\",\"inLanguage\":\"nl-BE\",\"@id\":\"https:\/\/abcosmetique.com\/#\/schema\/logo\/image\/\",\"url\":\"https:\/\/abcosmetique.com\/wp-content\/uploads\/2025\/07\/abc-logo.jpg\",\"contentUrl\":\"https:\/\/abcosmetique.com\/wp-content\/uploads\/2025\/07\/abc-logo.jpg\",\"width\":2362,\"height\":2361,\"caption\":\"Abcosmetique\"},\"image\":{\"@id\":\"https:\/\/abcosmetique.com\/#\/schema\/logo\/image\/\"},\"sameAs\":[\"https:\/\/fr.linkedin.com\/company\/abc-distribution\"]}]}<\/script>\n<!-- \/ Yoast SEO plugin. -->","yoast_head_json":{"title":"Abcosmetique - Politique de confidentialit\u00e9","description":"D\u00e9couvrez la politique de confidentialit\u00e9 d\u2019ABC Distribution, comment nous prot\u00e9geons vos donn\u00e9es personnelles et vos droits en mati\u00e8re de protection des informations.","robots":{"index":"index","follow":"follow","max-snippet":"max-snippet:-1","max-image-preview":"max-image-preview:large","max-video-preview":"max-video-preview:-1"},"canonical":"https:\/\/abcosmetique.com\/nl\/politique-de-confidentialite-2\/","og_locale":"nl_BE","og_type":"article","og_title":"Abcosmetique - Politique de confidentialit\u00e9","og_description":"D\u00e9couvrez la politique de confidentialit\u00e9 d\u2019ABC Distribution, comment nous prot\u00e9geons vos donn\u00e9es personnelles et vos droits en mati\u00e8re de protection des informations.","og_url":"https:\/\/abcosmetique.com\/nl\/politique-de-confidentialite-2\/","og_site_name":"Abcosmetique","article_modified_time":"2025-09-12T14:29:01+00:00","twitter_card":"summary_large_image","twitter_misc":{"Geschatte leestijd":"4 minuten"},"schema":{"@context":"https:\/\/schema.org","@graph":[{"@type":"WebPage","@id":"https:\/\/abcosmetique.com\/politique-de-confidentialite-2\/","url":"https:\/\/abcosmetique.com\/politique-de-confidentialite-2\/","name":"Abcosmetique - Politique de confidentialit\u00e9","isPartOf":{"@id":"https:\/\/abcosmetique.com\/#website"},"datePublished":"2025-07-23T08:23:19+00:00","dateModified":"2025-09-12T14:29:01+00:00","description":"D\u00e9couvrez la politique de confidentialit\u00e9 d\u2019ABC Distribution, comment nous prot\u00e9geons vos donn\u00e9es personnelles et vos droits en mati\u00e8re de protection des informations.","breadcrumb":{"@id":"https:\/\/abcosmetique.com\/politique-de-confidentialite-2\/#breadcrumb"},"inLanguage":"nl-BE","potentialAction":[{"@type":"ReadAction","target":["https:\/\/abcosmetique.com\/politique-de-confidentialite-2\/"]}]},{"@type":"BreadcrumbList","@id":"https:\/\/abcosmetique.com\/politique-de-confidentialite-2\/#breadcrumb","itemListElement":[{"@type":"ListItem","position":1,"name":"Accueil","item":"https:\/\/abcosmetique.com\/"},{"@type":"ListItem","position":2,"name":"Politique de confidentialit\u00e9"}]},{"@type":"WebSite","@id":"https:\/\/abcosmetique.com\/#website","url":"https:\/\/abcosmetique.com\/","name":"Abcosmetique","description":"Via onze internationaal gerenommeerde merken zet ABC Distribution zich al meer dan 20 jaar in om een unieke service en ervaring te bieden aan onze consumenten en partners. Met zijn expertise in het ontwerpen en beheren van lange assortimenten combineert ABC Distribution zijn logistieke knowhow, aangepast aan de behoeften van de grote merken, met de lokale service van ons verkoopteam in de winkels.","publisher":{"@id":"https:\/\/abcosmetique.com\/#organization"},"potentialAction":[{"@type":"SearchAction","target":{"@type":"EntryPoint","urlTemplate":"https:\/\/abcosmetique.com\/?s={search_term_string}"},"query-input":{"@type":"PropertyValueSpecification","valueRequired":true,"valueName":"search_term_string"}}],"inLanguage":"nl-BE"},{"@type":"Organization","@id":"https:\/\/abcosmetique.com\/#organization","name":"Abcosmetique","url":"https:\/\/abcosmetique.com\/","logo":{"@type":"ImageObject","inLanguage":"nl-BE","@id":"https:\/\/abcosmetique.com\/#\/schema\/logo\/image\/","url":"https:\/\/abcosmetique.com\/wp-content\/uploads\/2025\/07\/abc-logo.jpg","contentUrl":"https:\/\/abcosmetique.com\/wp-content\/uploads\/2025\/07\/abc-logo.jpg","width":2362,"height":2361,"caption":"Abcosmetique"},"image":{"@id":"https:\/\/abcosmetique.com\/#\/schema\/logo\/image\/"},"sameAs":["https:\/\/fr.linkedin.com\/company\/abc-distribution"]}]}},"_links":{"self":[{"href":"https:\/\/abcosmetique.com\/nl\/wp-json\/wp\/v2\/pages\/898","targetHints":{"allow":["GET"]}}],"collection":[{"href":"https:\/\/abcosmetique.com\/nl\/wp-json\/wp\/v2\/pages"}],"about":[{"href":"https:\/\/abcosmetique.com\/nl\/wp-json\/wp\/v2\/types\/page"}],"author":[{"embeddable":true,"href":"https:\/\/abcosmetique.com\/nl\/wp-json\/wp\/v2\/users\/1"}],"replies":[{"embeddable":true,"href":"https:\/\/abcosmetique.com\/nl\/wp-json\/wp\/v2\/comments?post=898"}],"version-history":[{"count":11,"href":"https:\/\/abcosmetique.com\/nl\/wp-json\/wp\/v2\/pages\/898\/revisions"}],"predecessor-version":[{"id":7528,"href":"https:\/\/abcosmetique.com\/nl\/wp-json\/wp\/v2\/pages\/898\/revisions\/7528"}],"wp:attachment":[{"href":"https:\/\/abcosmetique.com\/nl\/wp-json\/wp\/v2\/media?parent=898"}],"curies":[{"name":"wp","href":"https:\/\/api.w.org\/{rel}","templated":true}]}}