{"id":2006,"date":"2025-07-29T14:55:18","date_gmt":"2025-07-29T12:55:18","guid":{"rendered":"http:\/\/abcosmetique.com\/?page_id=2006"},"modified":"2025-09-15T11:17:58","modified_gmt":"2025-09-15T09:17:58","slug":"cosmetiques","status":"publish","type":"page","link":"https:\/\/abcosmetique.com\/pl\/cosmetiques\/","title":{"rendered":"Kosmetyki"},"content":{"rendered":"\t\t<div data-elementor-type=\"wp-page\" data-elementor-id=\"2006\" class=\"elementor elementor-2006\" data-elementor-post-type=\"page\">\n\t\t\t\t<div class=\"elementor-element elementor-element-6b91610 e-con-full e-flex e-con e-parent\" data-id=\"6b91610\" data-element_type=\"container\" data-e-type=\"container\" data-settings=\"{&quot;background_background&quot;:&quot;classic&quot;}\">\n\t\t<div class=\"elementor-element elementor-element-921e2e5 e-con-full e-flex e-con e-child\" data-id=\"921e2e5\" data-element_type=\"container\" data-e-type=\"container\">\n\t\t\t\t<div class=\"elementor-element elementor-element-5214575 elementor-widget__width-initial elementor-widget-mobile__width-initial elementor-widget elementor-widget-image\" data-id=\"5214575\" data-element_type=\"widget\" data-e-type=\"widget\" data-widget_type=\"image.default\">\n\t\t\t\t\t\t\t\t\t\t\t\t\t\t\t<img fetchpriority=\"high\" decoding=\"async\" width=\"683\" height=\"1024\" src=\"https:\/\/abcosmetique.com\/wp-content\/uploads\/2025\/07\/Cosmetiques-copie-683x1024.png\" class=\"attachment-large size-large wp-image-2127\" alt=\"\" srcset=\"https:\/\/abcosmetique.com\/wp-content\/uploads\/2025\/07\/Cosmetiques-copie-683x1024.png 683w, https:\/\/abcosmetique.com\/wp-content\/uploads\/2025\/07\/Cosmetiques-copie-200x300.png 200w, https:\/\/abcosmetique.com\/wp-content\/uploads\/2025\/07\/Cosmetiques-copie-768x1152.png 768w, https:\/\/abcosmetique.com\/wp-content\/uploads\/2025\/07\/Cosmetiques-copie-1024x1536.png 1024w, https:\/\/abcosmetique.com\/wp-content\/uploads\/2025\/07\/Cosmetiques-copie.png 1280w\" sizes=\"(max-width: 683px) 100vw, 683px\" \/>\t\t\t\t\t\t\t\t\t\t\t\t\t\t\t<\/div>\n\t\t\t\t<\/div>\n\t\t<div class=\"elementor-element elementor-element-968950a e-con-full e-flex e-con e-child\" data-id=\"968950a\" data-element_type=\"container\" data-e-type=\"container\">\n\t\t\t\t<div class=\"elementor-element elementor-element-8c93c69 elementor-widget elementor-widget-heading\" data-id=\"8c93c69\" data-element_type=\"widget\" data-e-type=\"widget\" data-widget_type=\"heading.default\">\n\t\t\t\t\t<h2 class=\"elementor-heading-title elementor-size-default\">COSM\u00c9TIQUES<\/h2>\t\t\t\t<\/div>\n\t\t\t\t<div class=\"elementor-element elementor-element-cbcb8da elementor-widget-divider--view-line elementor-widget elementor-widget-divider\" data-id=\"cbcb8da\" data-element_type=\"widget\" data-e-type=\"widget\" data-widget_type=\"divider.default\">\n\t\t\t\t\t\t\t<div class=\"elementor-divider\">\n\t\t\t<span class=\"elementor-divider-separator\">\n\t\t\t\t\t\t<\/span>\n\t\t<\/div>\n\t\t\t\t\t\t<\/div>\n\t\t\t\t<div class=\"elementor-element elementor-element-6db860f elementor-widget elementor-widget-text-editor\" data-id=\"6db860f\" data-element_type=\"widget\" data-e-type=\"widget\" data-widget_type=\"text-editor.default\">\n\t\t\t\t\t\t\t\t\t<p>L\u2019expertise ABC en cosm\u00e9tique<\/p>\t\t\t\t\t\t\t\t<\/div>\n\t\t\t\t<div class=\"elementor-element elementor-element-bc13c7f elementor-widget__width-inherit elementor-widget elementor-widget-text-editor\" data-id=\"bc13c7f\" data-element_type=\"widget\" data-e-type=\"widget\" data-widget_type=\"text-editor.default\">\n\t\t\t\t\t\t\t\t\t<p class=\"p1\">Chez ABC Distribution, nous mettons notre savoir-faire au service de la beaut\u00e9 et du soin quotidien. Gr\u00e2ce \u00e0 nos marques phares MB Milano, experte du maquillage accessible et tendance, et HQ, sp\u00e9cialiste des soins de la peau innovants, nous offrons des solutions cosm\u00e9tiques alliant qualit\u00e9, efficacit\u00e9 et plaisir.<\/p>\t\t\t\t\t\t\t\t<\/div>\n\t\t\t\t<\/div>\n\t\t\t\t<\/div>\n\t\t<div class=\"elementor-element elementor-element-a8730d4 e-flex e-con-boxed e-con e-parent\" data-id=\"a8730d4\" data-element_type=\"container\" data-e-type=\"container\">\n\t\t\t\t\t<div class=\"e-con-inner\">\n\t\t\t\t<div class=\"elementor-element elementor-element-dd198ba elementor-widget elementor-widget-spacer\" data-id=\"dd198ba\" data-element_type=\"widget\" data-e-type=\"widget\" data-widget_type=\"spacer.default\">\n\t\t\t\t\t\t\t<div class=\"elementor-spacer\">\n\t\t\t<div class=\"elementor-spacer-inner\"><\/div>\n\t\t<\/div>\n\t\t\t\t\t\t<\/div>\n\t\t\t\t<div class=\"elementor-element elementor-element-54916eb elementor-widget elementor-widget-heading\" data-id=\"54916eb\" data-element_type=\"widget\" data-e-type=\"widget\" data-settings=\"{&quot;motion_fx_motion_fx_scrolling&quot;:&quot;yes&quot;,&quot;motion_fx_translateX_effect&quot;:&quot;yes&quot;,&quot;motion_fx_translateX_direction&quot;:&quot;negative&quot;,&quot;motion_fx_translateX_speed&quot;:{&quot;unit&quot;:&quot;px&quot;,&quot;size&quot;:1.5,&quot;sizes&quot;:[]},&quot;motion_fx_translateX_affectedRange&quot;:{&quot;unit&quot;:&quot;%&quot;,&quot;size&quot;:&quot;&quot;,&quot;sizes&quot;:{&quot;start&quot;:25,&quot;end&quot;:50}},&quot;motion_fx_devices&quot;:[&quot;desktop&quot;,&quot;tablet&quot;]}\" data-widget_type=\"heading.default\">\n\t\t\t\t\t<h2 class=\"elementor-heading-title elementor-size-default\">LES MARQUES<\/h2>\t\t\t\t<\/div>\n\t\t<div class=\"elementor-element elementor-element-1243333 e-grid e-con-full e-con e-child\" data-id=\"1243333\" data-element_type=\"container\" data-e-type=\"container\" data-settings=\"{&quot;motion_fx_motion_fx_scrolling&quot;:&quot;yes&quot;,&quot;motion_fx_translateX_effect&quot;:&quot;yes&quot;,&quot;motion_fx_translateX_speed&quot;:{&quot;unit&quot;:&quot;px&quot;,&quot;size&quot;:2,&quot;sizes&quot;:[]},&quot;motion_fx_translateX_affectedRange&quot;:{&quot;unit&quot;:&quot;%&quot;,&quot;size&quot;:&quot;&quot;,&quot;sizes&quot;:{&quot;start&quot;:0,&quot;end&quot;:50}},&quot;motion_fx_devices&quot;:[&quot;desktop&quot;,&quot;tablet&quot;]}\">\n\t\t\t\t<div class=\"elementor-element elementor-element-c35bd84 elementor-widget elementor-widget-image\" data-id=\"c35bd84\" data-element_type=\"widget\" data-e-type=\"widget\" data-widget_type=\"image.default\">\n\t\t\t\t\t\t\t\t\t\t\t\t\t\t\t\t<a href=\"http:\/\/abcosmetique.com\/?page_id=1647\">\n\t\t\t\t\t\t\t<img decoding=\"async\" width=\"800\" height=\"800\" src=\"https:\/\/abcosmetique.com\/wp-content\/uploads\/2025\/07\/Plan-de-travail-1-copie-11-1024x1024.png\" class=\"attachment-large size-large wp-image-758\" alt=\"\" srcset=\"https:\/\/abcosmetique.com\/wp-content\/uploads\/2025\/07\/Plan-de-travail-1-copie-11-1024x1024.png 1024w, https:\/\/abcosmetique.com\/wp-content\/uploads\/2025\/07\/Plan-de-travail-1-copie-11-300x300.png 300w, https:\/\/abcosmetique.com\/wp-content\/uploads\/2025\/07\/Plan-de-travail-1-copie-11-150x150.png 150w, https:\/\/abcosmetique.com\/wp-content\/uploads\/2025\/07\/Plan-de-travail-1-copie-11-768x768.png 768w, https:\/\/abcosmetique.com\/wp-content\/uploads\/2025\/07\/Plan-de-travail-1-copie-11-12x12.png 12w, https:\/\/abcosmetique.com\/wp-content\/uploads\/2025\/07\/Plan-de-travail-1-copie-11.png 1201w\" sizes=\"(max-width: 800px) 100vw, 800px\" \/>\t\t\t\t\t\t\t\t<\/a>\n\t\t\t\t\t\t\t\t\t\t\t\t\t\t\t<\/div>\n\t\t\t\t<div class=\"elementor-element elementor-element-ff71697 elementor-widget elementor-widget-image\" data-id=\"ff71697\" data-element_type=\"widget\" data-e-type=\"widget\" data-widget_type=\"image.default\">\n\t\t\t\t\t\t\t\t\t\t\t\t\t\t\t\t<a href=\"http:\/\/abcosmetique.com\/?page_id=1655\">\n\t\t\t\t\t\t\t<img decoding=\"async\" width=\"800\" height=\"800\" src=\"https:\/\/abcosmetique.com\/wp-content\/uploads\/2025\/07\/Plan-de-travail-1-copie-14--1024x1024.png\" class=\"attachment-large size-large wp-image-1059\" alt=\"\" srcset=\"https:\/\/abcosmetique.com\/wp-content\/uploads\/2025\/07\/Plan-de-travail-1-copie-14--1024x1024.png 1024w, https:\/\/abcosmetique.com\/wp-content\/uploads\/2025\/07\/Plan-de-travail-1-copie-14--300x300.png 300w, https:\/\/abcosmetique.com\/wp-content\/uploads\/2025\/07\/Plan-de-travail-1-copie-14--150x150.png 150w, https:\/\/abcosmetique.com\/wp-content\/uploads\/2025\/07\/Plan-de-travail-1-copie-14--768x768.png 768w, https:\/\/abcosmetique.com\/wp-content\/uploads\/2025\/07\/Plan-de-travail-1-copie-14--12x12.png 12w, https:\/\/abcosmetique.com\/wp-content\/uploads\/2025\/07\/Plan-de-travail-1-copie-14-.png 1200w\" sizes=\"(max-width: 800px) 100vw, 800px\" \/>\t\t\t\t\t\t\t\t<\/a>\n\t\t\t\t\t\t\t\t\t\t\t\t\t\t\t<\/div>\n\t\t\t\t<\/div>\n\t\t\t\t\t<\/div>\n\t\t\t\t<\/div>\n\t\t<div class=\"elementor-element elementor-element-9c23f68 e-con-full e-flex e-con e-parent\" data-id=\"9c23f68\" data-element_type=\"container\" data-e-type=\"container\" data-settings=\"{&quot;background_background&quot;:&quot;classic&quot;,&quot;motion_fx_motion_fx_scrolling&quot;:&quot;yes&quot;,&quot;motion_fx_opacity_effect&quot;:&quot;yes&quot;,&quot;motion_fx_opacity_level&quot;:{&quot;unit&quot;:&quot;px&quot;,&quot;size&quot;:5,&quot;sizes&quot;:[]},&quot;motion_fx_opacity_range&quot;:{&quot;unit&quot;:&quot;%&quot;,&quot;size&quot;:&quot;&quot;,&quot;sizes&quot;:{&quot;start&quot;:20,&quot;end&quot;:50}},&quot;motion_fx_opacity_direction&quot;:&quot;out-in&quot;,&quot;motion_fx_devices&quot;:[&quot;desktop&quot;,&quot;tablet&quot;,&quot;mobile&quot;]}\">\n\t\t<div class=\"elementor-element elementor-element-b2a21fd e-flex e-con-boxed e-con e-child\" data-id=\"b2a21fd\" data-element_type=\"container\" data-e-type=\"container\" data-settings=\"{&quot;background_background&quot;:&quot;slideshow&quot;,&quot;background_slideshow_gallery&quot;:[],&quot;background_slideshow_loop&quot;:&quot;yes&quot;,&quot;background_slideshow_slide_duration&quot;:5000,&quot;background_slideshow_slide_transition&quot;:&quot;fade&quot;,&quot;background_slideshow_transition_duration&quot;:500}\">\n\t\t\t\t\t<div class=\"e-con-inner\">\n\t\t\t\t<div class=\"elementor-element elementor-element-0ac5664 elementor-widget elementor-widget-heading\" data-id=\"0ac5664\" data-element_type=\"widget\" data-e-type=\"widget\" data-widget_type=\"heading.default\">\n\t\t\t\t\t<h2 class=\"elementor-heading-title elementor-size-default\">Les expertises beaut\u00e9 du quotidien<\/h2>\t\t\t\t<\/div>\n\t\t\t\t\t<\/div>\n\t\t\t\t<\/div>\n\t\t<div class=\"elementor-element elementor-element-3058931 e-grid e-con-boxed e-con e-child\" data-id=\"3058931\" data-element_type=\"container\" data-e-type=\"container\">\n\t\t\t\t\t<div class=\"e-con-inner\">\n\t\t<div class=\"elementor-element elementor-element-23a4123 e-con-full e-flex e-con e-child\" data-id=\"23a4123\" data-element_type=\"container\" data-e-type=\"container\">\n\t\t\t\t<div class=\"elementor-element elementor-element-8356b32 elementor-cta--skin-cover elementor-cta--valign-middle elementor-widget__width-inherit elementor-widget elementor-widget-call-to-action\" data-id=\"8356b32\" data-element_type=\"widget\" data-e-type=\"widget\" data-widget_type=\"call-to-action.default\">\n\t\t\t\t\t\t\t<div class=\"elementor-cta\">\n\t\t\t\t\t<div class=\"elementor-cta__bg-wrapper\">\n\t\t\t\t<div class=\"elementor-cta__bg elementor-bg\" style=\"background-image: url(https:\/\/abcosmetique.com\/wp-content\/uploads\/2025\/09\/gamme1-683x1024.png);\" role=\"img\" aria-label=\"gamme1\"><\/div>\n\t\t\t\t<div class=\"elementor-cta__bg-overlay\"><\/div>\n\t\t\t<\/div>\n\t\t\t\t\t\t\t<div class=\"elementor-cta__content\">\n\t\t\t\t\n\t\t\t\t\t\t\t\t\t<h2 class=\"elementor-cta__title elementor-cta__content-item elementor-content-item\">\n\t\t\t\t\t\tSOIN\t\t\t\t\t<\/h2>\n\t\t\t\t\n\t\t\t\t\n\t\t\t\t\t\t\t<\/div>\n\t\t\t\t\t\t<\/div>\n\t\t\t\t\t\t<\/div>\n\t\t\t\t<\/div>\n\t\t<div class=\"elementor-element elementor-element-883ab45 e-con-full e-flex e-con e-child\" data-id=\"883ab45\" data-element_type=\"container\" data-e-type=\"container\">\n\t\t\t\t<div class=\"elementor-element elementor-element-d20313b elementor-cta--skin-cover elementor-cta--valign-middle elementor-widget__width-inherit elementor-widget elementor-widget-call-to-action\" data-id=\"d20313b\" data-element_type=\"widget\" data-e-type=\"widget\" data-widget_type=\"call-to-action.default\">\n\t\t\t\t\t\t\t<div class=\"elementor-cta\">\n\t\t\t\t\t<div class=\"elementor-cta__bg-wrapper\">\n\t\t\t\t<div class=\"elementor-cta__bg elementor-bg\" style=\"background-image: url(https:\/\/abcosmetique.com\/wp-content\/uploads\/2025\/09\/gamme2-683x1024.png);\" role=\"img\" aria-label=\"gamme2\"><\/div>\n\t\t\t\t<div class=\"elementor-cta__bg-overlay\"><\/div>\n\t\t\t<\/div>\n\t\t\t\t\t\t\t<div class=\"elementor-cta__content\">\n\t\t\t\t\n\t\t\t\t\t\t\t\t\t<h2 class=\"elementor-cta__title elementor-cta__content-item elementor-content-item\">\n\t\t\t\t\t\tMAQUILLAGE\t\t\t\t\t<\/h2>\n\t\t\t\t\n\t\t\t\t\n\t\t\t\t\t\t\t<\/div>\n\t\t\t\t\t\t<\/div>\n\t\t\t\t\t\t<\/div>\n\t\t\t\t<\/div>\n\t\t<div class=\"elementor-element elementor-element-43774e3 e-con-full e-flex e-con e-child\" data-id=\"43774e3\" data-element_type=\"container\" data-e-type=\"container\">\n\t\t\t\t<div class=\"elementor-element elementor-element-624be3e elementor-cta--skin-cover elementor-cta--valign-middle elementor-widget__width-inherit elementor-widget elementor-widget-call-to-action\" data-id=\"624be3e\" data-element_type=\"widget\" data-e-type=\"widget\" data-widget_type=\"call-to-action.default\">\n\t\t\t\t\t\t\t<div class=\"elementor-cta\">\n\t\t\t\t\t<div class=\"elementor-cta__bg-wrapper\">\n\t\t\t\t<div class=\"elementor-cta__bg elementor-bg\" style=\"background-image: url(https:\/\/abcosmetique.com\/wp-content\/uploads\/2025\/09\/gamme5-683x1024.png);\" role=\"img\" aria-label=\"gamme5\"><\/div>\n\t\t\t\t<div class=\"elementor-cta__bg-overlay\"><\/div>\n\t\t\t<\/div>\n\t\t\t\t\t\t\t<div class=\"elementor-cta__content\">\n\t\t\t\t\n\t\t\t\t\t\t\t\t\t<h2 class=\"elementor-cta__title elementor-cta__content-item elementor-content-item\">\n\t\t\t\t\t\tNAIL ART\t\t\t\t\t<\/h2>\n\t\t\t\t\n\t\t\t\t\n\t\t\t\t\t\t\t<\/div>\n\t\t\t\t\t\t<\/div>\n\t\t\t\t\t\t<\/div>\n\t\t\t\t<\/div>\n\t\t\t\t\t<\/div>\n\t\t\t\t<\/div>\n\t\t\t\t<\/div>\n\t\t\t\t<\/div>\n\t\t","protected":false},"excerpt":{"rendered":"<p>COSM\u00c9TIQUES L\u2019expertise ABC en cosm\u00e9tique Chez ABC Distribution, nous mettons notre savoir-faire au service de la beaut\u00e9 et du soin quotidien. Gr\u00e2ce \u00e0 nos marques phares MB Milano, experte du maquillage accessible et tendance, et HQ, sp\u00e9cialiste des soins de la peau innovants, nous offrons des solutions cosm\u00e9tiques alliant qualit\u00e9, efficacit\u00e9 et plaisir. LES MARQUES [&hellip;]<\/p>\n","protected":false},"author":1,"featured_media":0,"parent":0,"menu_order":0,"comment_status":"closed","ping_status":"closed","template":"elementor_header_footer","meta":{"footnotes":""},"class_list":["post-2006","page","type-page","status-publish","hentry"],"yoast_head":"<!-- This site is optimized with the Yoast SEO plugin v26.4 - https:\/\/yoast.com\/wordpress\/plugins\/seo\/ -->\n<title>Abcosmetique - Cosm\u00e9tiques<\/title>\n<meta name=\"description\" content=\"D\u00e9couvrez nos marques cosm\u00e9tiques : maquillage tendance et soins innovants pour allier beaut\u00e9, efficacit\u00e9 et plaisir au quotidien.\" \/>\n<meta name=\"robots\" content=\"index, follow, max-snippet:-1, max-image-preview:large, max-video-preview:-1\" \/>\n<link rel=\"canonical\" href=\"https:\/\/abcosmetique.com\/pl\/cosmetiques\/\" \/>\n<meta property=\"og:locale\" content=\"pl_PL\" \/>\n<meta property=\"og:type\" content=\"article\" \/>\n<meta property=\"og:title\" content=\"Abcosmetique - Cosm\u00e9tiques\" \/>\n<meta property=\"og:description\" content=\"D\u00e9couvrez nos marques cosm\u00e9tiques : maquillage tendance et soins innovants pour allier beaut\u00e9, efficacit\u00e9 et plaisir au quotidien.\" \/>\n<meta property=\"og:url\" content=\"https:\/\/abcosmetique.com\/pl\/cosmetiques\/\" \/>\n<meta property=\"og:site_name\" content=\"Abcosmetique\" \/>\n<meta property=\"article:modified_time\" content=\"2025-09-15T09:17:58+00:00\" \/>\n<meta property=\"og:image\" content=\"http:\/\/abcosmetique.com\/wp-content\/uploads\/2025\/07\/Cosmetiques-copie-683x1024.png\" \/>\n<meta name=\"twitter:card\" content=\"summary_large_image\" \/>\n<meta name=\"twitter:label1\" content=\"Szacowany czas czytania\" \/>\n\t<meta name=\"twitter:data1\" content=\"1 minuta\" \/>\n<script type=\"application\/ld+json\" class=\"yoast-schema-graph\">{\"@context\":\"https:\/\/schema.org\",\"@graph\":[{\"@type\":\"WebPage\",\"@id\":\"https:\/\/abcosmetique.com\/cosmetiques\/\",\"url\":\"https:\/\/abcosmetique.com\/cosmetiques\/\",\"name\":\"Abcosmetique - Cosm\u00e9tiques\",\"isPartOf\":{\"@id\":\"https:\/\/abcosmetique.com\/#website\"},\"primaryImageOfPage\":{\"@id\":\"https:\/\/abcosmetique.com\/cosmetiques\/#primaryimage\"},\"image\":{\"@id\":\"https:\/\/abcosmetique.com\/cosmetiques\/#primaryimage\"},\"thumbnailUrl\":\"http:\/\/abcosmetique.com\/wp-content\/uploads\/2025\/07\/Cosmetiques-copie-683x1024.png\",\"datePublished\":\"2025-07-29T12:55:18+00:00\",\"dateModified\":\"2025-09-15T09:17:58+00:00\",\"description\":\"D\u00e9couvrez nos marques cosm\u00e9tiques : maquillage tendance et soins innovants pour allier beaut\u00e9, efficacit\u00e9 et plaisir au quotidien.\",\"breadcrumb\":{\"@id\":\"https:\/\/abcosmetique.com\/cosmetiques\/#breadcrumb\"},\"inLanguage\":\"pl-PL\",\"potentialAction\":[{\"@type\":\"ReadAction\",\"target\":[\"https:\/\/abcosmetique.com\/cosmetiques\/\"]}]},{\"@type\":\"ImageObject\",\"inLanguage\":\"pl-PL\",\"@id\":\"https:\/\/abcosmetique.com\/cosmetiques\/#primaryimage\",\"url\":\"http:\/\/abcosmetique.com\/wp-content\/uploads\/2025\/07\/Cosmetiques-copie-683x1024.png\",\"contentUrl\":\"http:\/\/abcosmetique.com\/wp-content\/uploads\/2025\/07\/Cosmetiques-copie-683x1024.png\"},{\"@type\":\"BreadcrumbList\",\"@id\":\"https:\/\/abcosmetique.com\/cosmetiques\/#breadcrumb\",\"itemListElement\":[{\"@type\":\"ListItem\",\"position\":1,\"name\":\"Accueil\",\"item\":\"https:\/\/abcosmetique.com\/\"},{\"@type\":\"ListItem\",\"position\":2,\"name\":\"Cosm\u00e9tiques\"}]},{\"@type\":\"WebSite\",\"@id\":\"https:\/\/abcosmetique.com\/#website\",\"url\":\"https:\/\/abcosmetique.com\/\",\"name\":\"Abcosmetique\",\"description\":\"A travers nos marques de renomm\u00e9es internationales, ABC Distribution s&#039;engage depuis plus de 20 ans \u00e0 offrir un service et une exp\u00e9rience uniques \u00e0 nos consommateurs et \u00e0 nos partenaires. Fort de son expertise de la conception et gestion de gammes longues, ABC Distribution allie son savoir-faire logistique adapt\u00e9 aux besoins des grandes enseignes au service de proximit\u00e9 de notre force de vente en magasins.\",\"publisher\":{\"@id\":\"https:\/\/abcosmetique.com\/#organization\"},\"potentialAction\":[{\"@type\":\"SearchAction\",\"target\":{\"@type\":\"EntryPoint\",\"urlTemplate\":\"https:\/\/abcosmetique.com\/?s={search_term_string}\"},\"query-input\":{\"@type\":\"PropertyValueSpecification\",\"valueRequired\":true,\"valueName\":\"search_term_string\"}}],\"inLanguage\":\"pl-PL\"},{\"@type\":\"Organization\",\"@id\":\"https:\/\/abcosmetique.com\/#organization\",\"name\":\"Abcosmetique\",\"url\":\"https:\/\/abcosmetique.com\/\",\"logo\":{\"@type\":\"ImageObject\",\"inLanguage\":\"pl-PL\",\"@id\":\"https:\/\/abcosmetique.com\/#\/schema\/logo\/image\/\",\"url\":\"https:\/\/abcosmetique.com\/wp-content\/uploads\/2025\/07\/abc-logo.jpg\",\"contentUrl\":\"https:\/\/abcosmetique.com\/wp-content\/uploads\/2025\/07\/abc-logo.jpg\",\"width\":2362,\"height\":2361,\"caption\":\"Abcosmetique\"},\"image\":{\"@id\":\"https:\/\/abcosmetique.com\/#\/schema\/logo\/image\/\"},\"sameAs\":[\"https:\/\/fr.linkedin.com\/company\/abc-distribution\"]}]}<\/script>\n<!-- \/ Yoast SEO plugin. -->","yoast_head_json":{"title":"Abcosmetique - Cosm\u00e9tiques","description":"D\u00e9couvrez nos marques cosm\u00e9tiques : maquillage tendance et soins innovants pour allier beaut\u00e9, efficacit\u00e9 et plaisir au quotidien.","robots":{"index":"index","follow":"follow","max-snippet":"max-snippet:-1","max-image-preview":"max-image-preview:large","max-video-preview":"max-video-preview:-1"},"canonical":"https:\/\/abcosmetique.com\/pl\/cosmetiques\/","og_locale":"pl_PL","og_type":"article","og_title":"Abcosmetique - Cosm\u00e9tiques","og_description":"D\u00e9couvrez nos marques cosm\u00e9tiques : maquillage tendance et soins innovants pour allier beaut\u00e9, efficacit\u00e9 et plaisir au quotidien.","og_url":"https:\/\/abcosmetique.com\/pl\/cosmetiques\/","og_site_name":"Abcosmetique","article_modified_time":"2025-09-15T09:17:58+00:00","og_image":[{"url":"http:\/\/abcosmetique.com\/wp-content\/uploads\/2025\/07\/Cosmetiques-copie-683x1024.png","type":"","width":"","height":""}],"twitter_card":"summary_large_image","twitter_misc":{"Szacowany czas czytania":"1 minuta"},"schema":{"@context":"https:\/\/schema.org","@graph":[{"@type":"WebPage","@id":"https:\/\/abcosmetique.com\/cosmetiques\/","url":"https:\/\/abcosmetique.com\/cosmetiques\/","name":"Abcosmetique - Cosm\u00e9tiques","isPartOf":{"@id":"https:\/\/abcosmetique.com\/#website"},"primaryImageOfPage":{"@id":"https:\/\/abcosmetique.com\/cosmetiques\/#primaryimage"},"image":{"@id":"https:\/\/abcosmetique.com\/cosmetiques\/#primaryimage"},"thumbnailUrl":"http:\/\/abcosmetique.com\/wp-content\/uploads\/2025\/07\/Cosmetiques-copie-683x1024.png","datePublished":"2025-07-29T12:55:18+00:00","dateModified":"2025-09-15T09:17:58+00:00","description":"D\u00e9couvrez nos marques cosm\u00e9tiques : maquillage tendance et soins innovants pour allier beaut\u00e9, efficacit\u00e9 et plaisir au quotidien.","breadcrumb":{"@id":"https:\/\/abcosmetique.com\/cosmetiques\/#breadcrumb"},"inLanguage":"pl-PL","potentialAction":[{"@type":"ReadAction","target":["https:\/\/abcosmetique.com\/cosmetiques\/"]}]},{"@type":"ImageObject","inLanguage":"pl-PL","@id":"https:\/\/abcosmetique.com\/cosmetiques\/#primaryimage","url":"http:\/\/abcosmetique.com\/wp-content\/uploads\/2025\/07\/Cosmetiques-copie-683x1024.png","contentUrl":"http:\/\/abcosmetique.com\/wp-content\/uploads\/2025\/07\/Cosmetiques-copie-683x1024.png"},{"@type":"BreadcrumbList","@id":"https:\/\/abcosmetique.com\/cosmetiques\/#breadcrumb","itemListElement":[{"@type":"ListItem","position":1,"name":"Accueil","item":"https:\/\/abcosmetique.com\/"},{"@type":"ListItem","position":2,"name":"Cosm\u00e9tiques"}]},{"@type":"WebSite","@id":"https:\/\/abcosmetique.com\/#website","url":"https:\/\/abcosmetique.com\/","name":"Abcosmetique","description":"Dzi\u0119ki naszym znanym na ca\u0142ym \u015bwiecie markom, ABC Distribution od ponad 20 lat anga\u017cuje si\u0119 w oferowanie unikalnych us\u0142ug i do\u015bwiadcze\u0144 naszym konsumentom i partnerom. Dzi\u0119ki swojemu do\u015bwiadczeniu w projektowaniu i zarz\u0105dzaniu du\u017cymi zasi\u0119gami, ABC Distribution \u0142\u0105czy swoje logistyczne know-how dostosowane do potrzeb g\u0142\u00f3wnych marek z lokaln\u0105 obs\u0142ug\u0105 naszych si\u0142 sprzeda\u017cy w sklepach.","publisher":{"@id":"https:\/\/abcosmetique.com\/#organization"},"potentialAction":[{"@type":"SearchAction","target":{"@type":"EntryPoint","urlTemplate":"https:\/\/abcosmetique.com\/?s={search_term_string}"},"query-input":{"@type":"PropertyValueSpecification","valueRequired":true,"valueName":"search_term_string"}}],"inLanguage":"pl-PL"},{"@type":"Organization","@id":"https:\/\/abcosmetique.com\/#organization","name":"Abcosmetique","url":"https:\/\/abcosmetique.com\/","logo":{"@type":"ImageObject","inLanguage":"pl-PL","@id":"https:\/\/abcosmetique.com\/#\/schema\/logo\/image\/","url":"https:\/\/abcosmetique.com\/wp-content\/uploads\/2025\/07\/abc-logo.jpg","contentUrl":"https:\/\/abcosmetique.com\/wp-content\/uploads\/2025\/07\/abc-logo.jpg","width":2362,"height":2361,"caption":"Abcosmetique"},"image":{"@id":"https:\/\/abcosmetique.com\/#\/schema\/logo\/image\/"},"sameAs":["https:\/\/fr.linkedin.com\/company\/abc-distribution"]}]}},"_links":{"self":[{"href":"https:\/\/abcosmetique.com\/pl\/wp-json\/wp\/v2\/pages\/2006","targetHints":{"allow":["GET"]}}],"collection":[{"href":"https:\/\/abcosmetique.com\/pl\/wp-json\/wp\/v2\/pages"}],"about":[{"href":"https:\/\/abcosmetique.com\/pl\/wp-json\/wp\/v2\/types\/page"}],"author":[{"embeddable":true,"href":"https:\/\/abcosmetique.com\/pl\/wp-json\/wp\/v2\/users\/1"}],"replies":[{"embeddable":true,"href":"https:\/\/abcosmetique.com\/pl\/wp-json\/wp\/v2\/comments?post=2006"}],"version-history":[{"count":80,"href":"https:\/\/abcosmetique.com\/pl\/wp-json\/wp\/v2\/pages\/2006\/revisions"}],"predecessor-version":[{"id":7615,"href":"https:\/\/abcosmetique.com\/pl\/wp-json\/wp\/v2\/pages\/2006\/revisions\/7615"}],"wp:attachment":[{"href":"https:\/\/abcosmetique.com\/pl\/wp-json\/wp\/v2\/media?parent=2006"}],"curies":[{"name":"wp","href":"https:\/\/api.w.org\/{rel}","templated":true}]}}