{"id":4107,"date":"2025-08-07T12:37:05","date_gmt":"2025-08-07T10:37:05","guid":{"rendered":"http:\/\/abcosmetique.com\/?page_id=4107"},"modified":"2025-09-12T16:36:54","modified_gmt":"2025-09-12T14:36:54","slug":"plan-du-site","status":"publish","type":"page","link":"https:\/\/abcosmetique.com\/pl\/plan-du-site\/","title":{"rendered":"Mapa witryny"},"content":{"rendered":"<div data-elementor-type=\"wp-page\" data-elementor-id=\"4107\" class=\"elementor elementor-4107\" data-elementor-post-type=\"page\">\n\t\t\t\t<div class=\"elementor-element elementor-element-3adf2c5 e-flex e-con-boxed e-con e-parent\" data-id=\"3adf2c5\" data-element_type=\"container\" data-e-type=\"container\">\n\t\t\t\t\t<div class=\"e-con-inner\">\n\t\t\t\t<div class=\"elementor-element elementor-element-b3114f4 elementor-widget elementor-widget-sitemap\" data-id=\"b3114f4\" data-element_type=\"widget\" data-e-type=\"widget\" data-widget_type=\"sitemap.default\">\n\t\t\t\t\t<div class=\"elementor-sitemap-wrap\"><div class=\"elementor-sitemap-section\"><h2 class=\"elementor-sitemap-title elementor-sitemap-page-title\">Strony<\/h2><ul class=\"elementor-sitemap-list elementor-sitemap-page-list\"><li class=\"elementor-sitemap-item elementor-sitemap-item-page page_item page-item-2000\"><a href=\"https:\/\/abcosmetique.com\/pl\/marques-accessoires-beaute\/\">Akcesoria<\/a><\/li><li class=\"elementor-sitemap-item elementor-sitemap-item-page page_item page-item-3758\"><a href=\"https:\/\/abcosmetique.com\/pl\/\">Strona g\u0142\u00f3wna<\/a><\/li><li class=\"elementor-sitemap-item elementor-sitemap-item-page page_item page-item-5302\"><a href=\"https:\/\/abcosmetique.com\/pl\/contact\/\">Kontakt<\/a><\/li><li class=\"elementor-sitemap-item elementor-sitemap-item-page page_item page-item-2006\"><a href=\"https:\/\/abcosmetique.com\/pl\/cosmetiques\/\">Kosmetyki<\/a><\/li><li class=\"elementor-sitemap-item elementor-sitemap-item-page page_item page-item-1460\"><a href=\"https:\/\/abcosmetique.com\/pl\/pem\/\">Electro-beauty<\/a><\/li><li class=\"elementor-sitemap-item elementor-sitemap-item-page page_item page-item-1619\"><a href=\"https:\/\/abcosmetique.com\/pl\/histoire\/\">Historia<\/a><\/li><li class=\"elementor-sitemap-item elementor-sitemap-item-page page_item page-item-1625\"><a href=\"https:\/\/abcosmetique.com\/pl\/linternational\/\">Mi\u0119dzynarodowy<\/a><\/li><li class=\"elementor-sitemap-item elementor-sitemap-item-page page_item page-item-1631\"><a href=\"https:\/\/abcosmetique.com\/pl\/les-actualites\/\">Wiadomo\u015bci<\/a><\/li><li class=\"elementor-sitemap-item elementor-sitemap-item-page page_item page-item-325\"><a href=\"https:\/\/abcosmetique.com\/pl\/marques\/\">Marki<\/a><ul class='children'><li class=\"elementor-sitemap-item elementor-sitemap-item-page page_item page-item-1641\"><a href=\"https:\/\/abcosmetique.com\/pl\/marques\/apoteke\/\">Apoteke<\/a><\/li><li class=\"elementor-sitemap-item elementor-sitemap-item-page page_item page-item-1649\"><a href=\"https:\/\/abcosmetique.com\/pl\/marques\/barbie\/\">Barbie<\/a><\/li><li class=\"elementor-sitemap-item elementor-sitemap-item-page page_item page-item-1643\"><a href=\"https:\/\/abcosmetique.com\/pl\/marques\/beauty-in-the-air\/\">Beauty in the air<\/a><\/li><li class=\"elementor-sitemap-item elementor-sitemap-item-page page_item page-item-1637\"><a href=\"https:\/\/abcosmetique.com\/pl\/marques\/demeliss\/\">Demeliss<\/a><\/li><li class=\"elementor-sitemap-item elementor-sitemap-item-page page_item page-item-1272\"><a href=\"https:\/\/abcosmetique.com\/pl\/marques\/disney\/\">Disney<\/a><\/li><li class=\"elementor-sitemap-item elementor-sitemap-item-page page_item page-item-179\"><a href=\"https:\/\/abcosmetique.com\/pl\/marques\/franck-provost\/\">Franck Provost<\/a><\/li><li class=\"elementor-sitemap-item elementor-sitemap-item-page page_item page-item-1645\"><a href=\"https:\/\/abcosmetique.com\/pl\/marques\/harry-potter\/\">Harry Potter<\/a><\/li><li class=\"elementor-sitemap-item elementor-sitemap-item-page page_item page-item-1661\"><a href=\"https:\/\/abcosmetique.com\/pl\/marques\/hello-kitty\/\">Hello Kitty<\/a><\/li><li class=\"elementor-sitemap-item elementor-sitemap-item-page page_item page-item-1655\"><a href=\"https:\/\/abcosmetique.com\/pl\/marques\/hq\/\">HQ<\/a><\/li><li class=\"elementor-sitemap-item elementor-sitemap-item-page page_item page-item-1633\"><a href=\"https:\/\/abcosmetique.com\/pl\/marques\/jean-louis-david\/\">Jean Louis David<\/a><\/li><li class=\"elementor-sitemap-item elementor-sitemap-item-page page_item page-item-1651\"><a href=\"https:\/\/abcosmetique.com\/pl\/marques\/latelier\/\">Warsztaty<\/a><\/li><li class=\"elementor-sitemap-item elementor-sitemap-item-page page_item page-item-1663\"><a href=\"https:\/\/abcosmetique.com\/pl\/marques\/marvel\/\">Marvel<\/a><\/li><li class=\"elementor-sitemap-item elementor-sitemap-item-page page_item page-item-1647\"><a href=\"https:\/\/abcosmetique.com\/pl\/marques\/mb-milano\/\">MB Milano<\/a><\/li><li class=\"elementor-sitemap-item elementor-sitemap-item-page page_item page-item-1635\"><a href=\"https:\/\/abcosmetique.com\/pl\/marques\/princesse-lili\/\">Princesse Lili<\/a><\/li><li class=\"elementor-sitemap-item elementor-sitemap-item-page page_item page-item-1659\"><a href=\"https:\/\/abcosmetique.com\/pl\/marques\/puericulture\/\">Opieka nad dzie\u0107mi<\/a><\/li><li class=\"elementor-sitemap-item elementor-sitemap-item-page page_item page-item-1653\"><a href=\"https:\/\/abcosmetique.com\/pl\/marques\/shoes-xpert\/\">Shoes xpert<\/a><\/li><li class=\"elementor-sitemap-item elementor-sitemap-item-page page_item page-item-1665\"><a href=\"https:\/\/abcosmetique.com\/pl\/marques\/sneakers-angels\/\">Sneakers Angels<\/a><\/li><li class=\"elementor-sitemap-item elementor-sitemap-item-page page_item page-item-1639\"><a href=\"https:\/\/abcosmetique.com\/pl\/marques\/the-barbxpert\/\">Barb'xpert<\/a><\/li><li class=\"elementor-sitemap-item elementor-sitemap-item-page page_item page-item-1657\"><a href=\"https:\/\/abcosmetique.com\/pl\/marques\/ushuaia\/\">Ushuaia<\/a><\/li><\/ul><\/li><li class=\"elementor-sitemap-item elementor-sitemap-item-page page_item page-item-893\"><a href=\"https:\/\/abcosmetique.com\/pl\/mention-legale\/\">Nota prawna<\/a><\/li><li class=\"elementor-sitemap-item elementor-sitemap-item-page page_item page-item-2002\"><a href=\"https:\/\/abcosmetique.com\/pl\/mercerie-chaussant\/\">Pasmanteria - Chaussant<\/a><\/li><li class=\"elementor-sitemap-item elementor-sitemap-item-page page_item page-item-1627\"><a href=\"https:\/\/abcosmetique.com\/pl\/nos-engagements\/\">Nasze zobowi\u0105zania<\/a><\/li><li class=\"elementor-sitemap-item elementor-sitemap-item-page page_item page-item-2004\"><a href=\"https:\/\/abcosmetique.com\/pl\/pharmacie\/\">Apteka<\/a><\/li><li class=\"elementor-sitemap-item elementor-sitemap-item-page page_item page-item-4107\"><a href=\"https:\/\/abcosmetique.com\/pl\/plan-du-site\/\">Mapa witryny<\/a><\/li><li class=\"elementor-sitemap-item elementor-sitemap-item-page page_item page-item-898\"><a href=\"https:\/\/abcosmetique.com\/pl\/politique-de-confidentialite-2\/\">Polityka prywatno\u015bci<\/a><\/li><li class=\"elementor-sitemap-item elementor-sitemap-item-page page_item page-item-7882\"><a href=\"https:\/\/abcosmetique.com\/pl\/politique-de-cookies-ue\/\">Polityka dotycz\u0105ca plik\u00f3w cookie (UE)<\/a><\/li><li class=\"elementor-sitemap-item elementor-sitemap-item-page page_item page-item-1623\"><a href=\"https:\/\/abcosmetique.com\/pl\/savoir-faire\/\">Know-how<\/a><\/li><li class=\"elementor-sitemap-item elementor-sitemap-item-page page_item page-item-1621\"><a href=\"https:\/\/abcosmetique.com\/pl\/valeurs\/\">Warto\u015bci<\/a><\/li><\/ul><\/div><div class=\"elementor-sitemap-section\"><h2 class=\"elementor-sitemap-title elementor-sitemap-post-title\">Wpisy<\/h2><ul class=\"elementor-sitemap-list elementor-sitemap-post-list\"><li class=\"elementor-sitemap-item elementor-sitemap-item-post page_item page-item-7966\"><a href=\"https:\/\/abcosmetique.com\/pl\/medaille-ecovadis\/\">Medal EcoVadis<\/a><\/li><li class=\"elementor-sitemap-item elementor-sitemap-item-post page_item page-item-6115\"><a href=\"https:\/\/abcosmetique.com\/pl\/hello-kitty\/\">Hello Kitty<\/a><\/li><li class=\"elementor-sitemap-item elementor-sitemap-item-post page_item page-item-3154\"><a href=\"https:\/\/abcosmetique.com\/pl\/partenariat-leo\/\">Partnerstwo L\u00e9o<\/a><\/li><li class=\"elementor-sitemap-item elementor-sitemap-item-post page_item page-item-315\"><a href=\"https:\/\/abcosmetique.com\/pl\/elementor-315\/\">Ushua\u00efa<\/a><\/li><\/ul><\/div><\/div>\t\t\t\t<\/div>\n\t\t\t\t\t<\/div>\n\t\t\t\t<\/div>\n\t\t\t\t<\/div>","protected":false},"excerpt":{"rendered":"","protected":false},"author":1,"featured_media":0,"parent":0,"menu_order":0,"comment_status":"closed","ping_status":"closed","template":"elementor_header_footer","meta":{"footnotes":""},"class_list":["post-4107","page","type-page","status-publish","hentry"],"yoast_head":"<!-- This site is optimized with the Yoast SEO plugin v26.4 - https:\/\/yoast.com\/wordpress\/plugins\/seo\/ -->\n<title>Abcosmetique - Plan du site<\/title>\n<meta name=\"description\" content=\"Consultez le plan du site ABC Distribution pour acc\u00e9der facilement \u00e0 toutes nos pages : Disney, Barbie, Franck Provost, Marvel, Hello Kitty...\" \/>\n<meta name=\"robots\" content=\"index, follow, max-snippet:-1, max-image-preview:large, max-video-preview:-1\" \/>\n<link rel=\"canonical\" href=\"https:\/\/abcosmetique.com\/pl\/plan-du-site\/\" \/>\n<meta property=\"og:locale\" content=\"pl_PL\" \/>\n<meta property=\"og:type\" content=\"article\" \/>\n<meta property=\"og:title\" content=\"Abcosmetique - Plan du site\" \/>\n<meta property=\"og:description\" content=\"Consultez le plan du site ABC Distribution pour acc\u00e9der facilement \u00e0 toutes nos pages : Disney, Barbie, Franck Provost, Marvel, Hello Kitty...\" \/>\n<meta property=\"og:url\" content=\"https:\/\/abcosmetique.com\/pl\/plan-du-site\/\" \/>\n<meta property=\"og:site_name\" content=\"Abcosmetique\" \/>\n<meta property=\"article:modified_time\" content=\"2025-09-12T14:36:54+00:00\" \/>\n<meta name=\"twitter:card\" content=\"summary_large_image\" \/>\n<script type=\"application\/ld+json\" class=\"yoast-schema-graph\">{\"@context\":\"https:\/\/schema.org\",\"@graph\":[{\"@type\":\"WebPage\",\"@id\":\"https:\/\/abcosmetique.com\/plan-du-site\/\",\"url\":\"https:\/\/abcosmetique.com\/plan-du-site\/\",\"name\":\"Abcosmetique - Plan du site\",\"isPartOf\":{\"@id\":\"https:\/\/abcosmetique.com\/#website\"},\"datePublished\":\"2025-08-07T10:37:05+00:00\",\"dateModified\":\"2025-09-12T14:36:54+00:00\",\"description\":\"Consultez le plan du site ABC Distribution pour acc\u00e9der facilement \u00e0 toutes nos pages : Disney, Barbie, Franck Provost, Marvel, Hello Kitty...\",\"breadcrumb\":{\"@id\":\"https:\/\/abcosmetique.com\/plan-du-site\/#breadcrumb\"},\"inLanguage\":\"pl-PL\",\"potentialAction\":[{\"@type\":\"ReadAction\",\"target\":[\"https:\/\/abcosmetique.com\/plan-du-site\/\"]}]},{\"@type\":\"BreadcrumbList\",\"@id\":\"https:\/\/abcosmetique.com\/plan-du-site\/#breadcrumb\",\"itemListElement\":[{\"@type\":\"ListItem\",\"position\":1,\"name\":\"Accueil\",\"item\":\"https:\/\/abcosmetique.com\/\"},{\"@type\":\"ListItem\",\"position\":2,\"name\":\"Plan du site\"}]},{\"@type\":\"WebSite\",\"@id\":\"https:\/\/abcosmetique.com\/#website\",\"url\":\"https:\/\/abcosmetique.com\/\",\"name\":\"Abcosmetique\",\"description\":\"A travers nos marques de renomm\u00e9es internationales, ABC Distribution s&#039;engage depuis plus de 20 ans \u00e0 offrir un service et une exp\u00e9rience uniques \u00e0 nos consommateurs et \u00e0 nos partenaires. Fort de son expertise de la conception et gestion de gammes longues, ABC Distribution allie son savoir-faire logistique adapt\u00e9 aux besoins des grandes enseignes au service de proximit\u00e9 de notre force de vente en magasins.\",\"publisher\":{\"@id\":\"https:\/\/abcosmetique.com\/#organization\"},\"potentialAction\":[{\"@type\":\"SearchAction\",\"target\":{\"@type\":\"EntryPoint\",\"urlTemplate\":\"https:\/\/abcosmetique.com\/?s={search_term_string}\"},\"query-input\":{\"@type\":\"PropertyValueSpecification\",\"valueRequired\":true,\"valueName\":\"search_term_string\"}}],\"inLanguage\":\"pl-PL\"},{\"@type\":\"Organization\",\"@id\":\"https:\/\/abcosmetique.com\/#organization\",\"name\":\"Abcosmetique\",\"url\":\"https:\/\/abcosmetique.com\/\",\"logo\":{\"@type\":\"ImageObject\",\"inLanguage\":\"pl-PL\",\"@id\":\"https:\/\/abcosmetique.com\/#\/schema\/logo\/image\/\",\"url\":\"https:\/\/abcosmetique.com\/wp-content\/uploads\/2025\/07\/abc-logo.jpg\",\"contentUrl\":\"https:\/\/abcosmetique.com\/wp-content\/uploads\/2025\/07\/abc-logo.jpg\",\"width\":2362,\"height\":2361,\"caption\":\"Abcosmetique\"},\"image\":{\"@id\":\"https:\/\/abcosmetique.com\/#\/schema\/logo\/image\/\"},\"sameAs\":[\"https:\/\/fr.linkedin.com\/company\/abc-distribution\"]}]}<\/script>\n<!-- \/ Yoast SEO plugin. -->","yoast_head_json":{"title":"Abcosmetique - Plan du site","description":"Consultez le plan du site ABC Distribution pour acc\u00e9der facilement \u00e0 toutes nos pages : Disney, Barbie, Franck Provost, Marvel, Hello Kitty...","robots":{"index":"index","follow":"follow","max-snippet":"max-snippet:-1","max-image-preview":"max-image-preview:large","max-video-preview":"max-video-preview:-1"},"canonical":"https:\/\/abcosmetique.com\/pl\/plan-du-site\/","og_locale":"pl_PL","og_type":"article","og_title":"Abcosmetique - Plan du site","og_description":"Consultez le plan du site ABC Distribution pour acc\u00e9der facilement \u00e0 toutes nos pages : Disney, Barbie, Franck Provost, Marvel, Hello Kitty...","og_url":"https:\/\/abcosmetique.com\/pl\/plan-du-site\/","og_site_name":"Abcosmetique","article_modified_time":"2025-09-12T14:36:54+00:00","twitter_card":"summary_large_image","schema":{"@context":"https:\/\/schema.org","@graph":[{"@type":"WebPage","@id":"https:\/\/abcosmetique.com\/plan-du-site\/","url":"https:\/\/abcosmetique.com\/plan-du-site\/","name":"Abcosmetique - Plan du site","isPartOf":{"@id":"https:\/\/abcosmetique.com\/#website"},"datePublished":"2025-08-07T10:37:05+00:00","dateModified":"2025-09-12T14:36:54+00:00","description":"Consultez le plan du site ABC Distribution pour acc\u00e9der facilement \u00e0 toutes nos pages : Disney, Barbie, Franck Provost, Marvel, Hello Kitty...","breadcrumb":{"@id":"https:\/\/abcosmetique.com\/plan-du-site\/#breadcrumb"},"inLanguage":"pl-PL","potentialAction":[{"@type":"ReadAction","target":["https:\/\/abcosmetique.com\/plan-du-site\/"]}]},{"@type":"BreadcrumbList","@id":"https:\/\/abcosmetique.com\/plan-du-site\/#breadcrumb","itemListElement":[{"@type":"ListItem","position":1,"name":"Accueil","item":"https:\/\/abcosmetique.com\/"},{"@type":"ListItem","position":2,"name":"Plan du site"}]},{"@type":"WebSite","@id":"https:\/\/abcosmetique.com\/#website","url":"https:\/\/abcosmetique.com\/","name":"Abcosmetique","description":"Dzi\u0119ki naszym znanym na ca\u0142ym \u015bwiecie markom, ABC Distribution od ponad 20 lat anga\u017cuje si\u0119 w oferowanie unikalnych us\u0142ug i do\u015bwiadcze\u0144 naszym konsumentom i partnerom. Dzi\u0119ki swojemu do\u015bwiadczeniu w projektowaniu i zarz\u0105dzaniu du\u017cymi zasi\u0119gami, ABC Distribution \u0142\u0105czy swoje logistyczne know-how dostosowane do potrzeb g\u0142\u00f3wnych marek z lokaln\u0105 obs\u0142ug\u0105 naszych si\u0142 sprzeda\u017cy w sklepach.","publisher":{"@id":"https:\/\/abcosmetique.com\/#organization"},"potentialAction":[{"@type":"SearchAction","target":{"@type":"EntryPoint","urlTemplate":"https:\/\/abcosmetique.com\/?s={search_term_string}"},"query-input":{"@type":"PropertyValueSpecification","valueRequired":true,"valueName":"search_term_string"}}],"inLanguage":"pl-PL"},{"@type":"Organization","@id":"https:\/\/abcosmetique.com\/#organization","name":"Abcosmetique","url":"https:\/\/abcosmetique.com\/","logo":{"@type":"ImageObject","inLanguage":"pl-PL","@id":"https:\/\/abcosmetique.com\/#\/schema\/logo\/image\/","url":"https:\/\/abcosmetique.com\/wp-content\/uploads\/2025\/07\/abc-logo.jpg","contentUrl":"https:\/\/abcosmetique.com\/wp-content\/uploads\/2025\/07\/abc-logo.jpg","width":2362,"height":2361,"caption":"Abcosmetique"},"image":{"@id":"https:\/\/abcosmetique.com\/#\/schema\/logo\/image\/"},"sameAs":["https:\/\/fr.linkedin.com\/company\/abc-distribution"]}]}},"_links":{"self":[{"href":"https:\/\/abcosmetique.com\/pl\/wp-json\/wp\/v2\/pages\/4107","targetHints":{"allow":["GET"]}}],"collection":[{"href":"https:\/\/abcosmetique.com\/pl\/wp-json\/wp\/v2\/pages"}],"about":[{"href":"https:\/\/abcosmetique.com\/pl\/wp-json\/wp\/v2\/types\/page"}],"author":[{"embeddable":true,"href":"https:\/\/abcosmetique.com\/pl\/wp-json\/wp\/v2\/users\/1"}],"replies":[{"embeddable":true,"href":"https:\/\/abcosmetique.com\/pl\/wp-json\/wp\/v2\/comments?post=4107"}],"version-history":[{"count":5,"href":"https:\/\/abcosmetique.com\/pl\/wp-json\/wp\/v2\/pages\/4107\/revisions"}],"predecessor-version":[{"id":7464,"href":"https:\/\/abcosmetique.com\/pl\/wp-json\/wp\/v2\/pages\/4107\/revisions\/7464"}],"wp:attachment":[{"href":"https:\/\/abcosmetique.com\/pl\/wp-json\/wp\/v2\/media?parent=4107"}],"curies":[{"name":"wp","href":"https:\/\/api.w.org\/{rel}","templated":true}]}}