{"id":1631,"date":"2025-07-28T11:28:15","date_gmt":"2025-07-28T09:28:15","guid":{"rendered":"http:\/\/abcosmetique.com\/?page_id=1631"},"modified":"2025-09-12T15:53:30","modified_gmt":"2025-09-12T13:53:30","slug":"les-actualites","status":"publish","type":"page","link":"https:\/\/abcosmetique.com\/pt\/les-actualites\/","title":{"rendered":"A not\u00edcia"},"content":{"rendered":"<div data-elementor-type=\"wp-page\" data-elementor-id=\"1631\" class=\"elementor elementor-1631\" data-elementor-post-type=\"page\">\n\t\t\t\t<div class=\"elementor-element elementor-element-75a342b e-flex e-con-boxed e-con e-parent\" data-id=\"75a342b\" data-element_type=\"container\" data-e-type=\"container\" data-settings=\"{&quot;background_background&quot;:&quot;classic&quot;}\">\n\t\t\t\t\t<div class=\"e-con-inner\">\n\t\t\t\t<div class=\"elementor-element elementor-element-fb26645 elementor-widget elementor-widget-spacer\" data-id=\"fb26645\" data-element_type=\"widget\" data-e-type=\"widget\" data-widget_type=\"spacer.default\">\n\t\t\t\t\t\t\t<div class=\"elementor-spacer\">\n\t\t\t<div class=\"elementor-spacer-inner\"><\/div>\n\t\t<\/div>\n\t\t\t\t\t\t<\/div>\n\t\t\t\t<div class=\"elementor-element elementor-element-b735be3 elementor-invisible elementor-widget elementor-widget-heading\" data-id=\"b735be3\" data-element_type=\"widget\" data-e-type=\"widget\" data-settings=\"{&quot;_animation&quot;:&quot;fadeInUp&quot;}\" data-widget_type=\"heading.default\">\n\t\t\t\t\t<h2 class=\"elementor-heading-title elementor-size-default\">NOT\u00cdCIAS<\/h2>\t\t\t\t<\/div>\n\t\t\t\t<div class=\"elementor-element elementor-element-db95578 elementor-widget elementor-widget-spacer\" data-id=\"db95578\" data-element_type=\"widget\" data-e-type=\"widget\" data-widget_type=\"spacer.default\">\n\t\t\t\t\t\t\t<div class=\"elementor-spacer\">\n\t\t\t<div class=\"elementor-spacer-inner\"><\/div>\n\t\t<\/div>\n\t\t\t\t\t\t<\/div>\n\t\t\t\t\t<\/div>\n\t\t\t\t<\/div>\n\t\t<div class=\"elementor-element elementor-element-c20c684 e-flex e-con-boxed e-con e-parent\" data-id=\"c20c684\" data-element_type=\"container\" data-e-type=\"container\">\n\t\t\t\t\t<div class=\"e-con-inner\">\n\t\t\t\t<div class=\"elementor-element elementor-element-3ce9ed2 elementor-widget elementor-widget-spacer\" data-id=\"3ce9ed2\" data-element_type=\"widget\" data-e-type=\"widget\" data-widget_type=\"spacer.default\">\n\t\t\t\t\t\t\t<div class=\"elementor-spacer\">\n\t\t\t<div class=\"elementor-spacer-inner\"><\/div>\n\t\t<\/div>\n\t\t\t\t\t\t<\/div>\n\t\t\t\t<div class=\"elementor-element elementor-element-0ad7bc6 elementor-widget__width-initial elementor-posts--align-left elementor-grid-tablet-3 elementor-grid-3 elementor-grid-mobile-1 elementor-posts--thumbnail-top elementor-posts__hover-gradient elementor-widget elementor-widget-posts\" data-id=\"0ad7bc6\" data-element_type=\"widget\" data-e-type=\"widget\" data-settings=\"{&quot;cards_row_gap&quot;:{&quot;unit&quot;:&quot;px&quot;,&quot;size&quot;:0,&quot;sizes&quot;:[]},&quot;cards_columns_tablet&quot;:&quot;3&quot;,&quot;cards_row_gap_tablet&quot;:{&quot;unit&quot;:&quot;px&quot;,&quot;size&quot;:0,&quot;sizes&quot;:[]},&quot;cards_row_gap_mobile&quot;:{&quot;unit&quot;:&quot;px&quot;,&quot;size&quot;:20,&quot;sizes&quot;:[]},&quot;cards_columns&quot;:&quot;3&quot;,&quot;cards_columns_mobile&quot;:&quot;1&quot;}\" data-widget_type=\"posts.cards\">\n\t\t\t\t<div class=\"elementor-widget-container\">\n\t\t\t\t\t\t\t<div class=\"elementor-posts-container elementor-posts elementor-posts--skin-cards elementor-grid\" role=\"list\">\n\t\t\t\t<article class=\"elementor-post elementor-grid-item post-7966 post type-post status-publish format-standard has-post-thumbnail hentry category-non-classe-fr\" role=\"listitem\">\n\t\t\t<div class=\"elementor-post__card\">\n\t\t\t\t<a class=\"elementor-post__thumbnail__link\" href=\"https:\/\/abcosmetique.com\/pt\/medaille-ecovadis\/\" tabindex=\"-1\" ><div class=\"elementor-post__thumbnail\"><img fetchpriority=\"high\" decoding=\"async\" width=\"300\" height=\"300\" src=\"https:\/\/abcosmetique.com\/wp-content\/uploads\/2025\/09\/medal-300x300.png\" class=\"attachment-medium size-medium wp-image-7941\" alt=\"\" srcset=\"https:\/\/abcosmetique.com\/wp-content\/uploads\/2025\/09\/medal-300x300.png 300w, https:\/\/abcosmetique.com\/wp-content\/uploads\/2025\/09\/medal-1024x1024.png 1024w, https:\/\/abcosmetique.com\/wp-content\/uploads\/2025\/09\/medal-150x150.png 150w, https:\/\/abcosmetique.com\/wp-content\/uploads\/2025\/09\/medal-768x768.png 768w, https:\/\/abcosmetique.com\/wp-content\/uploads\/2025\/09\/medal-12x12.png 12w, https:\/\/abcosmetique.com\/wp-content\/uploads\/2025\/09\/medal.png 1200w\" sizes=\"(max-width: 300px) 100vw, 300px\" \/><\/div><\/a>\n\t\t\t\t<div class=\"elementor-post__text\">\n\t\t\t\t<h3 class=\"elementor-post__title\">\n\t\t\t<a href=\"https:\/\/abcosmetique.com\/pt\/medaille-ecovadis\/\" >\n\t\t\t\tMedalha EcoVadis\t\t\t<\/a>\n\t\t<\/h3>\n\t\t\t\t\t<div class=\"elementor-post__read-more-wrapper\">\n\t\t\n\t\t<a class=\"elementor-post__read-more\" href=\"https:\/\/abcosmetique.com\/pt\/medaille-ecovadis\/\" aria-label=\"Ler mais sobre a Medalha EcoVadis\" tabindex=\"-1\" >\n\t\t\tLer mais &gt;\t\t<\/a>\n\n\t\t\t\t\t<\/div>\n\t\t\t\t<\/div>\n\t\t\t\t<div class=\"elementor-post__meta-data\">\n\t\t\t\t\t<span class=\"elementor-post-date\">\n\t\t\t30 de setembro de 2025\t\t<\/span>\n\t\t\t\t<\/div>\n\t\t\t\t\t<\/div>\n\t\t<\/article>\n\t\t\t\t<article class=\"elementor-post elementor-grid-item post-6115 post type-post status-publish format-standard has-post-thumbnail hentry category-non-classe-fr\" role=\"listitem\">\n\t\t\t<div class=\"elementor-post__card\">\n\t\t\t\t<a class=\"elementor-post__thumbnail__link\" href=\"https:\/\/abcosmetique.com\/pt\/hello-kitty\/\" tabindex=\"-1\" ><div class=\"elementor-post__thumbnail\"><img decoding=\"async\" width=\"240\" height=\"300\" src=\"https:\/\/abcosmetique.com\/wp-content\/uploads\/2025\/07\/gamme-hello-kitty-240x300.png\" class=\"attachment-medium size-medium wp-image-3397\" alt=\"\" srcset=\"https:\/\/abcosmetique.com\/wp-content\/uploads\/2025\/07\/gamme-hello-kitty-240x300.png 240w, https:\/\/abcosmetique.com\/wp-content\/uploads\/2025\/07\/gamme-hello-kitty-819x1024.png 819w, https:\/\/abcosmetique.com\/wp-content\/uploads\/2025\/07\/gamme-hello-kitty-768x960.png 768w, https:\/\/abcosmetique.com\/wp-content\/uploads\/2025\/07\/gamme-hello-kitty-1229x1536.png 1229w, https:\/\/abcosmetique.com\/wp-content\/uploads\/2025\/07\/gamme-hello-kitty-1638x2048.png 1638w, https:\/\/abcosmetique.com\/wp-content\/uploads\/2025\/07\/gamme-hello-kitty.png 2000w\" sizes=\"(max-width: 240px) 100vw, 240px\" \/><\/div><\/a>\n\t\t\t\t<div class=\"elementor-post__text\">\n\t\t\t\t<h3 class=\"elementor-post__title\">\n\t\t\t<a href=\"https:\/\/abcosmetique.com\/pt\/hello-kitty\/\" >\n\t\t\t\tHello Kitty\t\t\t<\/a>\n\t\t<\/h3>\n\t\t\t\t\t<div class=\"elementor-post__read-more-wrapper\">\n\t\t\n\t\t<a class=\"elementor-post__read-more\" href=\"https:\/\/abcosmetique.com\/pt\/hello-kitty\/\" aria-label=\"Ler mais sobre a Hello Kitty\" tabindex=\"-1\" >\n\t\t\tLer mais &gt;\t\t<\/a>\n\n\t\t\t\t\t<\/div>\n\t\t\t\t<\/div>\n\t\t\t\t<div class=\"elementor-post__meta-data\">\n\t\t\t\t\t<span class=\"elementor-post-date\">\n\t\t\t28 de agosto de 2025\t\t<\/span>\n\t\t\t\t<\/div>\n\t\t\t\t\t<\/div>\n\t\t<\/article>\n\t\t\t\t<article class=\"elementor-post elementor-grid-item post-3154 post type-post status-publish format-standard has-post-thumbnail hentry category-non-classe-fr\" role=\"listitem\">\n\t\t\t<div class=\"elementor-post__card\">\n\t\t\t\t<a class=\"elementor-post__thumbnail__link\" href=\"https:\/\/abcosmetique.com\/pt\/partenariat-leo\/\" tabindex=\"-1\" ><div class=\"elementor-post__thumbnail\"><img decoding=\"async\" width=\"300\" height=\"268\" src=\"https:\/\/abcosmetique.com\/wp-content\/uploads\/2025\/08\/1753978408858-300x268.jpeg\" class=\"attachment-medium size-medium wp-image-3157\" alt=\"\" srcset=\"https:\/\/abcosmetique.com\/wp-content\/uploads\/2025\/08\/1753978408858-300x268.jpeg 300w, https:\/\/abcosmetique.com\/wp-content\/uploads\/2025\/08\/1753978408858-1024x915.jpeg 1024w, https:\/\/abcosmetique.com\/wp-content\/uploads\/2025\/08\/1753978408858-768x686.jpeg 768w, https:\/\/abcosmetique.com\/wp-content\/uploads\/2025\/08\/1753978408858-1536x1372.jpeg 1536w, https:\/\/abcosmetique.com\/wp-content\/uploads\/2025\/08\/1753978408858.jpeg 1719w\" sizes=\"(max-width: 300px) 100vw, 300px\" \/><\/div><\/a>\n\t\t\t\t<div class=\"elementor-post__text\">\n\t\t\t\t<h3 class=\"elementor-post__title\">\n\t\t\t<a href=\"https:\/\/abcosmetique.com\/pt\/partenariat-leo\/\" >\n\t\t\t\tParceria L\u00e9o\t\t\t<\/a>\n\t\t<\/h3>\n\t\t\t\t\t<div class=\"elementor-post__read-more-wrapper\">\n\t\t\n\t\t<a class=\"elementor-post__read-more\" href=\"https:\/\/abcosmetique.com\/pt\/partenariat-leo\/\" aria-label=\"Ler mais sobre a parceria L\u00e9o\" tabindex=\"-1\" >\n\t\t\tLer mais &gt;\t\t<\/a>\n\n\t\t\t\t\t<\/div>\n\t\t\t\t<\/div>\n\t\t\t\t<div class=\"elementor-post__meta-data\">\n\t\t\t\t\t<span class=\"elementor-post-date\">\n\t\t\t4 de agosto de 2025\t\t<\/span>\n\t\t\t\t<\/div>\n\t\t\t\t\t<\/div>\n\t\t<\/article>\n\t\t\t\t<\/div>\n\t\t\n\t\t\t\t\t\t<\/div>\n\t\t\t\t<\/div>\n\t\t\t\t<div class=\"elementor-element elementor-element-6434d82 elementor-widget elementor-widget-spacer\" data-id=\"6434d82\" data-element_type=\"widget\" data-e-type=\"widget\" data-widget_type=\"spacer.default\">\n\t\t\t\t\t\t\t<div class=\"elementor-spacer\">\n\t\t\t<div class=\"elementor-spacer-inner\"><\/div>\n\t\t<\/div>\n\t\t\t\t\t\t<\/div>\n\t\t\t\t\t<\/div>\n\t\t\t\t<\/div>\n\t\t\t\t<\/div>","protected":false},"excerpt":{"rendered":"<p>NOT\u00cdCIAS<\/p>","protected":false},"author":1,"featured_media":0,"parent":0,"menu_order":0,"comment_status":"closed","ping_status":"closed","template":"elementor_header_footer","meta":{"footnotes":""},"class_list":["post-1631","page","type-page","status-publish","hentry"],"yoast_head":"<!-- This site is optimized with the Yoast SEO plugin v26.4 - https:\/\/yoast.com\/wordpress\/plugins\/seo\/ -->\n<title>Abcosmetique - Les actualit\u00e9s<\/title>\n<meta name=\"description\" content=\"D\u00e9couvrez toutes les actualit\u00e9s d\u2019ABC Distribution. Restez inform\u00e9 de toutes nos innovations et lancements exclusifs.\" \/>\n<meta name=\"robots\" content=\"index, follow, max-snippet:-1, max-image-preview:large, max-video-preview:-1\" \/>\n<link rel=\"canonical\" href=\"https:\/\/abcosmetique.com\/pt\/les-actualites\/\" \/>\n<meta property=\"og:locale\" content=\"pt_PT\" \/>\n<meta property=\"og:type\" content=\"article\" \/>\n<meta property=\"og:title\" content=\"Abcosmetique - Les actualit\u00e9s\" \/>\n<meta property=\"og:description\" content=\"D\u00e9couvrez toutes les actualit\u00e9s d\u2019ABC Distribution. Restez inform\u00e9 de toutes nos innovations et lancements exclusifs.\" \/>\n<meta property=\"og:url\" content=\"https:\/\/abcosmetique.com\/pt\/les-actualites\/\" \/>\n<meta property=\"og:site_name\" content=\"Abcosmetique\" \/>\n<meta property=\"article:modified_time\" content=\"2025-09-12T13:53:30+00:00\" \/>\n<meta name=\"twitter:card\" content=\"summary_large_image\" \/>\n<meta name=\"twitter:label1\" content=\"Tempo estimado de leitura\" \/>\n\t<meta name=\"twitter:data1\" content=\"1 minuto\" \/>\n<script type=\"application\/ld+json\" class=\"yoast-schema-graph\">{\"@context\":\"https:\/\/schema.org\",\"@graph\":[{\"@type\":\"WebPage\",\"@id\":\"https:\/\/abcosmetique.com\/les-actualites\/\",\"url\":\"https:\/\/abcosmetique.com\/les-actualites\/\",\"name\":\"Abcosmetique - Les actualit\u00e9s\",\"isPartOf\":{\"@id\":\"https:\/\/abcosmetique.com\/#website\"},\"datePublished\":\"2025-07-28T09:28:15+00:00\",\"dateModified\":\"2025-09-12T13:53:30+00:00\",\"description\":\"D\u00e9couvrez toutes les actualit\u00e9s d\u2019ABC Distribution. Restez inform\u00e9 de toutes nos innovations et lancements exclusifs.\",\"breadcrumb\":{\"@id\":\"https:\/\/abcosmetique.com\/les-actualites\/#breadcrumb\"},\"inLanguage\":\"pt-PT\",\"potentialAction\":[{\"@type\":\"ReadAction\",\"target\":[\"https:\/\/abcosmetique.com\/les-actualites\/\"]}]},{\"@type\":\"BreadcrumbList\",\"@id\":\"https:\/\/abcosmetique.com\/les-actualites\/#breadcrumb\",\"itemListElement\":[{\"@type\":\"ListItem\",\"position\":1,\"name\":\"Accueil\",\"item\":\"https:\/\/abcosmetique.com\/\"},{\"@type\":\"ListItem\",\"position\":2,\"name\":\"Les actualit\u00e9s\"}]},{\"@type\":\"WebSite\",\"@id\":\"https:\/\/abcosmetique.com\/#website\",\"url\":\"https:\/\/abcosmetique.com\/\",\"name\":\"Abcosmetique\",\"description\":\"A travers nos marques de renomm\u00e9es internationales, ABC Distribution s&#039;engage depuis plus de 20 ans \u00e0 offrir un service et une exp\u00e9rience uniques \u00e0 nos consommateurs et \u00e0 nos partenaires. Fort de son expertise de la conception et gestion de gammes longues, ABC Distribution allie son savoir-faire logistique adapt\u00e9 aux besoins des grandes enseignes au service de proximit\u00e9 de notre force de vente en magasins.\",\"publisher\":{\"@id\":\"https:\/\/abcosmetique.com\/#organization\"},\"potentialAction\":[{\"@type\":\"SearchAction\",\"target\":{\"@type\":\"EntryPoint\",\"urlTemplate\":\"https:\/\/abcosmetique.com\/?s={search_term_string}\"},\"query-input\":{\"@type\":\"PropertyValueSpecification\",\"valueRequired\":true,\"valueName\":\"search_term_string\"}}],\"inLanguage\":\"pt-PT\"},{\"@type\":\"Organization\",\"@id\":\"https:\/\/abcosmetique.com\/#organization\",\"name\":\"Abcosmetique\",\"url\":\"https:\/\/abcosmetique.com\/\",\"logo\":{\"@type\":\"ImageObject\",\"inLanguage\":\"pt-PT\",\"@id\":\"https:\/\/abcosmetique.com\/#\/schema\/logo\/image\/\",\"url\":\"https:\/\/abcosmetique.com\/wp-content\/uploads\/2025\/07\/abc-logo.jpg\",\"contentUrl\":\"https:\/\/abcosmetique.com\/wp-content\/uploads\/2025\/07\/abc-logo.jpg\",\"width\":2362,\"height\":2361,\"caption\":\"Abcosmetique\"},\"image\":{\"@id\":\"https:\/\/abcosmetique.com\/#\/schema\/logo\/image\/\"},\"sameAs\":[\"https:\/\/fr.linkedin.com\/company\/abc-distribution\"]}]}<\/script>\n<!-- \/ Yoast SEO plugin. -->","yoast_head_json":{"title":"Abcosmetique - Not\u00edcias","description":"Descubra as \u00faltimas novidades da ABC Distribution. Mantenha-se a par de todas as nossas inova\u00e7\u00f5es e lan\u00e7amentos exclusivos.","robots":{"index":"index","follow":"follow","max-snippet":"max-snippet:-1","max-image-preview":"max-image-preview:large","max-video-preview":"max-video-preview:-1"},"canonical":"https:\/\/abcosmetique.com\/pt\/les-actualites\/","og_locale":"pt_PT","og_type":"article","og_title":"Abcosmetique - Les actualit\u00e9s","og_description":"D\u00e9couvrez toutes les actualit\u00e9s d\u2019ABC Distribution. Restez inform\u00e9 de toutes nos innovations et lancements exclusifs.","og_url":"https:\/\/abcosmetique.com\/pt\/les-actualites\/","og_site_name":"Abcosmetique","article_modified_time":"2025-09-12T13:53:30+00:00","twitter_card":"summary_large_image","twitter_misc":{"Tempo estimado de leitura":"1 minuto"},"schema":{"@context":"https:\/\/schema.org","@graph":[{"@type":"WebPage","@id":"https:\/\/abcosmetique.com\/les-actualites\/","url":"https:\/\/abcosmetique.com\/les-actualites\/","name":"Abcosmetique - Not\u00edcias","isPartOf":{"@id":"https:\/\/abcosmetique.com\/#website"},"datePublished":"2025-07-28T09:28:15+00:00","dateModified":"2025-09-12T13:53:30+00:00","description":"Descubra as \u00faltimas novidades da ABC Distribution. Mantenha-se a par de todas as nossas inova\u00e7\u00f5es e lan\u00e7amentos exclusivos.","breadcrumb":{"@id":"https:\/\/abcosmetique.com\/les-actualites\/#breadcrumb"},"inLanguage":"pt-PT","potentialAction":[{"@type":"ReadAction","target":["https:\/\/abcosmetique.com\/les-actualites\/"]}]},{"@type":"BreadcrumbList","@id":"https:\/\/abcosmetique.com\/les-actualites\/#breadcrumb","itemListElement":[{"@type":"ListItem","position":1,"name":"Accueil","item":"https:\/\/abcosmetique.com\/"},{"@type":"ListItem","position":2,"name":"Les actualit\u00e9s"}]},{"@type":"WebSite","@id":"https:\/\/abcosmetique.com\/#website","url":"https:\/\/abcosmetique.com\/","name":"Abcosmetique","description":"Atrav\u00e9s das suas marcas de renome internacional, a ABC Distribution compromete-se, h\u00e1 mais de 20 anos, a oferecer um servi\u00e7o e uma experi\u00eancia \u00fanicos aos seus consumidores e parceiros. Com a sua experi\u00eancia na conce\u00e7\u00e3o e gest\u00e3o de grandes gamas, a ABC Distribution combina o seu know-how log\u00edstico adaptado \u00e0s necessidades das grandes marcas com o servi\u00e7o local da nossa for\u00e7a de vendas em loja.","publisher":{"@id":"https:\/\/abcosmetique.com\/#organization"},"potentialAction":[{"@type":"SearchAction","target":{"@type":"EntryPoint","urlTemplate":"https:\/\/abcosmetique.com\/?s={search_term_string}"},"query-input":{"@type":"PropertyValueSpecification","valueRequired":true,"valueName":"search_term_string"}}],"inLanguage":"pt-PT"},{"@type":"Organization","@id":"https:\/\/abcosmetique.com\/#organization","name":"Abcosmetique","url":"https:\/\/abcosmetique.com\/","logo":{"@type":"ImageObject","inLanguage":"pt-PT","@id":"https:\/\/abcosmetique.com\/#\/schema\/logo\/image\/","url":"https:\/\/abcosmetique.com\/wp-content\/uploads\/2025\/07\/abc-logo.jpg","contentUrl":"https:\/\/abcosmetique.com\/wp-content\/uploads\/2025\/07\/abc-logo.jpg","width":2362,"height":2361,"caption":"Abcosmetique"},"image":{"@id":"https:\/\/abcosmetique.com\/#\/schema\/logo\/image\/"},"sameAs":["https:\/\/fr.linkedin.com\/company\/abc-distribution"]}]}},"_links":{"self":[{"href":"https:\/\/abcosmetique.com\/pt\/wp-json\/wp\/v2\/pages\/1631","targetHints":{"allow":["GET"]}}],"collection":[{"href":"https:\/\/abcosmetique.com\/pt\/wp-json\/wp\/v2\/pages"}],"about":[{"href":"https:\/\/abcosmetique.com\/pt\/wp-json\/wp\/v2\/types\/page"}],"author":[{"embeddable":true,"href":"https:\/\/abcosmetique.com\/pt\/wp-json\/wp\/v2\/users\/1"}],"replies":[{"embeddable":true,"href":"https:\/\/abcosmetique.com\/pt\/wp-json\/wp\/v2\/comments?post=1631"}],"version-history":[{"count":31,"href":"https:\/\/abcosmetique.com\/pt\/wp-json\/wp\/v2\/pages\/1631\/revisions"}],"predecessor-version":[{"id":7173,"href":"https:\/\/abcosmetique.com\/pt\/wp-json\/wp\/v2\/pages\/1631\/revisions\/7173"}],"wp:attachment":[{"href":"https:\/\/abcosmetique.com\/pt\/wp-json\/wp\/v2\/media?parent=1631"}],"curies":[{"name":"wp","href":"https:\/\/api.w.org\/{rel}","templated":true}]}}